{"id":1039,"date":"2025-12-04T12:32:55","date_gmt":"2025-12-04T12:32:55","guid":{"rendered":"https:\/\/alloggibarbaria.it\/?page_id=1039"},"modified":"2025-12-04T16:41:21","modified_gmt":"2025-12-04T16:41:21","slug":"entdecke-alloggi-barbaria-venedig","status":"publish","type":"page","link":"https:\/\/alloggibarbaria.it\/de\/entdecke-alloggi-barbaria-venedig\/","title":{"rendered":"Alles, was du \u00fcber deinen Aufenthalt im Alloggi Barbaria Venedig wissen musst"},"content":{"rendered":"\n<h2 class=\"wp-block-heading\">Willkommen im Alloggi Barbaria Venedig<\/h2>\n\n\n\n<p>Alloggi Barbaria ist ein kleines, <strong>familiengef\u00fchrtes Hotel<\/strong> im authentischen Herzen des Stadtteils Castello.<br>Wir begr\u00fc\u00dfen dich mit Einfachheit, Freundlichkeit und einer entspannten Atmosph\u00e4re \u2013 perfekt, um Venedig ganz in Ruhe zu erleben.<\/p>\n\n\n\n<p>Auf dieser Seite findest du <strong>alle wichtigen Informationen<\/strong>, um deinen Aufenthalt zu planen: unsere ruhige Lage, wie du uns erreichst, die Terrasse zum Fr\u00fchst\u00fcck, die N\u00e4he zu den Inseln und vieles mehr.<\/p>\n\n\n<div id=\"rank-math-faq\" class=\"rank-math-block\">\n<div class=\"rank-math-list \">\n<div id=\"faq-question-1764861070071\" class=\"rank-math-list-item\">\n<h3 class=\"rank-math-question \">Warum Alloggi Barbaria w\u00e4hlen?<\/h3>\n<div class=\"rank-math-answer \">\n\n<p>Wenn du ein einfaches, ruhiges und herzliches Hotel suchst, bist du hier genau richtig.<br \/>Erfahre, was uns besonders macht und warum viele G\u00e4ste immer wieder zu uns zur\u00fcckkehren.<\/p>\n<p><a href=\"https:\/\/alloggibarbaria.it\/de\/erfahre-wie-du-alloggi-barbaria\/\" data-type=\"page\" data-id=\"968\">Warum Alloggi Barbaria? &gt;&gt;<\/a><\/p>\n\n<\/div>\n<\/div>\n<div id=\"faq-question-1764861124886\" class=\"rank-math-list-item\">\n<h3 class=\"rank-math-question \">Eine ruhige Oase im Stadtteil Castello<\/h3>\n<div class=\"rank-math-answer \">\n\n<p>Wir liegen in einer friedlichen Gegend, fern vom gro\u00dfen Trubel, aber nah an allem, was du brauchst.<br \/>Der perfekte Ort, um nach einem Tag voller Entdeckungen zu entspannen.<\/p>\n<p><a href=\"https:\/\/alloggibarbaria.it\/de\/ruhiges-hotel-in-venedig\/\" data-type=\"page\" data-id=\"893\">Ruhiges Hotel in Venedig &gt;&gt;<\/a><\/p>\n\n<\/div>\n<\/div>\n<div id=\"faq-question-1764863607670\" class=\"rank-math-list-item\">\n<h3 class=\"rank-math-question \">Der ideale Ausgangspunkt f\u00fcr Murano, Burano und Torcello<\/h3>\n<div class=\"rank-math-answer \">\n\n<p>Nur wenige Minuten von Fondamente Nove entfernt ist unser Hotel einer der besten Orte, um die Inseln der n\u00f6rdlichen Lagune zu erkunden.<\/p>\n<p><a href=\"https:\/\/alloggibarbaria.it\/de\/murano-burano-torcello\/\" data-type=\"page\" data-id=\"908\">Ideal f\u00fcr Inselbesuche &gt;&gt;<\/a><\/p>\n\n<\/div>\n<\/div>\n<div id=\"faq-question-1764863660996\" class=\"rank-math-list-item\">\n<h3 class=\"rank-math-question \">Authentische Gastfreundschaft &amp; famili\u00e4re Leitung<\/h3>\n<div class=\"rank-math-answer \">\n\n<p>Alloggi Barbaria ist vor allem <strong>ein Zuhause<\/strong>.<br \/>Fausto ist jeden Tag da, um dir zu helfen, Tipps zu geben und deinen Aufenthalt angenehmer zu machen.<\/p>\n<p><a href=\"https:\/\/alloggibarbaria.it\/de\/familiengefuhrtes-hotel\/\" data-type=\"page\" data-id=\"923\">Familiengef\u00fchrtes Hotel &gt;&gt;<\/a><\/p>\n\n<\/div>\n<\/div>\n<div id=\"faq-question-1764863702927\" class=\"rank-math-list-item\">\n<h3 class=\"rank-math-question \">Haustierfreundliches Hotel in Venedig<\/h3>\n<div class=\"rank-math-answer \">\n\n<p>Wir hei\u00dfen Hunde und kleine Haustiere gerne willkommen.<br \/>Die Gegend eignet sich perfekt f\u00fcr ruhige Spazierg\u00e4nge mit deinem tierischen Begleiter.<\/p>\n<p><a href=\"https:\/\/alloggibarbaria.it\/de\/haustierfreundliches-hotel\/\" data-type=\"page\" data-id=\"938\">Haustierfreundlich reisen &gt;&gt;<\/a><\/p>\n\n<\/div>\n<\/div>\n<div id=\"faq-question-1764863801814\" class=\"rank-math-list-item\">\n<h3 class=\"rank-math-question \">Fr\u00fchst\u00fcck mit Aussicht auf der Terrasse<\/h3>\n<div class=\"rank-math-answer \">\n\n<p>In der warmen Jahreszeit kannst du dein Fr\u00fchst\u00fcck drau\u00dfen genie\u00dfen \u2013 auf unserer hellen Terrasse mit Blick \u00fcber die D\u00e4cher Venedigs.<br \/>Ein entspannter, sonniger Moment, den viele G\u00e4ste besonders sch\u00e4tzen.<\/p>\n<p><a href=\"https:\/\/alloggibarbaria.it\/de\/fruhstuck\/\" data-type=\"page\" data-id=\"953\">Fr\u00fchst\u00fcck auf der Terrasse &gt;&gt;<\/a><\/p>\n\n<\/div>\n<\/div>\n<div id=\"faq-question-1764863852910\" class=\"rank-math-list-item\">\n<h3 class=\"rank-math-question \">So erreichst du uns ganz einfach<\/h3>\n<div class=\"rank-math-answer \">\n\n<p>Ob du mit dem Flugzeug, Zug oder Bus anreist \u2013 der Weg zu uns ist unkompliziert.<br \/>Wir befinden uns in der N\u00e4he der Haltestellen <strong>\u201eOspedale\u201c<\/strong> und <strong>\u201eFondamente Nove\u201c<\/strong>, zwei der am besten angebundenen in der Stadt.<\/p>\n<p><a href=\"https:\/\/alloggibarbaria.it\/de\/erfahre-wie-du-alloggi-barbaria\/\" data-type=\"page\" data-id=\"968\">Anreise leicht gemacht &gt;&gt;<\/a><\/p>\n\n<\/div>\n<\/div>\n<div id=\"faq-question-1764864075643\" class=\"rank-math-list-item\">\n<h3 class=\"rank-math-question \">H\u00e4ufig gestellte Fragen<\/h3>\n<div class=\"rank-math-answer \">\n\n<p>Finde hier die wichtigsten Antworten zu Aufenthalt, Anreise, Fr\u00fchst\u00fcck, Haustieren und vielem mehr.<\/p>\n<p><a href=\"https:\/\/alloggibarbaria.it\/de\/faq\/\" data-type=\"page\" data-id=\"539\">FAQ &gt;&gt;<\/a><\/p>\n\n<\/div>\n<\/div>\n<\/div>\n<\/div>\n\n\n<h3 class=\"wp-block-heading\">Wir sind immer f\u00fcr dich da<\/h3>\n\n\n\n<p>Wir helfen dir gerne bei Fragen, geben pers\u00f6nliche Empfehlungen und sorgen daf\u00fcr, dass du Venedig ganz entspannt und authentisch genie\u00dfen kannst.<br>Alloggi Barbaria ist nicht nur ein Hotel \u2013 es ist ein Ort, an dem du dich wirklich willkommen f\u00fchlst.<\/p>\n","protected":false},"excerpt":{"rendered":"<p>Willkommen im Alloggi Barbaria Venedig Alloggi Barbaria ist ein kleines, familiengef\u00fchrtes Hotel im authentischen Herzen des Stadtteils Castello.Wir begr\u00fc\u00dfen dich mit Einfachheit, Freundlichkeit und einer entspannten Atmosph\u00e4re \u2013 perfekt, um Venedig ganz in Ruhe zu erleben. Auf dieser Seite findest du alle wichtigen Informationen, um deinen Aufenthalt zu planen: unsere ruhige Lage, wie du uns [&hellip;]<\/p>\n","protected":false},"author":1,"featured_media":1037,"parent":0,"menu_order":0,"comment_status":"closed","ping_status":"closed","template":"","meta":{"_acf_changed":false,"footnotes":""},"class_list":["post-1039","page","type-page","status-publish","has-post-thumbnail","hentry"],"acf":[],"_links":{"self":[{"href":"https:\/\/alloggibarbaria.it\/de\/wp-json\/wp\/v2\/pages\/1039","targetHints":{"allow":["GET"]}}],"collection":[{"href":"https:\/\/alloggibarbaria.it\/de\/wp-json\/wp\/v2\/pages"}],"about":[{"href":"https:\/\/alloggibarbaria.it\/de\/wp-json\/wp\/v2\/types\/page"}],"author":[{"embeddable":true,"href":"https:\/\/alloggibarbaria.it\/de\/wp-json\/wp\/v2\/users\/1"}],"replies":[{"embeddable":true,"href":"https:\/\/alloggibarbaria.it\/de\/wp-json\/wp\/v2\/comments?post=1039"}],"version-history":[{"count":1,"href":"https:\/\/alloggibarbaria.it\/de\/wp-json\/wp\/v2\/pages\/1039\/revisions"}],"predecessor-version":[{"id":1040,"href":"https:\/\/alloggibarbaria.it\/de\/wp-json\/wp\/v2\/pages\/1039\/revisions\/1040"}],"wp:featuredmedia":[{"embeddable":true,"href":"https:\/\/alloggibarbaria.it\/de\/wp-json\/wp\/v2\/media\/1037"}],"wp:attachment":[{"href":"https:\/\/alloggibarbaria.it\/de\/wp-json\/wp\/v2\/media?parent=1039"}],"curies":[{"name":"wp","href":"https:\/\/api.w.org\/{rel}","templated":true}]}}