{"id":528,"date":"2023-10-23T09:33:41","date_gmt":"2023-10-23T09:33:41","guid":{"rendered":"https:\/\/staging.alloggibarbaria.it\/about\/"},"modified":"2025-12-04T16:43:08","modified_gmt":"2025-12-04T16:43:08","slug":"uber-uns","status":"publish","type":"page","link":"https:\/\/alloggibarbaria.it\/de\/uber-uns\/","title":{"rendered":"Uber Uns"},"content":{"rendered":"\n<p><strong>Die Familie Maroder<\/strong>, die Besitzer des Alloggi Barbaria, haben ihr ganzes Leben in Venedig verbracht.<br>Nachdem sie im Laufe der Jahre viele Hotels in Venedig betrieben hatten, beschlossen sie im August 2002, das Alloggi Barbaria zu er\u00f6ffnen.<\/p>\n\n\n\n<p><strong>Fausto<\/strong>, der Besitzer, ist seit der Er\u00f6ffnung im Jahr 2002 hier.<br>Fausto spricht viele Sprachen, darunter <strong>Englisch, Spanisch, Franz\u00f6sisch, Deutsch, Portugiesisch<\/strong> und nat\u00fcrlich Italienisch. Er verf\u00fcgt \u00fcber ein umfangreiches Wissen \u00fcber Venedig, einschlie\u00dflich aller Touristenattraktionen, Restaurants und mehr. Er hilft Ihnen gerne bei der Reservierung und der Planung Ihres Sightseeing-Tages in Venedig.<br><strong>Fausto<\/strong> ist jeden Morgen im Hotel anzutreffen und ist Ihr Hauptansprechpartner, wenn Sie mit dem Hotel per E-Mail kommunizieren.<\/p>\n\n\n\n<h3 class=\"wp-block-heading\">Planen Sie Ihre Reise nach Venedig?<\/h3>\n\n\n\n<p>Wir haben einen einfachen und \u00fcbersichtlichen Leitfaden erstellt, der alle wichtigen Informationen \u00fcber Alloggi Barbaria sammelt: unsere ruhige Lage, wie Sie uns erreichen, das Fr\u00fchst\u00fcck auf der Terrasse, die N\u00e4he zu den Inseln und vieles mehr.<\/p>\n\n\n\n<p>\ud83d\udc49 <em><a href=\"https:\/\/alloggibarbaria.it\/de\/entdecke-alloggi-barbaria-venedig\/\" data-type=\"link\" data-id=\"https:\/\/alloggibarbaria.it\/de\/entdecke-alloggi-barbaria-venedig\/\">Lesen Sie unseren umfassenden Leitfaden f\u00fcr Ihren Aufenthalt<\/a><\/em><\/p>\n","protected":false},"excerpt":{"rendered":"<p>Die Familie Maroder, die Besitzer des Alloggi Barbaria, haben ihr ganzes Leben in Venedig verbracht.Nachdem sie im Laufe der Jahre viele Hotels in Venedig betrieben hatten, beschlossen sie im August 2002, das Alloggi Barbaria zu er\u00f6ffnen. Fausto, der Besitzer, ist seit der Er\u00f6ffnung im Jahr 2002 hier.Fausto spricht viele Sprachen, darunter Englisch, Spanisch, Franz\u00f6sisch, Deutsch, [&hellip;]<\/p>\n","protected":false},"author":1,"featured_media":332,"parent":0,"menu_order":0,"comment_status":"closed","ping_status":"closed","template":"","meta":{"_acf_changed":false,"footnotes":""},"class_list":["post-528","page","type-page","status-publish","has-post-thumbnail","hentry"],"acf":[],"_links":{"self":[{"href":"https:\/\/alloggibarbaria.it\/de\/wp-json\/wp\/v2\/pages\/528","targetHints":{"allow":["GET"]}}],"collection":[{"href":"https:\/\/alloggibarbaria.it\/de\/wp-json\/wp\/v2\/pages"}],"about":[{"href":"https:\/\/alloggibarbaria.it\/de\/wp-json\/wp\/v2\/types\/page"}],"author":[{"embeddable":true,"href":"https:\/\/alloggibarbaria.it\/de\/wp-json\/wp\/v2\/users\/1"}],"replies":[{"embeddable":true,"href":"https:\/\/alloggibarbaria.it\/de\/wp-json\/wp\/v2\/comments?post=528"}],"version-history":[{"count":3,"href":"https:\/\/alloggibarbaria.it\/de\/wp-json\/wp\/v2\/pages\/528\/revisions"}],"predecessor-version":[{"id":1052,"href":"https:\/\/alloggibarbaria.it\/de\/wp-json\/wp\/v2\/pages\/528\/revisions\/1052"}],"wp:featuredmedia":[{"embeddable":true,"href":"https:\/\/alloggibarbaria.it\/de\/wp-json\/wp\/v2\/media\/332"}],"wp:attachment":[{"href":"https:\/\/alloggibarbaria.it\/de\/wp-json\/wp\/v2\/media?parent=528"}],"curies":[{"name":"wp","href":"https:\/\/api.w.org\/{rel}","templated":true}]}}