{"id":531,"date":"2023-11-03T07:57:04","date_gmt":"2023-11-03T07:57:04","guid":{"rendered":"https:\/\/staging.alloggibarbaria.it\/contacts\/"},"modified":"2024-01-17T07:33:11","modified_gmt":"2024-01-17T07:33:11","slug":"kontakte","status":"publish","type":"page","link":"https:\/\/alloggibarbaria.it\/de\/kontakte\/","title":{"rendered":"Kontakte"},"content":{"rendered":"\n<div class=\"wp-block-columns is-layout-flex wp-container-core-columns-is-layout-9d6595d7 wp-block-columns-is-layout-flex\">\n<div class=\"wp-block-column is-layout-flow wp-block-column-is-layout-flow\">\n<h3 class=\"wp-block-heading\">Hotel Alloggi Barbaria<\/h3>\n\n\n\n<p>Calle de le Capucine<br>Castello 6573<br>Venezia 30122<br><a href=\"https:\/\/alloggibarbaria.it\/de\/how-to-arrive\/\">Siehe Karte<\/a><\/p>\n<\/div>\n\n\n\n<div class=\"wp-block-column is-layout-flow wp-block-column-is-layout-flow\">\n<h3 class=\"wp-block-heading\">Fahrplan<\/h3>\n\n\n\n<p><strong>Eincheckzeit:<\/strong>&nbsp;f\u00fcr alle Zimmer ist 13:00 Uhr<br><strong>Auschecken:&nbsp;<\/strong>10:30 Uhr<br><strong>Fr\u00fchst\u00fcck: <\/strong>07:00-10:00 UhrEincheckzeit:&nbsp;f\u00fcr alle <\/p>\n\n\n\n<p><\/p>\n\n\n\n<p><\/p>\n<\/div>\n<\/div>\n\n\n\n<div class=\"wp-block-columns is-layout-flex wp-container-core-columns-is-layout-9d6595d7 wp-block-columns-is-layout-flex\">\n<div class=\"wp-block-column is-layout-flow wp-block-column-is-layout-flow\">\n<p><strong>Die Kurtaxe ist nicht im Zimmerpreis enthalten.<\/strong><\/p>\n\n\n\n<p>Hochsaison 2 \u20ac pro Person und Nacht<br>Kostenlos f\u00fcr Kinder bis zu 9 Jahren.<br>50% Rabatt f\u00fcr Kinder von 10 bis 15 Jahren.<\/p>\n<\/div>\n<\/div>\n","protected":false},"excerpt":{"rendered":"<p>Hotel Alloggi Barbaria Calle de le CapucineCastello 6573Venezia 30122Siehe Karte Fahrplan Eincheckzeit:&nbsp;f\u00fcr alle Zimmer ist 13:00 UhrAuschecken:&nbsp;10:30 UhrFr\u00fchst\u00fcck: 07:00-10:00 UhrEincheckzeit:&nbsp;f\u00fcr alle Die Kurtaxe ist nicht im Zimmerpreis enthalten. Hochsaison 2 \u20ac pro Person und NachtKostenlos f\u00fcr Kinder bis zu 9 Jahren.50% Rabatt f\u00fcr Kinder von 10 bis 15 Jahren.<\/p>\n","protected":false},"author":1,"featured_media":761,"parent":0,"menu_order":0,"comment_status":"closed","ping_status":"closed","template":"templates\/contatti.php","meta":{"_acf_changed":false,"footnotes":""},"class_list":["post-531","page","type-page","status-publish","has-post-thumbnail","hentry"],"acf":[],"_links":{"self":[{"href":"https:\/\/alloggibarbaria.it\/de\/wp-json\/wp\/v2\/pages\/531","targetHints":{"allow":["GET"]}}],"collection":[{"href":"https:\/\/alloggibarbaria.it\/de\/wp-json\/wp\/v2\/pages"}],"about":[{"href":"https:\/\/alloggibarbaria.it\/de\/wp-json\/wp\/v2\/types\/page"}],"author":[{"embeddable":true,"href":"https:\/\/alloggibarbaria.it\/de\/wp-json\/wp\/v2\/users\/1"}],"replies":[{"embeddable":true,"href":"https:\/\/alloggibarbaria.it\/de\/wp-json\/wp\/v2\/comments?post=531"}],"version-history":[{"count":3,"href":"https:\/\/alloggibarbaria.it\/de\/wp-json\/wp\/v2\/pages\/531\/revisions"}],"predecessor-version":[{"id":765,"href":"https:\/\/alloggibarbaria.it\/de\/wp-json\/wp\/v2\/pages\/531\/revisions\/765"}],"wp:featuredmedia":[{"embeddable":true,"href":"https:\/\/alloggibarbaria.it\/de\/wp-json\/wp\/v2\/media\/761"}],"wp:attachment":[{"href":"https:\/\/alloggibarbaria.it\/de\/wp-json\/wp\/v2\/media?parent=531"}],"curies":[{"name":"wp","href":"https:\/\/api.w.org\/{rel}","templated":true}]}}