{"id":535,"date":"2024-01-11T17:49:25","date_gmt":"2024-01-11T17:49:25","guid":{"rendered":"https:\/\/staging.alloggibarbaria.it\/cookies-policy\/"},"modified":"2024-01-11T18:00:59","modified_gmt":"2024-01-11T18:00:59","slug":"cookies-policy","status":"publish","type":"page","link":"https:\/\/alloggibarbaria.it\/de\/cookies-policy\/","title":{"rendered":"Cookies-Politik"},"content":{"rendered":"\n<p><strong>Vorschriften \u00fcber die Verwendung von Cookies<\/strong><\/p>\n\n\n\n<p>Mit dem Zugriff auf die Website und der Nutzung ihrer Dienste erkl\u00e4ren Sie sich mit den in unserer Datenschutzerkl\u00e4rung (und damit auch mit der Datenschutzrichtlinie und der Cookie-Richtlinie) dargelegten Bestimmungen und Bedingungen einverstanden. Bitte lesen Sie diese sorgf\u00e4ltig durch.<br>Wir freuen uns, dass Sie sich entschlossen haben, uns zu besuchen. Wir m\u00f6chten, dass Sie auf unserer Website die bestm\u00f6gliche Erfahrung machen, und deshalb haben wir diese Cookie-Richtlinie so transparent wie m\u00f6glich gestaltet.Mit dem Zugriff auf die Website und der Nutzung ihrer Dienste erkl\u00e4ren Sie sich mit den in unserer Datenschutzerkl\u00e4rung (und damit auch mit der Datenschutzrichtlinie und der Cookie-Richtlinie) dargelegten Bestimmungen und Bedingungen einverstanden. Bitte lesen Sie diese sorgf\u00e4ltig durch.<\/p>\n\n\n\n<p><strong>Was ist ein Cookie?<\/strong><\/p>\n\n\n\n<p>Cookies sind Dateien, die kleine Mengen von Informationen enthalten, die auf das Ger\u00e4t des Benutzers heruntergeladen werden und verwendet werden, wenn Sie eine Website besuchen. Ihr Hauptzweck ist es, den Benutzer zu erkennen, jedes Mal, wenn Sie in unserer Website zugreifen und erm\u00f6glicht es uns, die Qualit\u00e4t und Benutzerfreundlichkeit unserer Website zu verbessern.\u00a0Cookies sind wichtig f\u00fcr die Internet-Arbeit; Sie k\u00f6nnen nicht schaden Ihrem Computer \/ Ger\u00e4t, wenn sie in Ihrem Browser-Einstellungen aktiviert sind, helfen uns zu identifizieren und zu l\u00f6sen m\u00f6gliche St\u00f6rungen in unserer Website.<\/p>\n\n\n\n<p><strong>Arten von Cookies<\/strong><\/p>\n\n\n\n<p>Es gibt verschiedene Arten von Cookies. Sie funktionieren alle auf die gleiche Weise, haben aber kleine Unterschiede:<\/p>\n\n\n\n<ul class=\"wp-block-list\">\n<li><strong>Session Cookies<\/strong>. Session-Cookies bleiben nur f\u00fcr die Dauer Ihres Besuchs bestehen und werden gel\u00f6scht, wenn Sie Ihren Browser schlie\u00dfen. Ihr Hauptzweck besteht darin, die Art des Ger\u00e4ts, die Sicherheitsunterst\u00fctzung der Website oder ihre Grundfunktionen zu identifizieren. Sie enthalten keine pers\u00f6nlichen Informationen, die es uns erm\u00f6glichen, eine Person zu identifizieren.<\/li>\n\n\n\n<li><strong>Persistente oder permanente Cookies<\/strong>\u00a0werden auf der Festplatte des Ger\u00e4ts gespeichert und lesen unsere Website jedes Mal, wenn Sie in unserer Website besuchen; hat ein festes Ablaufdatum, das erf\u00fcllt das Cookie nicht mehr funktioniert. Wir k\u00f6nnen Ihre Aktionen und Vorlieben identifizieren; analysieren Besuche und helfen uns zu verstehen, wie Benutzer auf unsere Website kommen und unsere Dienstleistungen zu verbessern.<\/li>\n\n\n\n<li><strong>Cookies Feature:<\/strong>\u00a0Erlauben in unserer Website erinnern Entscheidungen durch den Benutzer getroffen, oder als Ihre Login-ID. Die Informationen, die diese Cookies sammeln, sind anonymisiert (enthalten weder Ihren Namen, Ihre Adresse oder andere Daten).<\/li>\n\n\n\n<li><strong>Drittanbieter-Cookies<\/strong>. Cookies von Drittanbietern sind Cookies, die eine Website installiert, die nicht diejenige ist, die Sie besuchen; zum Beispiel von sozialen Netzwerken (wie Facebook) oder externen Plugins (wie Google Maps) verwendet. Dar\u00fcber hinaus verwenden einige Werbefirmen diese Art von Dateien, um Ihre Besuche auf jeder beworbenen Website zu verfolgen.<\/li>\n\n\n\n<li><strong>Analytics Cookies<\/strong>\u00a0sind Cookies, die dazu bestimmt sind, die regelm\u00e4\u00dfige Wartung und die beste Leistung und den besten Kundenservice zu gew\u00e4hrleisten; sie sammeln Daten \u00fcber Ihre Aktivit\u00e4ten.<\/li>\n\n\n\n<li><strong>Andere Cookies von Drittanbietern<\/strong>: Die Website verwendet auch Verbindungen mit sozialen Netzwerken (Facebook, Twitter, Linkedin, YouTube, Pinterest usw.), die Cookies verwenden, die Benutzerinformationen speichern. Diese Cookies werden nicht von dieser Website kontrolliert. F\u00fcr weitere Informationen \u00fcber Cookies sozialer Netzwerke empfehlen wir Ihnen, ihre eigene Cookie-Politik zu \u00fcberpr\u00fcfen.<\/li>\n<\/ul>\n\n\n\n<p><strong>Verwendung von Cookies auf unserer Website<\/strong><\/p>\n\n\n\n<p>Durch den Zugriff auf unsere Website erkl\u00e4ren Sie sich ausdr\u00fccklich damit einverstanden, dass wir solche Cookies auf Ihren Ger\u00e4ten verwenden d\u00fcrfen. Wenn Sie Cookies deaktivieren, kann es sein, dass Ihre Navigation nicht optimal ist und einige der verf\u00fcgbaren Hilfsmittel nicht richtig funktionieren.<\/p>\n\n\n\n<p><strong>a) Cookies von Dritten. Google Analytics Cookies<\/strong><\/p>\n\n\n\n<p>Die Website benutzt den Dienst Google Analytics, der von der Google Inc. mit Sitz in 1600 Amphitheatre Parkway, Mountain View (California), CA 94043, USA (&#8222;Google&#8220;) bereitgestellt wird.<br>Google Analytics verwendet Cookies, um zu analysieren, wie die Nutzer die Website verwenden. Die durch den Cookie erzeugten Informationen \u00fcber Ihre Benutzung dieser Website (einschlie\u00dflich Ihrer IP-Adresse) werden an einen Server von Google in den Vereinigten Staaten \u00fcbertragen und dort gespeichert. Google wird diese Informationen in unserem Auftrag nutzen, um Ihre Nutzung der Website nachzuverfolgen, Berichte \u00fcber die Website-Aktivit\u00e4ten zu erstellen und andere Dienstleistungen im Zusammenhang mit der Website-Aktivit\u00e4t und Internetnutzung zu erbringen. Auch wird Google diese Informationen gegebenenfalls an Dritte \u00fcbertragen, sofern dies gesetzlich vorgeschrieben oder soweit Dritte diese Daten im Auftrag von Google verarbeiten. Google wird in keinem Fall Ihre IP-Adresse mit anderen Daten von Google in Verbindung bringen.<br>Wenn Sie m\u00f6chten, k\u00f6nnen Sie die Verarbeitung der Daten oder Informationen ablehnen, indem Sie die Verwendung von Cookies durch die entsprechenden Einstellungen in Ihrem Browser ablehnen. In diesem Fall k\u00f6nnen Sie jedoch m\u00f6glicherweise nicht die volle Funktionalit\u00e4t dieser Website nutzen. Durch die Nutzung dieser Website erkl\u00e4ren Sie sich mit der Bearbeitung der \u00fcber Sie erhobenen Daten durch Google in der zuvor beschriebenen Art und Weise und zu dem zuvor benannten Zweck einverstanden.\u00a0Die Website benutzt den Dienst Google Analytics, der von der Google Inc. mit Sitz in 1600 Amphitheatre Parkway, Mountain View (California), CA 94043, USA (&#8222;Google&#8220;) bereitgestellt wird.<br>Google Analytics verwendet Cookies, um zu analysieren, wie die Nutzer die Website verwenden. Die durch den Cookie erzeugten Informationen \u00fcber Ihre Benutzung dieser Website (einschlie\u00dflich Ihrer IP-Adresse) werden an einen Server von Google in den Vereinigten Staaten \u00fcbertragen und dort gespeichert. Google wird diese Informationen in unserem Auftrag nutzen, um Ihre Nutzung der Website nachzuverfolgen, Berichte \u00fcber die Website-Aktivit\u00e4ten zu erstellen und andere Dienstleistungen im Zusammenhang mit der Website-Aktivit\u00e4t und Internetnutzung zu erbringen. Auch wird Google diese Informationen gegebenenfalls an Dritte \u00fcbertragen, sofern dies gesetzlich vorgeschrieben oder soweit Dritte diese Daten im Auftrag von Google verarbeiten. Google wird in keinem Fall Ihre IP-Adresse mit anderen Daten von Google in Verbindung bringen.<\/p>\n\n\n\n<p>Name der Cookies:&nbsp;<br>_utma<br>_utmb<br>_utmc<br>_utmv<br>_utmz<\/p>\n\n\n\n<p>Zweck der Cookies:Name der Cookies:\u00a0<br>_utma<br>_utmb<br>_utmc<br>_utmv<br>_utmz<br><br>Zweck der Cookies:<\/p>\n\n\n\n<p>Diese Cookies von Google Analytics erzeugen eine anonyme Benutzer-ID, die verwendet wird, um eine Z\u00e4hlung, wie oft der Benutzer in unserer Website besucht es zu machen. Wurde auch aufgezeichnet, wenn der erste und letzte Besuch auf der Website ist. Es wird berechnet, wann Sie eine Sitzung, Benutzerquelle und Schl\u00fcsselwort beendet haben.<\/p>\n\n\n\n<p><strong>Benutzereinstellungen zur Verhinderung von Cookies<\/strong><\/p>\n\n\n\n<p>Von in unserer Website und in \u00dcbereinstimmung mit den geltenden Rechtsvorschriften, bieten wir Ihnen die Informationen, die Sie ben\u00f6tigen, um Ihren Browser \/ Internet-Browser konfigurieren, um Ihre Privatsph\u00e4re und Sicherheit in Bezug auf Cookies zu erhalten. Daher bieten wir Informationen und Links zu den offiziellen Seiten der wichtigsten Browser zu unterst\u00fctzen, so dass Sie entscheiden k\u00f6nnen, ob oder nicht die Verwendung von Cookies zu akzeptieren.<\/p>\n\n\n\n<p>Sie k\u00f6nnen Cookies mit Hilfe von Browser-Tools blockieren oder Ihren Browser so konfigurieren, dass er Sie benachrichtigt, wenn ein Server ein Cookie anfordert:<\/p>\n\n\n\n<ul class=\"wp-block-list\">\n<li>Wenn Sie Microsoft Internet Explorer verwenden, w\u00e4hlen Sie im Men\u00fc Extras> Internetoptionen> Datenschutz> Einstellungen. Weitere Informationen finden Sie unter http:\/\/windows.microsoft.com\/es-es\/windows-vista\/block-or-allow-cookies und http:\/\/windows.microsoft.com\/es-es\/windows7\/how-to- manage-cookies-in-internet-explorer-9.<\/li>\n\n\n\n<li>Wenn Sie Firefox verwenden, finden Sie die Option im Men\u00fc Extras> Optionen> Datenschutz> Cookies. Um mehr zu erfahren, besuchen Sie https:\/\/support.mozilla.org\/es\/kb\/habilitar-y-deshabilitar-cookies-que-los-sitios-web<\/li>\n\n\n\n<li>Wenn Sie Chrome verwenden, gehen Sie zu Optionen> Erweiterte Optionen> Datenschutz. Um mehr zu erfahren http:\/\/support.google.com\/chrome\/bin\/answer.py?hl=es&amp;answer=95647<\/li>\n\n\n\n<li>Wenn Sie Opera verwenden, k\u00f6nnen Sie den Browser \u00fcber die Option Datenschutz und Sicherheit konfigurieren. Um mehr zu erfahren, besuchen Sie http:\/\/www.opera.com\/help\/tutorials\/security\/cookies\/<\/li>\n<\/ul>\n","protected":false},"excerpt":{"rendered":"<p>Vorschriften \u00fcber die Verwendung von Cookies Mit dem Zugriff auf die Website und der Nutzung ihrer Dienste erkl\u00e4ren Sie sich mit den in unserer Datenschutzerkl\u00e4rung (und damit auch mit der Datenschutzrichtlinie und der Cookie-Richtlinie) dargelegten Bestimmungen und Bedingungen einverstanden. Bitte lesen Sie diese sorgf\u00e4ltig durch.Wir freuen uns, dass Sie sich entschlossen haben, uns zu besuchen. [&hellip;]<\/p>\n","protected":false},"author":1,"featured_media":0,"parent":0,"menu_order":0,"comment_status":"closed","ping_status":"closed","template":"","meta":{"_acf_changed":false,"footnotes":""},"class_list":["post-535","page","type-page","status-publish","hentry"],"acf":[],"_links":{"self":[{"href":"https:\/\/alloggibarbaria.it\/de\/wp-json\/wp\/v2\/pages\/535","targetHints":{"allow":["GET"]}}],"collection":[{"href":"https:\/\/alloggibarbaria.it\/de\/wp-json\/wp\/v2\/pages"}],"about":[{"href":"https:\/\/alloggibarbaria.it\/de\/wp-json\/wp\/v2\/types\/page"}],"author":[{"embeddable":true,"href":"https:\/\/alloggibarbaria.it\/de\/wp-json\/wp\/v2\/users\/1"}],"replies":[{"embeddable":true,"href":"https:\/\/alloggibarbaria.it\/de\/wp-json\/wp\/v2\/comments?post=535"}],"version-history":[{"count":1,"href":"https:\/\/alloggibarbaria.it\/de\/wp-json\/wp\/v2\/pages\/535\/revisions"}],"predecessor-version":[{"id":537,"href":"https:\/\/alloggibarbaria.it\/de\/wp-json\/wp\/v2\/pages\/535\/revisions\/537"}],"wp:attachment":[{"href":"https:\/\/alloggibarbaria.it\/de\/wp-json\/wp\/v2\/media?parent=535"}],"curies":[{"name":"wp","href":"https:\/\/api.w.org\/{rel}","templated":true}]}}