{"id":539,"date":"2023-10-23T09:36:04","date_gmt":"2023-10-23T09:36:04","guid":{"rendered":"https:\/\/staging.alloggibarbaria.it\/faq\/"},"modified":"2025-11-03T11:01:33","modified_gmt":"2025-11-03T11:01:33","slug":"faq","status":"publish","type":"page","link":"https:\/\/alloggibarbaria.it\/de\/faq\/","title":{"rendered":"FAQ"},"content":{"rendered":"<div id=\"rank-math-faq\" class=\"rank-math-block\">\n<div class=\"rank-math-list \">\n<div id=\"faq-question-69088b8dbcf26\" class=\"rank-math-list-item\">\n<h3 class=\"rank-math-question \"><strong>Zu welcher Zeit k\u00f6nnen wir ein- und auschecken?<\/strong><\/h3>\n<div class=\"rank-math-answer \">\n\n<p>Check-in-Zeit f\u00fcr alle Zimmer ist 13:00 Uhr und Check-out ist 10:30 Uhr. Wenn Sie fr\u00fcher anreisen, k\u00f6nnen Sie Ihr Gep\u00e4ck vor dem Check-in im Hotel abstellen. Unsere Check-in-Grenze ist um 19:00 Uhr, f\u00fcr sp\u00e4tere Ank\u00fcnfte m\u00fcssen Sie uns im Voraus kontaktieren.<\/p>\n\n<\/div>\n<\/div>\n<div id=\"faq-question-69088b8dbcf28\" class=\"rank-math-list-item\">\n<h3 class=\"rank-math-question \"><strong>Gilt der Preis pro Zimmer oder pro Person?<\/strong><\/h3>\n<div class=\"rank-math-answer \">\n\n<p>Der Preis versteht sich pro Zimmer, inklusive Service und Mehrwertsteuer (aber ohne Kurtaxe).<\/p>\n\n<\/div>\n<\/div>\n<div id=\"faq-question-69088b8dbcf29\" class=\"rank-math-list-item\">\n<h3 class=\"rank-math-question \"><strong>Ist das Fr\u00fchst\u00fcck im Preis inbegriffen und welche Art von Fr\u00fchst\u00fcck?<\/strong><\/h3>\n<div class=\"rank-math-answer \">\n\n<p>Ja, das italienische Fr\u00fchst\u00fcck ist im Preis inbegriffen. Unser Fr\u00fchst\u00fcck besteht aus Kaffee (oder Tee oder hei\u00dfer Schokolade), Saft, Br\u00f6tchen, verschiedenen Backwaren, Marmeladen, Joghurt, Nutella, Butter und K\u00e4se.<\/p>\n\n<\/div>\n<\/div>\n<div id=\"faq-question-69088b8dbcf2a\" class=\"rank-math-list-item\">\n<h3 class=\"rank-math-question \"><strong>Haben die Zimmer eine Terrasse?<\/strong><\/h3>\n<div class=\"rank-math-answer \">\n\n<p>Die Zimmer haben keine Terrasse, aber die gro\u00dfen Fenster lassen jederzeit die Sonne und frische Luft herein. Einige der Zimmer blicken auf einen Garten im Innenhof.<\/p>\n\n<\/div>\n<\/div>\n<div id=\"faq-question-69088b8dbcf2b\" class=\"rank-math-list-item\">\n<h3 class=\"rank-math-question \"><strong>Haben Sie Nichtraucherzimmer?<\/strong><\/h3>\n<div class=\"rank-math-answer \">\n\n<p>Alloggi Barbaria hat nur Nichtraucherzimmer.<\/p>\n\n<\/div>\n<\/div>\n<div id=\"faq-question-69088b8dbcf2c\" class=\"rank-math-list-item\">\n<h3 class=\"rank-math-question \"><strong>Gibt es in den Zimmern ein Telefon mit Direktwahlm\u00f6glichkeit?<\/strong><\/h3>\n<div class=\"rank-math-answer \">\n\n<p>Alle Zimmer sind mit einem Telefon mit Direktwahl ausgestattet.<\/p>\n\n<\/div>\n<\/div>\n<div id=\"faq-question-69088b8dbcf2d\" class=\"rank-math-list-item\">\n<h3 class=\"rank-math-question \"><strong>Gibt es in den Zimmern Klimaanlagen? Gibt es daf\u00fcr einen Aufpreis? Ist sie saisonal?<\/strong><\/h3>\n<div class=\"rank-math-answer \">\n\n<p>Alle Zimmer sind mit einer Klimaanlage ausgestattet. Es gibt keine zus\u00e4tzliche Geb\u00fchr daf\u00fcr. Dieser Service ist saisonal von Juni bis September, wie von der Stadtverwaltung von Venedig entschieden.<\/p>\n\n<\/div>\n<\/div>\n<div id=\"faq-question-69088b8dbcf2e\" class=\"rank-math-list-item\">\n<h3 class=\"rank-math-question \"><strong>Haben Sie einen Internet\/E-Mail-Anschluss in der Immobilie?<\/strong><\/h3>\n<div class=\"rank-math-answer \">\n\n<p>Alloggi Barbaria verf\u00fcgt \u00fcber einen kostenlosen WiFi-Service in den Gemeinschaftsbereichen und in einigen Zimmern.<\/p>\n\n<\/div>\n<\/div>\n<div id=\"faq-question-69088b8dbcf2f\" class=\"rank-math-list-item\">\n<h3 class=\"rank-math-question \"><strong>Gibt es einen Supermarkt in der N\u00e4he?<\/strong><\/h3>\n<div class=\"rank-math-answer \">\n\n<p>Ein praktischer Supermarkt befindet sich nur 1 Minute zu Fu\u00df von Alloggi Barbaria entfernt.<\/p>\n\n<\/div>\n<\/div>\n<div id=\"faq-question-69088b8dbcf30\" class=\"rank-math-list-item\">\n<h3 class=\"rank-math-question \"><strong>Ist ein Parkplatz oder eine Garage vorhanden?<\/strong><\/h3>\n<div class=\"rank-math-answer \">\n\n<p>Ein gro\u00dfes Parkhaus befindet sich in der N\u00e4he des Busbahnhofs in Venedig. G\u00e4ste, die Hilfe bei der Suche nach einem Parkplatz f\u00fcr ihr Auto ben\u00f6tigen, k\u00f6nnen sich an das Hotel wenden, das Ihnen gerne hilft, die beste Unterkunft f\u00fcr Ihr Auto zu finden.<\/p>\n\n<\/div>\n<\/div>\n<div id=\"faq-question-69088b8dbcf31\" class=\"rank-math-list-item\">\n<h3 class=\"rank-math-question \"><strong>Bieten Sie einen Abhol- oder Shuttleservice vom und zum Flughafen an?<\/strong><\/h3>\n<div class=\"rank-math-answer \">\n\n<p>Wir bieten keinen Shuttle-Service vom Flughafen an, aber es ist sehr einfach und kosteng\u00fcnstig, vom internationalen Flughafen Marco Polo Venedig zu Alloggi Barbaria zu gelangen. Besuchen Sie unsere Anreiseseite f\u00fcr weitere Details.<\/p>\n\n<\/div>\n<\/div>\n<div id=\"faq-question-69088b8dbcf32\" class=\"rank-math-list-item\">\n<h3 class=\"rank-math-question \"><strong>Welches ist die n\u00e4chstgelegene &#8222;Vaporetto&#8220;-Haltestelle (Wasserbus)?<\/strong><\/h3>\n<div class=\"rank-math-answer \">\n\n<p>Die n\u00e4chste &#8222;Vaporetto&#8220;-Haltestelle, Ospedale, ist weniger als 2 Minuten zu Fu\u00df von der Wohnung entfernt, ohne dass Br\u00fccken \u00fcberquert werden m\u00fcssen.<\/p>\n\n<\/div>\n<\/div>\n<div id=\"faq-question-69088b8dbcf33\" class=\"rank-math-list-item\">\n<h3 class=\"rank-math-question \"><strong>Gibt es auf dem Grundst\u00fcck ein Restaurant?<\/strong><\/h3>\n<div class=\"rank-math-answer \">\n\n<p>Nein, es gibt kein Restaurant auf dem Grundst\u00fcck, aber es gibt viele echte italienische Restaurants in der N\u00e4he von Alloggi Barbaria. Sie k\u00f6nnen unser Personal gerne nach Empfehlungen fragen.<\/p>\n\n<\/div>\n<\/div>\n<div id=\"faq-question-69088b8dbcf34\" class=\"rank-math-list-item\">\n<h3 class=\"rank-math-question \"><strong>Wie lauten Ihre Stornierungsbedingungen?<\/strong><\/h3>\n<div class=\"rank-math-answer \">\n\n<p>Das h\u00e4ngt von der Art der gebuchten Unterkunft ab, bitte pr\u00fcfen Sie Ihre Reservierungsbest\u00e4tigung.<\/p>\n\n<\/div>\n<\/div>\n<\/div>\n<\/div>","protected":false},"excerpt":{"rendered":"","protected":false},"author":1,"featured_media":0,"parent":0,"menu_order":0,"comment_status":"closed","ping_status":"closed","template":"","meta":{"_acf_changed":false,"footnotes":""},"class_list":["post-539","page","type-page","status-publish","hentry"],"acf":[],"_links":{"self":[{"href":"https:\/\/alloggibarbaria.it\/de\/wp-json\/wp\/v2\/pages\/539","targetHints":{"allow":["GET"]}}],"collection":[{"href":"https:\/\/alloggibarbaria.it\/de\/wp-json\/wp\/v2\/pages"}],"about":[{"href":"https:\/\/alloggibarbaria.it\/de\/wp-json\/wp\/v2\/types\/page"}],"author":[{"embeddable":true,"href":"https:\/\/alloggibarbaria.it\/de\/wp-json\/wp\/v2\/users\/1"}],"replies":[{"embeddable":true,"href":"https:\/\/alloggibarbaria.it\/de\/wp-json\/wp\/v2\/comments?post=539"}],"version-history":[{"count":2,"href":"https:\/\/alloggibarbaria.it\/de\/wp-json\/wp\/v2\/pages\/539\/revisions"}],"predecessor-version":[{"id":849,"href":"https:\/\/alloggibarbaria.it\/de\/wp-json\/wp\/v2\/pages\/539\/revisions\/849"}],"wp:attachment":[{"href":"https:\/\/alloggibarbaria.it\/de\/wp-json\/wp\/v2\/media?parent=539"}],"curies":[{"name":"wp","href":"https:\/\/api.w.org\/{rel}","templated":true}]}}