{"id":547,"date":"2023-10-23T09:30:16","date_gmt":"2023-10-23T09:30:16","guid":{"rendered":"https:\/\/staging.alloggibarbaria.it\/how-to-arrive\/"},"modified":"2024-01-12T08:02:09","modified_gmt":"2024-01-12T08:02:09","slug":"how-to-arrive","status":"publish","type":"page","link":"https:\/\/alloggibarbaria.it\/de\/how-to-arrive\/","title":{"rendered":"Anreise"},"content":{"rendered":"\n<div class=\"wp-block-buttons is-content-justification-center is-layout-flex wp-container-core-buttons-is-layout-8057eaf3 wp-block-buttons-is-layout-flex\">\n<div class=\"wp-block-button has-custom-width wp-block-button__width-50\"><a class=\"wp-block-button__link has-background has-text-align-center wp-element-button\" href=\"https:\/\/alloggibarbaria.it\/wp-content\/uploads\/2023\/10\/mappaAlloggiBarbariaFreccia.pdf\" style=\"background-color:#4fb4a7\" target=\"_blank\" rel=\"noreferrer noopener\">Drucken Sie die Karte im PDF-Format<\/a><\/div>\n<\/div>\n\n\n\n<p>Sollten Sie Probleme haben, zu unserem Haus zu gelangen, rufen Sie uns bitte unter der Telefonnummer 041 5222750 an. Wir sagen Ihnen gerne, wie Sie am schnellsten zu uns kommen.<\/p>\n\n\n\n<p><strong>Anfahrtsbeschreibung vom internationalen Flughafen Marco Polo Venedig:<\/strong><\/p>\n\n\n<div class=\"wp-block-image\">\n<figure class=\"aligncenter\"><a href=\"https:\/\/alloggibarbaria.it\/wp-content\/uploads\/2023\/10\/MappaSatelliteNew.jpg\" data-lbwps-width=\"300\" data-lbwps-height=\"294\" data-lbwps-srcsmall=\"https:\/\/alloggibarbaria.it\/wp-content\/uploads\/2023\/10\/MappaSatelliteNew.jpg\"><img decoding=\"async\" src=\"https:\/\/alloggibarbaria.it\/wp-content\/uploads\/2023\/10\/MappaSatelliteNew.jpg\" alt=\"\" class=\"wp-image-291\"\/><\/a><\/figure><\/div>\n\n\n<p>Nehmen Sie den Wasserbus der <strong>Alilaguna Blue Line<\/strong> (Fahrplan unter <a href=\"https:\/\/www.alilaguna.it\" target=\"_blank\" rel=\"noreferrer noopener\">www.alilaguna.it<\/a>) und steigen Sie an der Haltestelle &#8222;<strong>Ospedale<\/strong>&#8220; aus.<br>Dann biegen Sie links ab und gehen weiter, bis Sie nicht mehr weitergehen k\u00f6nnen. Biegen Sie rechts ab in die Calle delle Cappuccine bis zur Hausnummer 6573 (Castello). Unser Grundst\u00fcck befindet sich auf der linken Seite der Gasse.<\/p>\n\n\n\n<p><strong>Anfahrtsbeschreibung vom Flughafen Treviso:<\/strong><\/p>\n\n\n\n<p>Nehmen Sie den<strong> ATVO-Bus<\/strong> nach Venedig (siehe Fahrplan unter <a href=\"https:\/\/www.atvo.it\" target=\"_blank\" rel=\"noreferrer noopener\">www.atvo.it<\/a> ) und steigen Sie am <strong>Piazzale Roma<\/strong> aus. Nehmen Sie das <strong>Vaporetto #5.2<\/strong> (Fahrplan unter <a href=\"https:\/\/www.actv.it\" target=\"_blank\" rel=\"noreferrer noopener\">www.actv.it<\/a> ) bis zur Haltestelle &#8222;<strong>Ospedale<\/strong>&#8222;. Biegen Sie beim Verlassen des Bootes links ab (gehen Sie nicht in das Krankenhaus hinein) und gehen Sie weiter, bis Sie nicht mehr weitergehen k\u00f6nnen. Biegen Sie rechts ab in die Calle delle Cappuccine bis zur Hausnummer 6573 (Castello). Unser Grundst\u00fcck befindet sich auf der linken Seite der Gasse.<\/p>\n\n\n\n<p><strong>Wegbeschreibung vom Bahnhof Santa Lucia oder vom Parkplatz Piazzale Roma:<\/strong><\/p>\n\n\n<div class=\"wp-block-image\">\n<figure class=\"aligncenter\"><img decoding=\"async\" src=\"https:\/\/alloggibarbaria.it\/wp-content\/uploads\/2023\/10\/Train.jpg\" alt=\"\" class=\"wp-image-91\"\/><\/figure><\/div>\n\n\n<p>Nehmen Sie das <strong>Vaporetto Nr. 5.2<\/strong> (siehe Fahrplan auf <a href=\"https:\/\/www.actv.it\" target=\"_blank\" rel=\"noreferrer noopener\">www.actv.it<\/a> ) bis zur Haltestelle &#8222;Ospedale&#8220;. Biegen Sie beim Verlassen des Bootes links ab (betreten Sie nicht das Krankenhaus) und gehen Sie weiter, bis Sie nicht mehr weitergehen k\u00f6nnen. Biegen Sie rechts ab in die Calle delle Cappuccine bis zur Hausnummer 6573 (Castello). Unser Grundst\u00fcck befindet sich auf der linken Seite der Gasse.<\/p>\n\n\n<div class=\"wp-block-image\">\n<figure class=\"aligncenter\"><img decoding=\"async\" src=\"https:\/\/alloggibarbaria.it\/wp-content\/uploads\/2023\/10\/alloggi-map2.jpg\" alt=\"\" class=\"wp-image-89\"\/><\/figure><\/div>\n\n\n<p><strong>Anfahrtsbeschreibung vom Kreuzfahrtterminal Venedig:<\/strong><\/p>\n\n\n\n<p>Nehmen Sie den Wasserbus der <strong>Alilaguna Blue Line<\/strong> (siehe Fahrplan auf <a href=\"https:\/\/www.alilaguna.it\" target=\"_blank\" rel=\"noreferrer noopener\">www.alilaguna.it<\/a>) und steigen Sie an der Haltestelle &#8222;<strong>Ospedale<\/strong>&#8220; aus. Bitte beachten Sie, dass der Alilaguna-Wasserbus nur auf Anfrage am Ospedale h\u00e4lt. Geben Sie einem der Betreuer im Wasserbus Bescheid, dass Sie an der Haltestelle &#8222;Ospedale&#8220; aussteigen m\u00f6chten. Biegen Sie dann links ab und gehen Sie weiter, bis Sie nicht mehr weitergehen k\u00f6nnen. Biegen Sie rechts ab in die Calle delle Cappuccine bis zur Hausnummer 6573 (Castello). Unser Anwesen befindet sich auf der linken Seite der Gasse.<\/p>\n","protected":false},"excerpt":{"rendered":"<p>Sollten Sie Probleme haben, zu unserem Haus zu gelangen, rufen Sie uns bitte unter der Telefonnummer 041 5222750 an. Wir sagen Ihnen gerne, wie Sie am schnellsten zu uns kommen. Anfahrtsbeschreibung vom internationalen Flughafen Marco Polo Venedig: Nehmen Sie den Wasserbus der Alilaguna Blue Line (Fahrplan unter www.alilaguna.it) und steigen Sie an der Haltestelle &#8222;Ospedale&#8220; [&hellip;]<\/p>\n","protected":false},"author":1,"featured_media":0,"parent":0,"menu_order":0,"comment_status":"closed","ping_status":"closed","template":"","meta":{"_acf_changed":false,"footnotes":""},"class_list":["post-547","page","type-page","status-publish","hentry"],"acf":[],"_links":{"self":[{"href":"https:\/\/alloggibarbaria.it\/de\/wp-json\/wp\/v2\/pages\/547","targetHints":{"allow":["GET"]}}],"collection":[{"href":"https:\/\/alloggibarbaria.it\/de\/wp-json\/wp\/v2\/pages"}],"about":[{"href":"https:\/\/alloggibarbaria.it\/de\/wp-json\/wp\/v2\/types\/page"}],"author":[{"embeddable":true,"href":"https:\/\/alloggibarbaria.it\/de\/wp-json\/wp\/v2\/users\/1"}],"replies":[{"embeddable":true,"href":"https:\/\/alloggibarbaria.it\/de\/wp-json\/wp\/v2\/comments?post=547"}],"version-history":[{"count":2,"href":"https:\/\/alloggibarbaria.it\/de\/wp-json\/wp\/v2\/pages\/547\/revisions"}],"predecessor-version":[{"id":610,"href":"https:\/\/alloggibarbaria.it\/de\/wp-json\/wp\/v2\/pages\/547\/revisions\/610"}],"wp:attachment":[{"href":"https:\/\/alloggibarbaria.it\/de\/wp-json\/wp\/v2\/media?parent=547"}],"curies":[{"name":"wp","href":"https:\/\/api.w.org\/{rel}","templated":true}]}}