{"id":550,"date":"2023-10-23T09:25:23","date_gmt":"2023-10-23T09:25:23","guid":{"rendered":"https:\/\/staging.alloggibarbaria.it\/neighborhood\/"},"modified":"2024-01-12T10:39:19","modified_gmt":"2024-01-12T10:39:19","slug":"nachbarschaft","status":"publish","type":"page","link":"https:\/\/alloggibarbaria.it\/de\/nachbarschaft\/","title":{"rendered":"Nachbarschaft"},"content":{"rendered":"\n<p>Ein&nbsp;<strong>bezahlbares Hotel in Venedig<\/strong>&nbsp;zu finden ist ein wichtiger Faktor in einer ziemlich teuren Stadt.&nbsp;<strong>Aufenthalt in Venedig<\/strong>&nbsp;kann teuer sein, aber seit 2002 gibt es ein bezahlbares Hotel wie&nbsp;<strong>Alloggi Barbaria<\/strong>. Die Wahl dieses erschwinglichen&nbsp;<strong>Hotels f\u00fcr Ihren Aufenthalt in Venedig<\/strong>&nbsp;bedeutet, dass Sie etwas Geld sparen und einen hohen Standard an Sauberkeit und Anstand erhalten, ohne auf den Komfort eines teureren Hotels verzichten zu m\u00fcssen.<\/p>\n\n\n<div class=\"wp-block-image\">\n<figure class=\"alignright\"><img decoding=\"async\" src=\"https:\/\/alloggibarbaria.it\/wp-content\/uploads\/2023\/10\/Chiesa_San_Giovanni_e_Paolo.jpg\" alt=\"\" class=\"wp-image-73\"\/><\/figure><\/div>\n\n\n<p>Unsere Unterkunft ist ein familiengef\u00fchrter Betrieb und bietet Ihnen eine freundliche Atmosph\u00e4re, die Sie in den gr\u00f6\u00dferen Hotels nicht oft finden werden.<\/p>\n\n\n\n<p><a href=\"https:\/\/alloggibarbaria.it\/de\/how-to-arrive\/\">Die Anreise<\/a>&nbsp;ist einfach und preiswert. Vom&nbsp;<strong>Piazzale Roma<\/strong>&nbsp;Parkhaus oder vom Zug&nbsp;<strong>Station Santa Lucia<\/strong>&nbsp;m\u00fcssen Sie das Vaporetto&nbsp;<a href=\"http:\/\/www.actv.it\/\" target=\"_blank\" rel=\"noreferrer noopener\">Actv<\/a>&nbsp;Linie 52 nehmen und an der Haltestelle &#8222;Ospedale&#8220; aussteigen. Von der Haltestelle &#8222;Ospedale&#8220; ist es nur ein kurzer Spaziergang bis zur Alloggi Barbaria.<\/p>\n\n\n\n<p><strong>Vom Internationalen Flughafen Marco Polo kann man Alloggi Barbaria<\/strong> kosteng\u00fcnstig erreichen, indem man das Vaporetto Blue Line der Firma &nbsp;<a href=\"http:\/\/www.alilaguna.it\/\" target=\"_blank\" rel=\"noreferrer noopener\">Alilaguna<\/a>&nbsp;nimmt und an der Haltestelle &#8222;Ospedale&#8220; aussteigt. Von dort sind es nur wenige Gehminuten bis zu diesem g\u00fcnstigen Hotel.<\/p>\n\n\n<div class=\"wp-block-image\">\n<figure class=\"alignleft\"><img decoding=\"async\" src=\"https:\/\/alloggibarbaria.it\/wp-content\/uploads\/2023\/10\/Monumento_Colleoni.jpg\" alt=\"\" class=\"wp-image-75\"\/><\/figure><\/div>\n\n\n<p>Das Hotel liegt etwa 12 Gehminuten von den wichtigsten Sehensw\u00fcrdigkeiten Venedigs wie dem Markusplatz oder der Rialtobr\u00fccke entfernt. Die Lage erm\u00f6glicht kurze Spazierg\u00e4nge und erlaubt es Ihnen, in einem ruhigen, nicht touristischen Teil der Stadt zu wohnen und zu schlafen: dem Viertel Castello.<\/p>\n\n\n\n<p>In der N\u00e4he des Hotels gibt es ein g\u00fcnstiges Lebensmittelgesch\u00e4ft. Nur wenige Gehminuten entfernt befindet sich die Kirche <strong>San Giovanni und Paolo<\/strong>, eine alte Basilika, ein bemerkenswertes Bauwerk der Gotik. Au\u00dferhalb der Kirche befindet sich das herausragende Reiterdenkmal, das dem venezianischen Kommandanten <strong>Bartolomeo Colleoni<\/strong> gewidmet ist, ein Werk des florentinischen Bildhauers Andrea Verrocchio (1481-1488). Auf dem gleichen Platz kann man die Fassade der <strong>Gro\u00dfen Schule von San Marco<\/strong> bewundern, die 1495 nach einem Entwurf des Architekten Mauro Codussi im Stil der Renaissance fertiggestellt wurde.<\/p>\n\n\n<div class=\"wp-block-image\">\n<figure class=\"alignright\"><img decoding=\"async\" src=\"https:\/\/alloggibarbaria.it\/wp-content\/uploads\/2023\/10\/Scuola_Grande_San_Marco.jpg\" alt=\"\" class=\"wp-image-76\"\/><\/figure><\/div>\n\n\n<p>Dann k\u00f6nnen Sie die belebte Calle Lunga durchqueren, an deren Ende sich der aufregende <strong>Platz Santa Maria Formosa<\/strong>&nbsp;mit der omin\u00f6sen Kirche befindet. Im Inneren k\u00f6nnen Liebhaber klassischer Musik am Abend&nbsp;<a href=\"http:\/\/www.innvenice.com\/en.Music.htm\" target=\"_blank\" rel=\"noreferrer noopener\">Konzerte<\/a> besuchen.<\/p>\n\n\n\n<p>Wenn Sie einen g\u00fcnstigen Ausflug zu den Inseln der Lagune von Venedig machen m\u00f6chten, ist das Hotel der perfekte Ausgangspunkt. Das Vaporetto von der Haltestelle &#8222;Ospedale&#8220; ist die g\u00fcnstigste Methode, um in kurzer Zeit nach <a href=\"http:\/\/www.innvenice.com\/en.Murano-Island.htm\" target=\"_blank\" rel=\"noreferrer noopener\">Murano<\/a>&nbsp;(die &#8222;Glasinsel&#8220;) zu gelangen. Von der Haltestelle &#8222;Fondamente Nove&#8220; aus kann man in 40 Minuten die Inseln <a href=\"http:\/\/www.innvenice.com\/en.Burano-Island.htm\" target=\"_blank\" rel=\"noreferrer noopener\">Burano<\/a>&nbsp;(die Insel der Spitze), und <a href=\"http:\/\/www.innvenice.com\/en.Torcello-Island.htm\" target=\"_blank\" rel=\"noreferrer noopener\">Torcello<\/a>&nbsp;(die \u00e4lteste Insel der Lagune) besuchen.<\/p>\n\n\n\n<p>Sie suchen nach weiteren Informationen \u00fcber Venedig? Bitte schauen Sie sich unseren<strong>&nbsp;<a href=\"http:\/\/www.innvenice.com\/venice.index.htm\" target=\"_blank\" rel=\"noreferrer noopener\">Venedig Stadtf\u00fchrer<\/a><\/strong> an.<\/p>\n\n\n\n<p>F\u00fcr weitere Informationen zu diesem g\u00fcnstigen Hotel in Venedig wenden Sie sich bitte an unsere Mitarbeiter, die Ihnen gerne Ihre Fragen beantworten.<\/p>\n","protected":false},"excerpt":{"rendered":"<p>Ein&nbsp;bezahlbares Hotel in Venedig&nbsp;zu finden ist ein wichtiger Faktor in einer ziemlich teuren Stadt.&nbsp;Aufenthalt in Venedig&nbsp;kann teuer sein, aber seit 2002 gibt es ein bezahlbares Hotel wie&nbsp;Alloggi Barbaria. Die Wahl dieses erschwinglichen&nbsp;Hotels f\u00fcr Ihren Aufenthalt in Venedig&nbsp;bedeutet, dass Sie etwas Geld sparen und einen hohen Standard an Sauberkeit und Anstand erhalten, ohne auf den Komfort [&hellip;]<\/p>\n","protected":false},"author":1,"featured_media":337,"parent":0,"menu_order":0,"comment_status":"closed","ping_status":"closed","template":"","meta":{"_acf_changed":false,"footnotes":""},"class_list":["post-550","page","type-page","status-publish","has-post-thumbnail","hentry"],"acf":[],"_links":{"self":[{"href":"https:\/\/alloggibarbaria.it\/de\/wp-json\/wp\/v2\/pages\/550","targetHints":{"allow":["GET"]}}],"collection":[{"href":"https:\/\/alloggibarbaria.it\/de\/wp-json\/wp\/v2\/pages"}],"about":[{"href":"https:\/\/alloggibarbaria.it\/de\/wp-json\/wp\/v2\/types\/page"}],"author":[{"embeddable":true,"href":"https:\/\/alloggibarbaria.it\/de\/wp-json\/wp\/v2\/users\/1"}],"replies":[{"embeddable":true,"href":"https:\/\/alloggibarbaria.it\/de\/wp-json\/wp\/v2\/comments?post=550"}],"version-history":[{"count":2,"href":"https:\/\/alloggibarbaria.it\/de\/wp-json\/wp\/v2\/pages\/550\/revisions"}],"predecessor-version":[{"id":621,"href":"https:\/\/alloggibarbaria.it\/de\/wp-json\/wp\/v2\/pages\/550\/revisions\/621"}],"wp:featuredmedia":[{"embeddable":true,"href":"https:\/\/alloggibarbaria.it\/de\/wp-json\/wp\/v2\/media\/337"}],"wp:attachment":[{"href":"https:\/\/alloggibarbaria.it\/de\/wp-json\/wp\/v2\/media?parent=550"}],"curies":[{"name":"wp","href":"https:\/\/api.w.org\/{rel}","templated":true}]}}