{"id":908,"date":"2025-12-02T12:53:21","date_gmt":"2025-12-02T12:53:21","guid":{"rendered":"https:\/\/alloggibarbaria.it\/?page_id=908"},"modified":"2025-12-04T10:09:17","modified_gmt":"2025-12-04T10:09:17","slug":"murano-burano-torcello","status":"publish","type":"page","link":"https:\/\/alloggibarbaria.it\/de\/murano-burano-torcello\/","title":{"rendered":"Ideal, um Murano, Burano und Torcello zu besuchen"},"content":{"rendered":"\n<p>Wenn deine Reise nach Venedig den Besuch seiner ber\u00fchmtesten Inseln beinhaltet, ist <strong>Alloggi Barbaria die perfekte Wahl<\/strong>.<br><a href=\"https:\/\/alloggibarbaria.it\/de\/erfahre-wie-du-alloggi-barbaria\/\" data-type=\"page\" data-id=\"968\">Dank unserer Lage<\/a>, nur wenige Gehminuten von der Vaporetto-Haltestelle <strong>Fondamente Nove<\/strong> entfernt, erreichst du ganz einfach <strong>Murano, Burano und Torcello<\/strong>, die wahren Sch\u00e4tze der n\u00f6rdlichen Lagune.<\/p>\n\n\n\n<p>Von hier fahren alle wichtigen Vaporetto-Linien zu den Inseln ab \u2013 das bedeutet, dass <strong>du keine \u00fcberf\u00fcllten Bereiche durchqueren<\/strong> oder lange Wege zur\u00fccklegen musst.<br>In nur wenigen Minuten bist du in <strong>Murano<\/strong>, um die Kunst der Glasherstellung zu entdecken, kannst durch die <strong>farbenfrohen H\u00e4user von Burano<\/strong> spazieren oder die stille, zeitlose Atmosph\u00e4re von <strong>Torcello<\/strong> genie\u00dfen \u2013 einem der \u00e4ltesten und faszinierendsten Orte der Lagune.<\/p>\n\n\n\n<p>Wenn du zu Alloggi Barbaria zur\u00fcckkehrst, erwartet dich <strong>eine ruhige, einladende und famili\u00e4re Atmosph\u00e4re<\/strong>, ideal, um nach einem Tag voller Bootsfahrten, Br\u00fccken und Panoramablicke zu entspannen.<br><a href=\"https:\/\/alloggibarbaria.it\/de\/zimmer\/\" data-type=\"link\" data-id=\"https:\/\/alloggibarbaria.it\/de\/zimmer\/\">Unsere Zimmer<\/a> sind <strong>ruhig und komfortabel<\/strong>, perfekt f\u00fcr alle, die einen einfachen und angenehmen Aufenthalt suchen.<\/p>\n\n\n\n<p>Die N\u00e4he zur Vaporetto-Haltestelle macht unser Hotel auch sehr praktisch f\u00fcr Fahrten zum und vom <strong><a href=\"https:\/\/de.wikipedia.org\/wiki\/Flughafen_Venedig-Tessera\" data-type=\"link\" data-id=\"https:\/\/de.wikipedia.org\/wiki\/Flughafen_Venedig-Tessera\" target=\"_blank\" rel=\"noopener\">Flughafen Marco Polo<\/a><\/strong> \u2013 eine entspannte L\u00f6sung f\u00fcr alle, die ohne Stress reisen m\u00f6chten.<\/p>\n\n\n\n<p>Alloggi Barbaria wird besonders von Reisenden gesch\u00e4tzt, die die Lagune bequem erkunden m\u00f6chten, ohne auf die <strong>Ruhe eines authentischen venezianischen Viertels<\/strong> zu verzichten.<br>Eine <strong>perfekte Basis<\/strong>, um die Stadt und ihre Inseln in aller Ruhe zu erleben.<\/p>\n\n\n\n<h3 class=\"wp-block-heading\">N\u00fctzliche Fragen f\u00fcr den Besuch der Inseln<\/h3>\n\n\n<div id=\"rank-math-faq\" class=\"rank-math-block\">\n<div class=\"rank-math-list \">\n<div id=\"faq-question-1764688538935\" class=\"rank-math-list-item\">\n<h3 class=\"rank-math-question \">Wie weit ist es von hier zu Fondamente Nove?<\/h3>\n<div class=\"rank-math-answer \">\n\n<p>Nur wenige Minuten zu Fu\u00df \u2013 der beste Ausgangspunkt f\u00fcr alle Laguneninseln.<\/p>\n\n<\/div>\n<\/div>\n<div id=\"faq-question-1764688547773\" class=\"rank-math-list-item\">\n<h3 class=\"rank-math-question \">Wie lange dauert die Fahrt zu den Inseln?<\/h3>\n<div class=\"rank-math-answer \">\n\n<p>Murano: 5\u201310 Minuten<br \/>Burano: ca. 40 Minuten<br \/>Torcello: direkt nach Burano<\/p>\n\n<\/div>\n<\/div>\n<div id=\"faq-question-1764688559735\" class=\"rank-math-list-item\">\n<h3 class=\"rank-math-question \">Fahren alle Linien zu den Inseln von Fondamente Nove ab?<\/h3>\n<div class=\"rank-math-answer \">\n\n<p>Ja, es ist der Hauptabfahrtsort f\u00fcr Murano, Burano und Torcello.<\/p>\n\n<\/div>\n<\/div>\n<div id=\"faq-question-1764688571270\" class=\"rank-math-list-item\">\n<h3 class=\"rank-math-question \">Ist das Viertel sehr touristisch?<\/h3>\n<div class=\"rank-math-answer \">\n\n<p>Nein, viel ruhiger als rund um Markusplatz oder Rialto. Castello ist ein <strong>ruhiges und authentisches<\/strong> Wohnviertel.<\/p>\n\n<\/div>\n<\/div>\n<div id=\"faq-question-1764688581375\" class=\"rank-math-list-item\">\n<h3 class=\"rank-math-question \">Kommt man von hier gut zum Flughafen?<\/h3>\n<div class=\"rank-math-answer \">\n\n<p>Ja, die Alilaguna-Blaue Linie verbindet Fondamente Nove direkt mit dem <strong>Flughafen Marco Polo<\/strong>.<\/p>\n\n<\/div>\n<\/div>\n<div id=\"faq-question-1764688592489\" class=\"rank-math-list-item\">\n<h3 class=\"rank-math-question \">Sind die Zimmer ruhig, um sich nach den Ausfl\u00fcgen zu erholen?<\/h3>\n<div class=\"rank-math-answer \">\n\n<p>Ja, viele G\u00e4ste loben die <strong>Stille<\/strong> unseres Hotels.<\/p>\n\n<\/div>\n<\/div>\n<\/div>\n<\/div>","protected":false},"excerpt":{"rendered":"<p>Wenn deine Reise nach Venedig den Besuch seiner ber\u00fchmtesten Inseln beinhaltet, ist Alloggi Barbaria die perfekte Wahl.Dank unserer Lage, nur wenige Gehminuten von der Vaporetto-Haltestelle Fondamente Nove entfernt, erreichst du ganz einfach Murano, Burano und Torcello, die wahren Sch\u00e4tze der n\u00f6rdlichen Lagune. Von hier fahren alle wichtigen Vaporetto-Linien zu den Inseln ab \u2013 das bedeutet, [&hellip;]<\/p>\n","protected":false},"author":1,"featured_media":907,"parent":0,"menu_order":0,"comment_status":"closed","ping_status":"closed","template":"","meta":{"_acf_changed":false,"footnotes":""},"class_list":["post-908","page","type-page","status-publish","has-post-thumbnail","hentry"],"acf":[],"_links":{"self":[{"href":"https:\/\/alloggibarbaria.it\/de\/wp-json\/wp\/v2\/pages\/908","targetHints":{"allow":["GET"]}}],"collection":[{"href":"https:\/\/alloggibarbaria.it\/de\/wp-json\/wp\/v2\/pages"}],"about":[{"href":"https:\/\/alloggibarbaria.it\/de\/wp-json\/wp\/v2\/types\/page"}],"author":[{"embeddable":true,"href":"https:\/\/alloggibarbaria.it\/de\/wp-json\/wp\/v2\/users\/1"}],"replies":[{"embeddable":true,"href":"https:\/\/alloggibarbaria.it\/de\/wp-json\/wp\/v2\/comments?post=908"}],"version-history":[{"count":3,"href":"https:\/\/alloggibarbaria.it\/de\/wp-json\/wp\/v2\/pages\/908\/revisions"}],"predecessor-version":[{"id":993,"href":"https:\/\/alloggibarbaria.it\/de\/wp-json\/wp\/v2\/pages\/908\/revisions\/993"}],"wp:featuredmedia":[{"embeddable":true,"href":"https:\/\/alloggibarbaria.it\/de\/wp-json\/wp\/v2\/media\/907"}],"wp:attachment":[{"href":"https:\/\/alloggibarbaria.it\/de\/wp-json\/wp\/v2\/media?parent=908"}],"curies":[{"name":"wp","href":"https:\/\/api.w.org\/{rel}","templated":true}]}}