{"id":938,"date":"2025-12-02T17:14:47","date_gmt":"2025-12-02T17:14:47","guid":{"rendered":"https:\/\/alloggibarbaria.it\/?page_id=938"},"modified":"2025-12-04T10:41:32","modified_gmt":"2025-12-04T10:41:32","slug":"haustierfreundliches-hotel","status":"publish","type":"page","link":"https:\/\/alloggibarbaria.it\/de\/haustierfreundliches-hotel\/","title":{"rendered":"Haustierfreundliches Hotel in Venedig"},"content":{"rendered":"\n<p>Mit deinem Haustier zu reisen sollte nicht kompliziert sein \u2014 und bei Alloggi Barbaria ist es das auch nicht.<br>Wir hei\u00dfen <strong>Hunde und kleine Haustiere<\/strong> herzlich willkommen, denn wir wissen, wie sch\u00f6n es ist, eine Reise mit denen zu teilen, die zur Familie geh\u00f6ren.<\/p>\n\n\n\n<p>Unser Hotel befindet sich in <strong>einer ruhigen Gegend des Stadtteils <a href=\"https:\/\/de.wikipedia.org\/wiki\/Castello\" target=\"_blank\" data-type=\"link\" data-id=\"https:\/\/de.wikipedia.org\/wiki\/Castello\" rel=\"noreferrer noopener\">Castello<\/a><\/strong>, fern vom Trubel und den \u00fcberf\u00fcllten Stra\u00dfen.<br>Es ist die perfekte Umgebung, um mit deinem Tier entspannt spazieren zu gehen: durch <strong>stille Gassen<\/strong>, <strong>authentische Ecken<\/strong> und kleine Pl\u00e4tze, die ideal f\u00fcr eine Pause sind.<\/p>\n\n\n\n<p><a href=\"https:\/\/alloggibarbaria.it\/de\/zimmer\/\" data-type=\"link\" data-id=\"https:\/\/alloggibarbaria.it\/de\/zimmer\/\">Unsere Zimmer<\/a> sind <strong>komfortabel, sauber und darauf ausgelegt, dir einen erholsamen Aufenthalt zu bieten<\/strong>, auch wenn du mit einem vierbeinigen Freund unterwegs bist.<br>Wir freuen uns, euch unkompliziert willkommen zu hei\u00dfen: Bitte gib uns vorher kurz Bescheid, dass du ein Haustier mitbringst, damit wir alles entsprechend vorbereiten k\u00f6nnen.<\/p>\n\n\n\n<p>Die N\u00e4he zu <strong>Fondamente Nove<\/strong> macht es leicht, die Inseln der Lagune zu erreichen, und die Umgebung des Hotels bietet viele ruhige Pl\u00e4tze f\u00fcr stressfreie Spazierg\u00e4nge.<br>Hier kannst du Venedig gemeinsam mit deinem tierischen Begleiter genie\u00dfen \u2014 <strong>ohne Einschr\u00e4nkungen und ohne Sorgen<\/strong>.<\/p>\n\n\n\n<p>Alloggi Barbaria zu w\u00e4hlen bedeutet, <strong>eine freundliche, famili\u00e4re und wirklich haustierfreundliche Atmosph\u00e4re<\/strong> zu finden, in der dein Tier mit der gleichen Sorgfalt empfangen wird wie jeder andere Gast.<br>Ein Ort, an dem ihr euren Tag mit einem L\u00e4cheln beginnt und beendet \u2014 <strong>gemeinsam<\/strong>.<\/p>\n\n\n\n<h3 class=\"wp-block-heading\">N\u00fctzliche Fragen f\u00fcr Reisende mit Haustieren<\/h3>\n\n\n<div id=\"rank-math-faq\" class=\"rank-math-block\">\n<div class=\"rank-math-list \">\n<div id=\"faq-question-1764696505374\" class=\"rank-math-list-item\">\n<h3 class=\"rank-math-question \">Akzeptiert ihr alle Arten von Haustieren?<\/h3>\n<div class=\"rank-math-answer \">\n\n<p>Wir hei\u00dfen Hunde und kleine Haustiere willkommen. Bei Unsicherheiten kannst du uns gerne fragen.<\/p>\n\n<\/div>\n<\/div>\n<div id=\"faq-question-1764696513120\" class=\"rank-math-list-item\">\n<h3 class=\"rank-math-question \">Gibt es einen Aufpreis f\u00fcr Haustiere?<\/h3>\n<div class=\"rank-math-answer \">\n\n<p>Keine \u00dcberraschungen: Wir bitten nur um eine kurze Voranmeldung.<\/p>\n\n<\/div>\n<\/div>\n<div id=\"faq-question-1764696528051\" class=\"rank-math-list-item\">\n<h3 class=\"rank-math-question \">Gibt es ruhige Orte zum Spazierengehen in der N\u00e4he?<\/h3>\n<div class=\"rank-math-answer \">\n\n<p>Ja, Castello bietet viele stille Gassen und kleine Pl\u00e4tze \u2014 perfekt f\u00fcr Spazierg\u00e4nge.<\/p>\n\n<\/div>\n<\/div>\n<div id=\"faq-question-1764696536159\" class=\"rank-math-list-item\">\n<h3 class=\"rank-math-question \">Ist die Gegend abends sicher f\u00fcr Spazierg\u00e4nge mit Hund?<\/h3>\n<div class=\"rank-math-answer \">\n\n<p>Ja, Castello ist ein sehr ruhiges und sicheres Wohnviertel.<\/p>\n\n<\/div>\n<\/div>\n<div id=\"faq-question-1764696551159\" class=\"rank-math-list-item\">\n<h3 class=\"rank-math-question \">Darf mein Haustier allein im Zimmer bleiben?<\/h3>\n<div class=\"rank-math-answer \">\n\n<p>Wir empfehlen im Allgemeinen, das Tier mitzunehmen, aber wir beraten dich gerne individuell.<\/p>\n\n<\/div>\n<\/div>\n<div id=\"faq-question-1764696562252\" class=\"rank-math-list-item\">\n<h3 class=\"rank-math-question \">Kann ich mit meinem Haustier zu den Inseln wie Murano oder Burano fahren?<\/h3>\n<div class=\"rank-math-answer \">\n\n<p>Ja, die Vaporetti ab Fondamente Nove erlauben Haustiere.<\/p>\n\n<\/div>\n<\/div>\n<\/div>\n<\/div>","protected":false},"excerpt":{"rendered":"<p>Mit deinem Haustier zu reisen sollte nicht kompliziert sein \u2014 und bei Alloggi Barbaria ist es das auch nicht.Wir hei\u00dfen Hunde und kleine Haustiere herzlich willkommen, denn wir wissen, wie sch\u00f6n es ist, eine Reise mit denen zu teilen, die zur Familie geh\u00f6ren. Unser Hotel befindet sich in einer ruhigen Gegend des Stadtteils Castello, fern [&hellip;]<\/p>\n","protected":false},"author":1,"featured_media":937,"parent":0,"menu_order":0,"comment_status":"closed","ping_status":"closed","template":"","meta":{"_acf_changed":false,"footnotes":""},"class_list":["post-938","page","type-page","status-publish","has-post-thumbnail","hentry"],"acf":[],"_links":{"self":[{"href":"https:\/\/alloggibarbaria.it\/de\/wp-json\/wp\/v2\/pages\/938","targetHints":{"allow":["GET"]}}],"collection":[{"href":"https:\/\/alloggibarbaria.it\/de\/wp-json\/wp\/v2\/pages"}],"about":[{"href":"https:\/\/alloggibarbaria.it\/de\/wp-json\/wp\/v2\/types\/page"}],"author":[{"embeddable":true,"href":"https:\/\/alloggibarbaria.it\/de\/wp-json\/wp\/v2\/users\/1"}],"replies":[{"embeddable":true,"href":"https:\/\/alloggibarbaria.it\/de\/wp-json\/wp\/v2\/comments?post=938"}],"version-history":[{"count":2,"href":"https:\/\/alloggibarbaria.it\/de\/wp-json\/wp\/v2\/pages\/938\/revisions"}],"predecessor-version":[{"id":1006,"href":"https:\/\/alloggibarbaria.it\/de\/wp-json\/wp\/v2\/pages\/938\/revisions\/1006"}],"wp:featuredmedia":[{"embeddable":true,"href":"https:\/\/alloggibarbaria.it\/de\/wp-json\/wp\/v2\/media\/937"}],"wp:attachment":[{"href":"https:\/\/alloggibarbaria.it\/de\/wp-json\/wp\/v2\/media?parent=938"}],"curies":[{"name":"wp","href":"https:\/\/api.w.org\/{rel}","templated":true}]}}