{"id":553,"date":"2023-10-23T09:33:41","date_gmt":"2023-10-23T09:33:41","guid":{"rendered":"https:\/\/staging.alloggibarbaria.it\/about\/"},"modified":"2025-12-04T16:36:59","modified_gmt":"2025-12-04T16:36:59","slug":"personal","status":"publish","type":"page","link":"https:\/\/alloggibarbaria.it\/es\/personal\/","title":{"rendered":"Personal"},"content":{"rendered":"\n<p><strong>La familia Maroder<\/strong>, propietaria del Alloggi Barbaria, ha vivido en Venecia toda su vida.<br>Despu\u00e9s de haber gestionado muchos hoteles en Venecia a lo largo de los a\u00f1os, en agosto de 2002 decidieron abrir el Alloggi Barbaria.<\/p>\n\n\n\n<p><strong>Fausto<\/strong>, el propietario, ha estado aqu\u00ed desde su apertura en 2002.<br>Fausto habla muchos idiomas, incluyendo <strong>ingl\u00e9s, espa\u00f1ol, franc\u00e9s, alem\u00e1n, portugu\u00e9s<\/strong> y, por supuesto, italiano. \u00c9l tiene una riqueza de conocimientos sobre Venecia, incluyendo todas las atracciones tur\u00edsticas, restaurantes, y mucho m\u00e1s. \u00c9l est\u00e1 m\u00e1s que feliz de ayudar con las reservas y la planificaci\u00f3n de su d\u00eda de turismo en Venecia.<br><strong>Fausto<\/strong> se puede encontrar en el hotel cada ma\u00f1ana y es su principal contacto con el hotel cuando se comunica a trav\u00e9s de correo electr\u00f3nico.<\/p>\n\n\n\n<h3 class=\"wp-block-heading\">\u00bfEst\u00e1s planeando tu viaje?<\/h3>\n\n\n\n<p>Hemos preparado una gu\u00eda sencilla y clara con toda la informaci\u00f3n \u00fatil sobre Alloggi Barbaria: nuestra ubicaci\u00f3n tranquila, c\u00f3mo llegar, el desayuno en la terraza, la cercan\u00eda a las islas y mucho m\u00e1s.<\/p>\n\n\n\n<p>\ud83d\udc49 <em><a href=\"https:\/\/alloggibarbaria.it\/es\/descubre-alloggi-barbaria-venecia\/\" data-type=\"link\" data-id=\"https:\/\/alloggibarbaria.it\/es\/descubre-alloggi-barbaria-venecia\/\">Lee nuestra Gu\u00eda completa para tu estancia<\/a><\/em><\/p>\n","protected":false},"excerpt":{"rendered":"<p>La familia Maroder, propietaria del Alloggi Barbaria, ha vivido en Venecia toda su vida.Despu\u00e9s de haber gestionado muchos hoteles en Venecia a lo largo de los a\u00f1os, en agosto de 2002 decidieron abrir el Alloggi Barbaria. Fausto, el propietario, ha estado aqu\u00ed desde su apertura en 2002.Fausto habla muchos idiomas, incluyendo ingl\u00e9s, espa\u00f1ol, franc\u00e9s, alem\u00e1n, [&hellip;]<\/p>\n","protected":false},"author":1,"featured_media":334,"parent":0,"menu_order":0,"comment_status":"closed","ping_status":"closed","template":"","meta":{"_acf_changed":false,"footnotes":""},"class_list":["post-553","page","type-page","status-publish","has-post-thumbnail","hentry"],"acf":[],"_links":{"self":[{"href":"https:\/\/alloggibarbaria.it\/es\/wp-json\/wp\/v2\/pages\/553","targetHints":{"allow":["GET"]}}],"collection":[{"href":"https:\/\/alloggibarbaria.it\/es\/wp-json\/wp\/v2\/pages"}],"about":[{"href":"https:\/\/alloggibarbaria.it\/es\/wp-json\/wp\/v2\/types\/page"}],"author":[{"embeddable":true,"href":"https:\/\/alloggibarbaria.it\/es\/wp-json\/wp\/v2\/users\/1"}],"replies":[{"embeddable":true,"href":"https:\/\/alloggibarbaria.it\/es\/wp-json\/wp\/v2\/comments?post=553"}],"version-history":[{"count":3,"href":"https:\/\/alloggibarbaria.it\/es\/wp-json\/wp\/v2\/pages\/553\/revisions"}],"predecessor-version":[{"id":1048,"href":"https:\/\/alloggibarbaria.it\/es\/wp-json\/wp\/v2\/pages\/553\/revisions\/1048"}],"wp:featuredmedia":[{"embeddable":true,"href":"https:\/\/alloggibarbaria.it\/es\/wp-json\/wp\/v2\/media\/334"}],"wp:attachment":[{"href":"https:\/\/alloggibarbaria.it\/es\/wp-json\/wp\/v2\/media?parent=553"}],"curies":[{"name":"wp","href":"https:\/\/api.w.org\/{rel}","templated":true}]}}