{"id":556,"date":"2023-11-03T07:57:04","date_gmt":"2023-11-03T07:57:04","guid":{"rendered":"https:\/\/staging.alloggibarbaria.it\/contacts\/"},"modified":"2024-01-17T07:34:37","modified_gmt":"2024-01-17T07:34:37","slug":"contactos","status":"publish","type":"page","link":"https:\/\/alloggibarbaria.it\/es\/contactos\/","title":{"rendered":"Contactos"},"content":{"rendered":"\n<div class=\"wp-block-columns is-layout-flex wp-container-core-columns-is-layout-9d6595d7 wp-block-columns-is-layout-flex\">\n<div class=\"wp-block-column is-layout-flow wp-block-column-is-layout-flow\">\n<h3 class=\"wp-block-heading\">Hotel Alloggi Barbaria<\/h3>\n\n\n\n<p>Calle de le Capucine<br>Castello 6573<br>Venezia 30122<br><a href=\"https:\/\/alloggibarbaria.it\/es\/how-to-arrive\/\">Ver mapa<\/a><\/p>\n<\/div>\n\n\n\n<div class=\"wp-block-column is-layout-flow wp-block-column-is-layout-flow\">\n<h3 class=\"wp-block-heading\">Horario<\/h3>\n\n\n\n<p><strong>Hora de entrada:<\/strong>&lt;&nbsp;para todas las habitaciones es a las 13:00<br><strong>Hora de salida:<\/strong>10:30<br><strong>Desayunos: <\/strong>07:00-10:00 am<\/p>\n\n\n\n<p><\/p>\n\n\n\n<p><\/p>\n<\/div>\n<\/div>\n\n\n\n<div class=\"wp-block-columns is-layout-flex wp-container-core-columns-is-layout-9d6595d7 wp-block-columns-is-layout-flex\">\n<div class=\"wp-block-column is-layout-flow wp-block-column-is-layout-flow\">\n<p><strong>Tasa tur\u00edstica no incluida en el precio de la habitaci\u00f3n.<\/strong><\/p>\n\n\n\n<p>Temporada alta 2 \u20ac por persona y noche<br>Gratis para ni\u00f1os de hasta 9 a\u00f1os.<br>50% de descuento para ni\u00f1os de 10 a 15 a\u00f1os.<\/p>\n<\/div>\n<\/div>\n","protected":false},"excerpt":{"rendered":"<p>Hotel Alloggi Barbaria Calle de le CapucineCastello 6573Venezia 30122Ver mapa Horario Hora de entrada:&lt;&nbsp;para todas las habitaciones es a las 13:00Hora de salida:10:30Desayunos: 07:00-10:00 am Tasa tur\u00edstica no incluida en el precio de la habitaci\u00f3n. Temporada alta 2 \u20ac por persona y nocheGratis para ni\u00f1os de hasta 9 a\u00f1os.50% de descuento para ni\u00f1os de 10 [&hellip;]<\/p>\n","protected":false},"author":1,"featured_media":763,"parent":0,"menu_order":0,"comment_status":"closed","ping_status":"closed","template":"templates\/contatti.php","meta":{"_acf_changed":false,"footnotes":""},"class_list":["post-556","page","type-page","status-publish","has-post-thumbnail","hentry"],"acf":[],"_links":{"self":[{"href":"https:\/\/alloggibarbaria.it\/es\/wp-json\/wp\/v2\/pages\/556","targetHints":{"allow":["GET"]}}],"collection":[{"href":"https:\/\/alloggibarbaria.it\/es\/wp-json\/wp\/v2\/pages"}],"about":[{"href":"https:\/\/alloggibarbaria.it\/es\/wp-json\/wp\/v2\/types\/page"}],"author":[{"embeddable":true,"href":"https:\/\/alloggibarbaria.it\/es\/wp-json\/wp\/v2\/users\/1"}],"replies":[{"embeddable":true,"href":"https:\/\/alloggibarbaria.it\/es\/wp-json\/wp\/v2\/comments?post=556"}],"version-history":[{"count":3,"href":"https:\/\/alloggibarbaria.it\/es\/wp-json\/wp\/v2\/pages\/556\/revisions"}],"predecessor-version":[{"id":767,"href":"https:\/\/alloggibarbaria.it\/es\/wp-json\/wp\/v2\/pages\/556\/revisions\/767"}],"wp:featuredmedia":[{"embeddable":true,"href":"https:\/\/alloggibarbaria.it\/es\/wp-json\/wp\/v2\/media\/763"}],"wp:attachment":[{"href":"https:\/\/alloggibarbaria.it\/es\/wp-json\/wp\/v2\/media?parent=556"}],"curies":[{"name":"wp","href":"https:\/\/api.w.org\/{rel}","templated":true}]}}