{"id":560,"date":"2024-01-11T17:49:25","date_gmt":"2024-01-11T17:49:25","guid":{"rendered":"https:\/\/staging.alloggibarbaria.it\/?page_id=560"},"modified":"2024-01-12T06:54:01","modified_gmt":"2024-01-12T06:54:01","slug":"politica-de-cookies","status":"publish","type":"page","link":"https:\/\/alloggibarbaria.it\/es\/politica-de-cookies\/","title":{"rendered":"Pol\u00edtica de cookies"},"content":{"rendered":"\n<p><strong>Regulations on the use of cookies<\/strong><\/p>\n\n\n\n<p>El acceso y navegaci\u00f3n en el sitio, o el uso de sus servicios implican la aceptaci\u00f3n de los T\u00e9rminos y Condiciones establecidos en nuestro aviso de privacidad (y por lo tanto la Pol\u00edtica de Privacidad y Pol\u00edtica de Cookies). Por favor, l\u00e9alas atentamente.<br>Le agradecemos que haya decidido visitarnos. Queremos que tu experiencia en el sitio sea la mejor posible, y por eso hemos redactado esta Pol\u00edtica de Cookies de la forma m\u00e1s transparente posible.El acceso y navegaci\u00f3n en el sitio, o el uso de sus servicios implican la aceptaci\u00f3n de los T\u00e9rminos y Condiciones establecidos en nuestro aviso de privacidad (y por lo tanto la Pol\u00edtica de Privacidad y Pol\u00edtica de Cookies). Por favor, l\u00e9alas atentamente.<br>Le agradecemos que haya decidido visitarnos. Queremos que tu experiencia en el sitio sea la mejor posible, y por eso hemos redactado esta Pol\u00edtica de Cookies de la forma m\u00e1s transparente posible.<\/p>\n\n\n\n<p><strong>\u00bfQu\u00e9 es una galleta?<\/strong><\/p>\n\n\n\n<p>Las cookies son archivos que contienen peque\u00f1as cantidades de informaci\u00f3n que se descargan en el dispositivo del usuario y se utilizan al visitar un sitio web. Su finalidad principal es reconocer al usuario cada vez que accede a nuestro sitio web y nos permite mejorar la calidad y la usabilidad del mismo.Las cookies son esenciales para el funcionamiento de Internet; no pueden da\u00f1ar su equipo\/dispositivo, si est\u00e1n activadas en la configuraci\u00f3n de su navegador, nos ayudan a identificar y resolver posibles errores de funcionamiento en nuestro sitio web.<\/p>\n\n\n\n<p><strong>Tipos de cookies<\/strong><\/p>\n\n\n\n<p>Existen diferentes tipos de cookies. Todas funcionan igual, pero tienen peque\u00f1as diferencias:<\/p>\n\n\n\n<ul class=\"wp-block-list\">\n<li><strong>Cookies de sesi\u00f3n<\/strong>. Las <strong>cookies de sesi\u00f3n<\/strong> duran s\u00f3lo por el tiempo que dura tu visita y se borran cuando cierras el navegador. Su finalidad principal es identificar el tipo de dispositivo, soporte de seguridad del sitio o sus funcionalidades b\u00e1sicas. No contienen informaci\u00f3n personal que nos permita identificar a una persona.<\/li>\n\n\n\n<li><strong>Cookies persistentes o permanentes<\/strong>&lt;\u00a0se almacenan en el disco duro del dispositivo y lee nuestro sitio web cada vez que usted lo visita en nuestro sitio; posee una fecha de caducidad o expiraci\u00f3n determinada, cumplida la cual la cookie deja de funcionar. Nos permiten identificar sus acciones y preferencias; analizar las visitas y nos ayudan a comprender c\u00f3mo llegan los usuarios a nuestro sitio y mejorar nuestros servicios.<\/li>\n\n\n\n<li><strong>Caracter\u00edstica de las cookies:<\/strong>&lt;\u00a0Permiten en nuestro sitio recordar decisiones tomadas por el usuario, o como su ID de inicio de sesi\u00f3n. La informaci\u00f3n que recopilan estas cookies es an\u00f3nima (no contiene ni su nombre, direcci\u00f3n u otros datos).<\/li>\n\n\n\n<li><strong>Cookies de terceros<\/strong>. Las cookies de terceros son las cookies que instala un sitio web que no es el que est\u00e1s visitando; por ejemplo, las utilizadas por redes sociales (como Facebook) o por complementos externos de contenido (como Google Maps). Adem\u00e1s, algunas empresas de publicidad utilizan este tipo de archivos para realizar un seguimiento de sus visitas en cada sitio que se anuncian.<\/li>\n\n\n\n<li><strong>Cookies Anal\u00edticas<\/strong>\u00a0son cookies que tienen por objeto garantizar el mantenimiento peri\u00f3dico y el mejor rendimiento y servicio al cliente; recopilando datos de su actividad.<\/li>\n\n\n\n<li><strong>Otras cookies de terceros<\/strong>: El sitio web tambi\u00e9n utiliza conectores con redes sociales (Facebook, Twitter, Linkedin, YouTube, Pinterest, etc.) que utilizan cookies que almacenan informaci\u00f3n del usuario. Estas cookies no est\u00e1n controladas por este sitio web. Para m\u00e1s informaci\u00f3n sobre las cookies de las redes sociales te aconsejamos consultar su propia pol\u00edtica de cookies.<\/li>\n<\/ul>\n\n\n\n<p><strong>Uso de cookies por en nuestro sitio<\/strong><\/p>\n\n\n\n<p>Al acceder a nuestro sitio, acepta expresamente que podamos utilizar dichas cookies en sus dispositivos. Si desactivas las cookies, puede que tu navegaci\u00f3n no sea \u00f3ptima y algunas de las utilidades disponibles no funcionen correctamente.<\/p>\n\n\n\n<p><strong>Cookies de terceros. Cookies de Google Analytics<\/strong>.<\/p>\n\n\n\n<p>El sitio utiliza el servicio Google Analytics, prestado por Google, Inc, con domicilio social en 1600 Amphitheatre Parkway, Mountain View (California), CA 94043, EE.UU. (\u00abGoogle\u00bb).<br>Google Analytics utiliza cookies para ayudarnos a analizar el uso que hacen los usuarios del sitio web. La informaci\u00f3n que genera la cookie acerca de su uso del website (incluyendo su direcci\u00f3n IP) ser\u00e1 directamente transmitida y archivada por Google en los servidores de Estados Unidos. Google usar\u00e1 esta informaci\u00f3n por cuenta nuestra con el prop\u00f3sito de seguir la pista de su uso del website, recopilando informes de la actividad del website y prestando otros servicios relacionados con la actividad del website y el uso de Internet. Google podr\u00e1 transmitir dicha informaci\u00f3n a terceros cuando as\u00ed se lo requiera la legislaci\u00f3n, o cuando dichos terceros procesen la informaci\u00f3n por cuenta de Google. Google no asociar\u00e1 su direcci\u00f3n IP con ning\u00fan otro dato del que disponga Google.<br>Si lo desea puede rechazar el tratamiento de los datos o la informaci\u00f3n rechazando el uso de cookies mediante la selecci\u00f3n de la configuraci\u00f3n apropiada de su navegador. No obstante, si lo hace, es posible que no pueda utilizar todas las funciones de este sitio. Al utilizar este sitio consientes el tratamiento de tu informaci\u00f3n por Google en la forma y para los fines arriba indicados;El sitio utiliza el servicio Google Analytics, prestado por Google, Inc, con domicilio social en 1600 Amphitheatre Parkway, Mountain View (California), CA 94043, EE.UU. (\u00abGoogle\u00bb).<br>Google Analytics utiliza cookies para ayudarnos a analizar el uso que hacen los usuarios del sitio web. La informaci\u00f3n que genera la cookie acerca de su uso del website (incluyendo su direcci\u00f3n IP) ser\u00e1 directamente transmitida y archivada por Google en los servidores de Estados Unidos. Google usar\u00e1 esta informaci\u00f3n por cuenta nuestra con el prop\u00f3sito de seguir la pista de su uso del website, recopilando informes de la actividad del website y prestando otros servicios relacionados con la actividad del website y el uso de Internet. Google podr\u00e1 transmitir dicha informaci\u00f3n a terceros cuando as\u00ed se lo requiera la legislaci\u00f3n, o cuando dichos terceros procesen la informaci\u00f3n por cuenta de Google. Google no asociar\u00e1 su direcci\u00f3n IP con ning\u00fan otro dato del que disponga Google.<br><\/p>\n\n\n\n<p>Nombre de las cookies:_utma<br>_utmb<br>_utmc<br>_utmvbreak=\u00bbtrue\u00bb&gt;_utmv<br>_utmz<\/p>\n\n\n\n<p>Prop\u00f3sito de las cookies:Nombre de las cookies:_utma<br>_utmb<br>_utmc<br>_utmvbreak=\u00bbtrue\u00bb>_utmv_utmzProp\u00f3sito de las cookies:<\/p>\n\n\n\n<p>Estas cookies de Google Analytics generan un ID de usuario an\u00f3nimo, que es el que se utiliza para hacer un recuento de cuantas veces visita el sitio el usuario de nuestra web. Tambi\u00e9n se registra cuando es la primera y la \u00faltima vez que visita la web. Se calcula cuando se ha terminado una sesi\u00f3n, origen del usuario y palabra clave.<\/p>\n\n\n\n<p><strong>Configuraci\u00f3n del usuario para evitar las Cookies<\/strong><\/p>\n\n\n\n<p>Desde nuestra web y en cumplimiento de la normativa legal vigente, ponemos a tu disposici\u00f3n la informaci\u00f3n que te permita configurar tu navegador\/navegadores de Internet para mantener tu privacidad y seguridad en relaci\u00f3n a las cookies. Por ello, te facilitamos la informaci\u00f3n y enlaces a los sitos oficiales de los principales navegadores compatibles para que puedas decidir si deseas o no aceptar el uso de cookies.<\/p>\n\n\n\n<p>Puede bloquear las cookies a trav\u00e9s de las herramientas de configuraci\u00f3n del navegador o puede configurar su navegador para que le notifique cuando un servidor quiere una cookie:<\/p>\n\n\n\n<ul class=\"wp-block-list\">\n<li>Si utiliza Microsoft Internet Explorer, en el men\u00fa Herramientas> Opciones de Internet> Privacidad> Configuraci\u00f3n. Para m\u00e1s informaci\u00f3n, visite http:\/\/windows.microsoft.com\/es-es\/windows-vista\/block-or-allow-cookies y http:\/\/windows.microsoft.com\/es-es\/windows7\/how-to- manage-cookies-in-internet-explorer-9.<\/li>\n\n\n\n<li>Si utiliza Firefox, la opci\u00f3n en Herramientas> Opciones> Privacidad> Cookies men\u00fa. Para m\u00e1s informaci\u00f3n, visite https:\/\/support.mozilla.org\/es\/kb\/habilitar-y-deshabilitar-cookies-que-los-sitios-web<\/li>\n\n\n\n<li>Si utilizas Chrome, secci\u00f3n Opciones> Opciones avanzadas> Privacidad. Para saber m\u00e1s http:\/\/support.google.com\/chrome\/bin\/answer.py?hl=es&amp;answer=95647<\/li>\n\n\n\n<li>Si utilizas Opera, en la opci\u00f3n Privacidad y Seguridad, puedes configurar el navegador. Para m\u00e1s informaci\u00f3n, visite http:\/\/www.opera.com\/help\/tutorials\/security\/cookies\/<\/li>\n<\/ul>\n","protected":false},"excerpt":{"rendered":"<p>Regulations on the use of cookies El acceso y navegaci\u00f3n en el sitio, o el uso de sus servicios implican la aceptaci\u00f3n de los T\u00e9rminos y Condiciones establecidos en nuestro aviso de privacidad (y por lo tanto la Pol\u00edtica de Privacidad y Pol\u00edtica de Cookies). Por favor, l\u00e9alas atentamente.Le agradecemos que haya decidido visitarnos. Queremos [&hellip;]<\/p>\n","protected":false},"author":1,"featured_media":0,"parent":0,"menu_order":0,"comment_status":"closed","ping_status":"closed","template":"","meta":{"_acf_changed":false,"footnotes":""},"class_list":["post-560","page","type-page","status-publish","hentry"],"acf":[],"_links":{"self":[{"href":"https:\/\/alloggibarbaria.it\/es\/wp-json\/wp\/v2\/pages\/560","targetHints":{"allow":["GET"]}}],"collection":[{"href":"https:\/\/alloggibarbaria.it\/es\/wp-json\/wp\/v2\/pages"}],"about":[{"href":"https:\/\/alloggibarbaria.it\/es\/wp-json\/wp\/v2\/types\/page"}],"author":[{"embeddable":true,"href":"https:\/\/alloggibarbaria.it\/es\/wp-json\/wp\/v2\/users\/1"}],"replies":[{"embeddable":true,"href":"https:\/\/alloggibarbaria.it\/es\/wp-json\/wp\/v2\/comments?post=560"}],"version-history":[{"count":3,"href":"https:\/\/alloggibarbaria.it\/es\/wp-json\/wp\/v2\/pages\/560\/revisions"}],"predecessor-version":[{"id":564,"href":"https:\/\/alloggibarbaria.it\/es\/wp-json\/wp\/v2\/pages\/560\/revisions\/564"}],"wp:attachment":[{"href":"https:\/\/alloggibarbaria.it\/es\/wp-json\/wp\/v2\/media?parent=560"}],"curies":[{"name":"wp","href":"https:\/\/api.w.org\/{rel}","templated":true}]}}