{"id":566,"date":"2023-10-23T09:36:04","date_gmt":"2023-10-23T09:36:04","guid":{"rendered":"https:\/\/staging.alloggibarbaria.it\/faq\/"},"modified":"2025-11-03T11:01:33","modified_gmt":"2025-11-03T11:01:33","slug":"faq","status":"publish","type":"page","link":"https:\/\/alloggibarbaria.it\/es\/faq\/","title":{"rendered":"FAQ"},"content":{"rendered":"<div id=\"rank-math-faq\" class=\"rank-math-block\">\n<div class=\"rank-math-list \">\n<div id=\"faq-question-69088b8dd3e2b\" class=\"rank-math-list-item\">\n<h3 class=\"rank-math-question \"><strong>\u00bfA qu\u00e9 hora podemos hacer el check-in y el check-out?<\/strong><\/h3>\n<div class=\"rank-math-answer \">\n\n<p>La hora de entrada en todas las habitaciones es a las 13:00 y la de salida, a las 10:30. Si llega temprano puede dejar su equipaje en la propiedad antes del check-in. Nuestro l\u00edmite de check-in es a las 19:00, para llegadas m\u00e1s tarde debe ponerse en contacto con nosotros con antelaci\u00f3n.<\/p>\n\n<\/div>\n<\/div>\n<div id=\"faq-question-69088b8dd3e2e\" class=\"rank-math-list-item\">\n<h3 class=\"rank-math-question \"><strong>\u00bfEl precio es por habitaci\u00f3n o por persona?<\/strong><\/h3>\n<div class=\"rank-math-answer \">\n\n<p>El precio es por habitaci\u00f3n, incluye el servicio y el IVA (pero no la tasa tur\u00edstica).<\/p>\n\n<\/div>\n<\/div>\n<div id=\"faq-question-69088b8dd3e2f\" class=\"rank-math-list-item\">\n<h3 class=\"rank-math-question \"><strong>\u00bfEl desayuno est\u00e1 incluido en el precio y qu\u00e9 tipo de desayuno?<\/strong><\/h3>\n<div class=\"rank-math-answer \">\n\n<p>S\u00ed, el desayuno al estilo italiano est\u00e1 incluido en el precio. Nuestro desayuno consiste en caf\u00e9 (o t\u00e9 o chocolate caliente), zumo, panecillos, boller\u00eda variada, mermeladas, yogur, nutella, mantequilla y queso.<\/p>\n\n<\/div>\n<\/div>\n<div id=\"faq-question-69088b8dd3e30\" class=\"rank-math-list-item\">\n<h3 class=\"rank-math-question \"><strong>\u00bfTienen terraza las habitaciones?<\/strong><\/h3>\n<div class=\"rank-math-answer \">\n\n<p>Las habitaciones no tienen terraza, pero las amplias ventanas permiten que entre el sol y el aire fresco a cualquier hora. Algunas de las habitaciones dan a un patio ajardinado.<\/p>\n\n<\/div>\n<\/div>\n<div id=\"faq-question-69088b8dd3e31\" class=\"rank-math-list-item\">\n<h3 class=\"rank-math-question \"><strong>\u00bfDisponen de habitaciones para no fumadores?<\/strong><\/h3>\n<div class=\"rank-math-answer \">\n\n<p>Alloggi Barbaria s\u00f3lo dispone de habitaciones para no fumadores.<\/p>\n\n<\/div>\n<\/div>\n<div id=\"faq-question-69088b8dd3e32\" class=\"rank-math-list-item\">\n<h3 class=\"rank-math-question \"><strong>\u00bfHay tel\u00e9fono con marcaci\u00f3n directa en las habitaciones?<\/strong><\/h3>\n<div class=\"rank-math-answer \">\n\n<p>Todas las habitaciones disponen de tel\u00e9fono de marcaci\u00f3n directa.<\/p>\n\n<\/div>\n<\/div>\n<div id=\"faq-question-69088b8dd3e33\" class=\"rank-math-list-item\">\n<h3 class=\"rank-math-question \"><strong>\u00bfHay aire acondicionado en las habitaciones? Hay alg\u00fan cargo extra por ello? \u00bfEs estacional?<\/strong><\/h3>\n<div class=\"rank-math-answer \">\n\n<p>Todas las habitaciones tienen aire acondicionado. No se cobra suplemento por ello. Este servicio es de temporada de junio a septiembre, por decisi\u00f3n del Ayuntamiento de Venecia.<\/p>\n\n<\/div>\n<\/div>\n<div id=\"faq-question-69088b8dd3e34\" class=\"rank-math-list-item\">\n<h3 class=\"rank-math-question \"><strong>\u00bfTiene un punto de Internet\/E-Mail en la Propiedad?<\/strong><\/h3>\n<div class=\"rank-math-answer \">\n\n<p>El Alloggi Barbaria dispone de servicio WiFi gratuito en las zonas comunes y en algunas habitaciones.<\/p>\n\n<\/div>\n<\/div>\n<div id=\"faq-question-69088b8dd3e35\" class=\"rank-math-list-item\">\n<h3 class=\"rank-math-question \"><strong>\u00bfHay alg\u00fan supermercado cerca?<\/strong><\/h3>\n<div class=\"rank-math-answer \">\n\n<p>Hay un supermercado a s\u00f3lo 1 minuto a pie del Alloggi Barbaria.<\/p>\n\n<\/div>\n<\/div>\n<div id=\"faq-question-69088b8dd3e36\" class=\"rank-math-list-item\">\n<h3 class=\"rank-math-question \"><strong>\u00bfHay aparcamiento o garaje disponible?<\/strong><\/h3>\n<div class=\"rank-math-answer \">\n\n<p>Cerca de la terminal de autobuses de Venecia hay un amplio aparcamiento. Los hu\u00e9spedes que necesiten ayuda para localizar aparcamiento para su coche pueden ponerse en contacto con el hotel, que estar\u00e1 encantado de ayudarle a encontrar el mejor alojamiento para su coche.<\/p>\n\n<\/div>\n<\/div>\n<div id=\"faq-question-69088b8dd3e37\" class=\"rank-math-list-item\">\n<h3 class=\"rank-math-question \"><strong>\u00bfTienen servicio de recogida o traslado desde y hacia el aeropuerto?<\/strong><\/h3>\n<div class=\"rank-math-answer \">\n\n<p>No ofrecemos un servicio de transporte desde el aeropuerto, pero es muy f\u00e1cil y barato llegar a Alloggi Barbaria desde el aeropuerto internacional de Venecia Marco Polo. Visite nuestra p\u00e1gina C\u00f3mo llegar para m\u00e1s detalles.<\/p>\n\n<\/div>\n<\/div>\n<div id=\"faq-question-69088b8dd3e38\" class=\"rank-math-list-item\">\n<h3 class=\"rank-math-question \"><strong>\u00bfCu\u00e1l es la parada de \u00abvaporetto\u00bb (transporte p\u00fablico acu\u00e1tico) m\u00e1s cercana?<\/strong><\/h3>\n<div class=\"rank-math-answer \">\n\n<p>La parada de \u00abvaporetto\u00bb m\u00e1s cercana, Ospedale, est\u00e1 a menos de 2 minutos a pie de la propiedad, sin puentes que cruzar.<\/p>\n\n<\/div>\n<\/div>\n<div id=\"faq-question-69088b8dd3e39\" class=\"rank-math-list-item\">\n<h3 class=\"rank-math-question \"><strong>\u00bfHay restaurante en la Propiedad?<\/strong><\/h3>\n<div class=\"rank-math-answer \">\n\n<p>No, no hay un restaurante en la propiedad, pero hay muchos restaurantes italianos genuinos cerca de Alloggi Barbaria. No dude en pedir recomendaciones a nuestro personal.<\/p>\n\n<\/div>\n<\/div>\n<div id=\"faq-question-69088b8dd3e3a\" class=\"rank-math-list-item\">\n<h3 class=\"rank-math-question \"><strong>\u00bfCu\u00e1l es su pol\u00edtica de cancelaci\u00f3n?<\/strong><\/h3>\n<div class=\"rank-math-answer \">\n\n<p>Depende del tipo de alojamiento que haya reservado, consulte la confirmaci\u00f3n de su reserva.<\/p>\n\n<\/div>\n<\/div>\n<\/div>\n<\/div>","protected":false},"excerpt":{"rendered":"","protected":false},"author":1,"featured_media":0,"parent":0,"menu_order":0,"comment_status":"closed","ping_status":"closed","template":"","meta":{"_acf_changed":false,"footnotes":""},"class_list":["post-566","page","type-page","status-publish","hentry"],"acf":[],"_links":{"self":[{"href":"https:\/\/alloggibarbaria.it\/es\/wp-json\/wp\/v2\/pages\/566","targetHints":{"allow":["GET"]}}],"collection":[{"href":"https:\/\/alloggibarbaria.it\/es\/wp-json\/wp\/v2\/pages"}],"about":[{"href":"https:\/\/alloggibarbaria.it\/es\/wp-json\/wp\/v2\/types\/page"}],"author":[{"embeddable":true,"href":"https:\/\/alloggibarbaria.it\/es\/wp-json\/wp\/v2\/users\/1"}],"replies":[{"embeddable":true,"href":"https:\/\/alloggibarbaria.it\/es\/wp-json\/wp\/v2\/comments?post=566"}],"version-history":[{"count":2,"href":"https:\/\/alloggibarbaria.it\/es\/wp-json\/wp\/v2\/pages\/566\/revisions"}],"predecessor-version":[{"id":850,"href":"https:\/\/alloggibarbaria.it\/es\/wp-json\/wp\/v2\/pages\/566\/revisions\/850"}],"wp:attachment":[{"href":"https:\/\/alloggibarbaria.it\/es\/wp-json\/wp\/v2\/media?parent=566"}],"curies":[{"name":"wp","href":"https:\/\/api.w.org\/{rel}","templated":true}]}}