{"id":573,"date":"2023-10-23T09:30:16","date_gmt":"2023-10-23T09:30:16","guid":{"rendered":"https:\/\/staging.alloggibarbaria.it\/how-to-arrive\/"},"modified":"2024-01-12T08:02:35","modified_gmt":"2024-01-12T08:02:35","slug":"how-to-arrive","status":"publish","type":"page","link":"https:\/\/alloggibarbaria.it\/es\/how-to-arrive\/","title":{"rendered":"C\u00f3mo llegar"},"content":{"rendered":"\n<div class=\"wp-block-buttons is-content-justification-center is-layout-flex wp-container-core-buttons-is-layout-8057eaf3 wp-block-buttons-is-layout-flex\">\n<div class=\"wp-block-button has-custom-width wp-block-button__width-50\"><a class=\"wp-block-button__link has-background has-text-align-center wp-element-button\" href=\"https:\/\/alloggibarbaria.it\/wp-content\/uploads\/2023\/10\/mappaAlloggiBarbariaFreccia.pdf\" style=\"background-color:#4fb4a7\" target=\"_blank\" rel=\"noreferrer noopener\">Imprimir el mapa en formato PDF<\/a><\/div>\n<\/div>\n\n\n\n<p>Si tiene alg\u00fan problema para llegar a nuestra propiedad, ll\u00e1menos al n\u00famero de tel\u00e9fono 041 5222750. Estaremos encantados de indicarle el camino m\u00e1s corto para llegar.<\/p>\n\n\n\n<p><strong>Direcciones desde el Aeropuerto Internacional Marco Polo de Venecia:<\/strong><\/p>\n\n\n<div class=\"wp-block-image\">\n<figure class=\"aligncenter\"><a href=\"https:\/\/alloggibarbaria.it\/wp-content\/uploads\/2023\/10\/MappaSatelliteNew.jpg\" data-lbwps-width=\"300\" data-lbwps-height=\"294\" data-lbwps-srcsmall=\"https:\/\/alloggibarbaria.it\/wp-content\/uploads\/2023\/10\/MappaSatelliteNew.jpg\"><img decoding=\"async\" src=\"https:\/\/alloggibarbaria.it\/wp-content\/uploads\/2023\/10\/MappaSatelliteNew.jpg\" alt=\"\" class=\"wp-image-291\"\/><\/a><\/figure><\/div>\n\n\n<p>Tome la <strong>L\u00ednea Azul Alilaguna<\/strong> del autob\u00fas acu\u00e1tico, (consulte los horarios en <a href=\"https:\/\/www.alilaguna.it\" target=\"_blank\" rel=\"noreferrer noopener\">www.alilaguna.it<\/a>) y b\u00e1jese en la parada \u00ab<strong>Ospedale<\/strong>\u00ab.<br>Gire a la izquierda y siga andando hasta que no pueda m\u00e1s. Gire a la derecha por la calle delle Cappuccine hasta el n\u00famero 6573 (Castello). Nuestra propiedad se encuentra en el lado izquierdo del callej\u00f3n.<\/p>\n\n\n\n<p><strong>Direcciones desde el aeropuerto de Treviso:<\/strong><\/p>\n\n\n\n<p>Tome el <strong>autob\u00fas ATVO<\/strong> para Venecia (consulte los horarios en <a href=\"https:\/\/www.atvo.it\" target=\"_blank\" rel=\"noreferrer noopener\">www.atvo.it<\/a> ) y b\u00e1jese en <strong>Piazzale Roma<\/strong>. Tome el <strong>vaporetto #5.2<\/strong>, transporte p\u00fablico acu\u00e1tico (consulte los horarios en <a href=\"https:\/\/www.actv.it\" target=\"_blank\" rel=\"noreferrer noopener\">www.actv.it<\/a> ) hasta la parada \u00ab<strong>Ospedale<\/strong>\u00ab. Gire a la izquierda al bajar del barco, (no entre en el hospital), y siga andando hasta que no pueda m\u00e1s. Gire a la derecha por la calle delle Cappuccine hasta el n\u00famero 6573 (Castello). Nuestra propiedad se encuentra en el lado izquierdo del callej\u00f3n.<\/p>\n\n\n\n<p><strong>Direcciones desde la estaci\u00f3n de tren de Santa Lucia o desde el aparcamiento de Piazzale Roma:<\/strong><\/p>\n\n\n<div class=\"wp-block-image\">\n<figure class=\"aligncenter\"><img decoding=\"async\" src=\"https:\/\/alloggibarbaria.it\/wp-content\/uploads\/2023\/10\/Train.jpg\" alt=\"\" class=\"wp-image-91\"\/><\/figure><\/div>\n\n\n<p>Tome el <strong>vaporetto n\u00ba 5.2<\/strong>, transporte p\u00fablico acu\u00e1tico, (consulte los horarios en <a href=\"https:\/\/www.actv.it\" target=\"_blank\" rel=\"noreferrer noopener\">www.actv.it<\/a> ) hasta la parada \u00abOspedale\u00bb. Gire a la izquierda al bajar del barco, (no entre en el hospital), y siga andando hasta que no pueda m\u00e1s. Gire a la derecha por la Calle delle Cappuccine hasta el #6573 (Castello). Nuestra propiedad se encuentra en el lado izquierdo del callej\u00f3n.<\/p>\n\n\n<div class=\"wp-block-image\">\n<figure class=\"aligncenter\"><img decoding=\"async\" src=\"https:\/\/alloggibarbaria.it\/wp-content\/uploads\/2023\/10\/alloggi-map2.jpg\" alt=\"\" class=\"wp-image-89\"\/><\/figure><\/div>\n\n\n<p><strong>Direcciones desde la terminal de cruceros de Venecia:<\/strong><\/p>\n\n\n\n<p>Tome la l\u00ednea azul del autob\u00fas acu\u00e1tico Alilaguna (consulte los horarios en <a href=\"https:\/\/www.alilaguna.it\" target=\"_blank\" rel=\"noreferrer noopener\">www.alilaguna.it<\/a>) y b\u00e1jese en la parada Ospedale. Tenga en cuenta que el autob\u00fas acu\u00e1tico Alilaguna solo se detendr\u00e1 en Ospedale previa solicitud. Aseg\u00farese de notificar a uno de los asistentes del autob\u00fas acu\u00e1tico que desea bajarse en la parada Ospedale. A continuaci\u00f3n, gire a la izquierda y siga andando hasta que no pueda m\u00e1s. Gire a la derecha por la calle delle Cappuccine hasta el n\u00famero 6573 (Castello). Nuestra propiedad se encuentra en el lado izquierdo del callej\u00f3n.<\/p>\n","protected":false},"excerpt":{"rendered":"<p>Si tiene alg\u00fan problema para llegar a nuestra propiedad, ll\u00e1menos al n\u00famero de tel\u00e9fono 041 5222750. Estaremos encantados de indicarle el camino m\u00e1s corto para llegar. Direcciones desde el Aeropuerto Internacional Marco Polo de Venecia: Tome la L\u00ednea Azul Alilaguna del autob\u00fas acu\u00e1tico, (consulte los horarios en www.alilaguna.it) y b\u00e1jese en la parada \u00abOspedale\u00ab.Gire a [&hellip;]<\/p>\n","protected":false},"author":1,"featured_media":0,"parent":0,"menu_order":0,"comment_status":"closed","ping_status":"closed","template":"","meta":{"_acf_changed":false,"footnotes":""},"class_list":["post-573","page","type-page","status-publish","hentry"],"acf":[],"_links":{"self":[{"href":"https:\/\/alloggibarbaria.it\/es\/wp-json\/wp\/v2\/pages\/573","targetHints":{"allow":["GET"]}}],"collection":[{"href":"https:\/\/alloggibarbaria.it\/es\/wp-json\/wp\/v2\/pages"}],"about":[{"href":"https:\/\/alloggibarbaria.it\/es\/wp-json\/wp\/v2\/types\/page"}],"author":[{"embeddable":true,"href":"https:\/\/alloggibarbaria.it\/es\/wp-json\/wp\/v2\/users\/1"}],"replies":[{"embeddable":true,"href":"https:\/\/alloggibarbaria.it\/es\/wp-json\/wp\/v2\/comments?post=573"}],"version-history":[{"count":1,"href":"https:\/\/alloggibarbaria.it\/es\/wp-json\/wp\/v2\/pages\/573\/revisions"}],"predecessor-version":[{"id":574,"href":"https:\/\/alloggibarbaria.it\/es\/wp-json\/wp\/v2\/pages\/573\/revisions\/574"}],"wp:attachment":[{"href":"https:\/\/alloggibarbaria.it\/es\/wp-json\/wp\/v2\/media?parent=573"}],"curies":[{"name":"wp","href":"https:\/\/api.w.org\/{rel}","templated":true}]}}