{"id":576,"date":"2023-10-23T09:25:23","date_gmt":"2023-10-23T09:25:23","guid":{"rendered":"https:\/\/staging.alloggibarbaria.it\/neighborhood\/"},"modified":"2024-01-12T10:40:42","modified_gmt":"2024-01-12T10:40:42","slug":"barrio","status":"publish","type":"page","link":"https:\/\/alloggibarbaria.it\/es\/barrio\/","title":{"rendered":"Barrio"},"content":{"rendered":"\n<p>Encontrar un&nbsp;<strong>hotel asequible en Venecia<\/strong>&nbsp;representa un factor importante en una ciudad bastante cara.&nbsp;<strong>Alojar en Venecia<\/strong>&nbsp;puede ser caro, pero desde 2002 existe un hotel asequible como&nbsp;<strong>Alloggi Barbaria<\/strong>. Elegir este asequible&nbsp;<strong>hotel para su estancia en Venecia<\/strong>&nbsp;significa ahorrar algo de dinero y obtener un alto nivel de limpieza y decoro sin renunciar a las comodidades que ofrece un hotel m\u00e1s caro.<\/p>\n\n\n<div class=\"wp-block-image\">\n<figure class=\"alignright\"><img decoding=\"async\" src=\"https:\/\/alloggibarbaria.it\/wp-content\/uploads\/2023\/10\/Chiesa_San_Giovanni_e_Paolo.jpg\" alt=\"\" class=\"wp-image-73\"\/><\/figure><\/div>\n\n\n<p>Nuestro alojamiento es una propiedad familiar y le ofrece un ambiente acogedor que no suele encontrar en los grandes hoteles.<\/p>\n\n\n\n<p><a href=\"https:\/\/alloggibarbaria.it\/es\/how-to-arrive\/\">C\u00f3mo llegar<\/a>\u00a0es f\u00e1cil y barato. Desde el\u00a0<strong>Piazzale Roma<\/strong>\u00a0aparcamiento de coches o desde el tren\u00a0<strong>estaci\u00f3n Santa Lucia<\/strong>\u00a0hay que tomar el vaporetto\u00a0<a href=\"http:\/\/www.actv.it\/\" target=\"_blank\" rel=\"noreferrer noopener\">Actv<\/a>\u00a0l\u00ednea #52 y bajar en la parada \u00abOspedale\u00bb. Desde la parada \u00abOspedale\u00bb hay un corto paseo hasta Alloggi Barbaria.<\/p>\n\n\n\n<p><strong>Desde el Aeropuerto Internacional Marco Polo hay una forma econ\u00f3mica de llegar a Alloggi Barbaria<\/strong>, tomando el vaporetto L\u00ednea Azul proporcionado por&nbsp;<a href=\"http:\/\/www.alilaguna.it\/\" target=\"_blank\" rel=\"noreferrer noopener\">Alilaguna<\/a>&nbsp;y baj\u00e1ndose en la parada \u00abOspedale\u00bb. Desde all\u00ed hay unos minutos a pie hasta este asequible hotel.<\/p>\n\n\n<div class=\"wp-block-image\">\n<figure class=\"alignleft\"><img decoding=\"async\" src=\"https:\/\/alloggibarbaria.it\/wp-content\/uploads\/2023\/10\/Monumento_Colleoni.jpg\" alt=\"\" class=\"wp-image-75\"\/><\/figure><\/div>\n\n\n<p>El hotel est\u00e1 a unos&nbsp;<strong>12 minutos a pie<\/strong>&nbsp;de los principales lugares de inter\u00e9s de Venecia como&nbsp;<strong>la Plaza de San Marcos<\/strong>&nbsp;o el&nbsp;<strong>Puente de Rialto<\/strong>. Su ubicaci\u00f3n permite dar cortos paseos y alojarse y dormir en una zona tranquila y no tur\u00edstica de la ciudad: el&nbsp;<strong>barrio de Castello<\/strong>.<\/p>\n\n\n\n<p>En los alrededores del hotel hay una tienda de comestibles asequible. A pocos minutos a pie se encuentra la <strong>Iglesia de San Giovanni e Paolo<\/strong>, antigua bas\u00edlica, notable edificio de la \u00e9poca g\u00f3tica. Fuera de la iglesia se encuentra el destacado monumento ecuestre dedicado al comandante de Venecia <strong>Bartolomeo Colleoni<\/strong>, obra del escultor florentino Andrea Verrocchio (1481-1488). En la misma plaza se puede admirar la fachada de la <strong>Gran Escuela de San Marcos<\/strong>, terminada en 1495 (estilo renacentista) por un proyecto del arquitecto Mauro Codussi.<\/p>\n\n\n<div class=\"wp-block-image\">\n<figure class=\"alignright\"><img decoding=\"async\" src=\"https:\/\/alloggibarbaria.it\/wp-content\/uploads\/2023\/10\/Scuola_Grande_San_Marco.jpg\" alt=\"\" class=\"wp-image-76\"\/><\/figure><\/div>\n\n\n<p>A continuaci\u00f3n, puede pasar por la concurrida calle Lunga, al final del callej\u00f3n se encuentra la emocionante&nbsp;Plaza de Santa Mar\u00eda Formosa&nbsp;con la iglesia omon\u00edmica. En su interior, los amantes de la m\u00fasica cl\u00e1sica pueden asistir por la noche a&nbsp;<a href=\"http:\/\/www.innvenice.com\/en.Music.htm\" target=\"_blank\" rel=\"noreferrer noopener\">conciertos<\/a>.<\/p>\n\n\n\n<p>Si desea realizar una excursi\u00f3n asequible a las islas de la&nbsp;<strong>Laguna de Venecia<\/strong>, el hotel es el punto de partida perfecto. Tomar el vaporetto desde la parada \u00abOspedale\u00bb es el m\u00e9todo m\u00e1s asequible para llegar a&nbsp;<a href=\"http:\/\/www.innvenice.com\/en.Murano-Island.htm\" target=\"_blank\" rel=\"noreferrer noopener\">Murano<\/a>&nbsp;(la \u00abisla de cristal\u00bb) en un breve trayecto. Pero en un paseo de 40 minutos, saliendo de la parada \u00abFondamente Nove\u00bb, podr\u00e1 visitar las islas de&nbsp;<a href=\"http:\/\/www.innvenice.com\/en.Burano-Island.htm\" target=\"_blank\" rel=\"noreferrer noopener\">Burano<\/a>&nbsp;(la isla del encaje), y&nbsp;<a href=\"http:\/\/www.innvenice.com\/en.Torcello-Island.htm\" target=\"_blank\" rel=\"noreferrer noopener\">Torcello<\/a>&nbsp;(la isla m\u00e1s antigua de la Laguna).<\/p>\n\n\n\n<p>Busca m\u00e1s informaci\u00f3n sobre Venecia? Consulte nuestra<strong>&nbsp;<a href=\"http:\/\/www.innvenice.com\/venice.index.htm\" target=\"_blank\" rel=\"noreferrer noopener\">Gu\u00eda de Venecia<\/a><\/strong>.<\/p>\n\n\n\n<p>Para m\u00e1s informaci\u00f3n sobre este asequible hotel de Venecia, p\u00f3ngase en contacto con nuestro personal, que estar\u00e1 encantado de responder a sus preguntas.<\/p>\n","protected":false},"excerpt":{"rendered":"<p>Encontrar un&nbsp;hotel asequible en Venecia&nbsp;representa un factor importante en una ciudad bastante cara.&nbsp;Alojar en Venecia&nbsp;puede ser caro, pero desde 2002 existe un hotel asequible como&nbsp;Alloggi Barbaria. Elegir este asequible&nbsp;hotel para su estancia en Venecia&nbsp;significa ahorrar algo de dinero y obtener un alto nivel de limpieza y decoro sin renunciar a las comodidades que ofrece un [&hellip;]<\/p>\n","protected":false},"author":1,"featured_media":339,"parent":0,"menu_order":0,"comment_status":"closed","ping_status":"closed","template":"","meta":{"_acf_changed":false,"footnotes":""},"class_list":["post-576","page","type-page","status-publish","has-post-thumbnail","hentry"],"acf":[],"_links":{"self":[{"href":"https:\/\/alloggibarbaria.it\/es\/wp-json\/wp\/v2\/pages\/576","targetHints":{"allow":["GET"]}}],"collection":[{"href":"https:\/\/alloggibarbaria.it\/es\/wp-json\/wp\/v2\/pages"}],"about":[{"href":"https:\/\/alloggibarbaria.it\/es\/wp-json\/wp\/v2\/types\/page"}],"author":[{"embeddable":true,"href":"https:\/\/alloggibarbaria.it\/es\/wp-json\/wp\/v2\/users\/1"}],"replies":[{"embeddable":true,"href":"https:\/\/alloggibarbaria.it\/es\/wp-json\/wp\/v2\/comments?post=576"}],"version-history":[{"count":4,"href":"https:\/\/alloggibarbaria.it\/es\/wp-json\/wp\/v2\/pages\/576\/revisions"}],"predecessor-version":[{"id":623,"href":"https:\/\/alloggibarbaria.it\/es\/wp-json\/wp\/v2\/pages\/576\/revisions\/623"}],"wp:featuredmedia":[{"embeddable":true,"href":"https:\/\/alloggibarbaria.it\/es\/wp-json\/wp\/v2\/media\/339"}],"wp:attachment":[{"href":"https:\/\/alloggibarbaria.it\/es\/wp-json\/wp\/v2\/media?parent=576"}],"curies":[{"name":"wp","href":"https:\/\/api.w.org\/{rel}","templated":true}]}}