{"id":962,"date":"2025-12-03T18:18:09","date_gmt":"2025-12-03T18:18:09","guid":{"rendered":"https:\/\/alloggibarbaria.it\/?page_id=962"},"modified":"2025-12-04T11:04:28","modified_gmt":"2025-12-04T11:04:28","slug":"como-llegar-a-alloggi-barbaria","status":"publish","type":"page","link":"https:\/\/alloggibarbaria.it\/es\/como-llegar-a-alloggi-barbaria\/","title":{"rendered":"C\u00f3mo llegar f\u00e1cilmente a Alloggi Barbaria"},"content":{"rendered":"\n<p>Llegar a Alloggi Barbaria es muy sencillo, vengas desde donde vengas.<br>Nos encontramos en el <strong><a href=\"https:\/\/es.wikipedia.org\/wiki\/Castello_(Venecia)\" target=\"_blank\" data-type=\"link\" data-id=\"https:\/\/es.wikipedia.org\/wiki\/Castello_(Venecia)\" rel=\"noreferrer noopener\">barrio de Castello<\/a><\/strong>, en una zona <strong>tranquila y bien comunicada<\/strong>, a pocos minutos a pie de las paradas de vaporetto <strong>\u201cOspedale\u201d<\/strong> y <strong>\u201cFondamente Nove\u201d<\/strong>.<br>Nuestra ubicaci\u00f3n te permite llegar f\u00e1cilmente desde el aeropuerto, la estaci\u00f3n de tren o Piazzale Roma.<\/p>\n\n\n\n<h3 class=\"wp-block-heading\"><strong>Desde el Aeropuerto Marco Polo (VCE)<\/strong><\/h3>\n\n\n\n<p>Puedes tomar la <strong><a href=\"https:\/\/www.alilaguna.it\/en\/linee\/blue-line\" target=\"_blank\" data-type=\"link\" data-id=\"https:\/\/www.alilaguna.it\/en\/linee\/blue-line\" rel=\"noreferrer noopener nofollow\">l\u00ednea Alilaguna Azul<\/a><\/strong>, que conecta directamente el aeropuerto con Fondamente Nove.<br>Una vez all\u00ed, solo necesitas caminar unos minutos para llegar al hotel.<br>Es la soluci\u00f3n m\u00e1s c\u00f3moda y pr\u00e1ctica \u2014 especialmente si llevas equipaje.<\/p>\n\n\n\n<h3 class=\"wp-block-heading\"><strong>Desde la Estaci\u00f3n de Tren Venezia Santa Lucia<\/strong><\/h3>\n\n\n\n<p>Toma el <a href=\"https:\/\/avm.avmspa.it\/it\/content\/orari-actv\" target=\"_blank\" data-type=\"link\" data-id=\"https:\/\/avm.avmspa.it\/it\/content\/orari-actv\" rel=\"noreferrer noopener nofollow\">vaporetto ACTV<\/a> <strong>l\u00ednea 4.2<\/strong> o <strong>l\u00ednea 5.2<\/strong> hacia Fondamente Nove u Ospedale.<br>Ambas paradas est\u00e1n a pocos minutos del hotel y te permiten evitar las zonas m\u00e1s concurridas de la ciudad.<\/p>\n\n\n\n<h3 class=\"wp-block-heading\"><strong>Desde Piazzale Roma<\/strong><\/h3>\n\n\n\n<p>Tambi\u00e9n puedes tomar las l\u00edneas <strong>4.2<\/strong> o <strong>5.2<\/strong> desde aqu\u00ed.<br>El trayecto es fluido y panor\u00e1mico, perfecto para empezar a descubrir Venecia desde el agua.<\/p>\n\n\n\n<h3 class=\"wp-block-heading\"><strong>Desde la parada \u201cFondamente Nove\u201d<\/strong><\/h3>\n\n\n\n<p>Sigue las indicaciones hacia Castello.<br>En menos de cinco minutos llegar\u00e1s a la entrada del hotel, caminando por <strong>calles tranquilas y t\u00edpicas<\/strong> del barrio.<\/p>\n\n\n\n<h3 class=\"wp-block-heading\"><strong>Desde la parada \u201cOspedale\u201d<\/strong><\/h3>\n\n\n\n<p>El recorrido es igualmente corto y sencillo, ideal si prefieres un camino a\u00fan m\u00e1s directo.<\/p>\n\n\n\n<p>A tu llegada, siempre te entregamos <strong>un mapa personalizado<\/strong>, muy \u00fatil para explorar la zona y orientarte durante los primeros d\u00edas.<br>Tambi\u00e9n podemos enviarte instrucciones detalladas antes de tu llegada, para que puedas organizar tu viaje <strong>sin estr\u00e9s<\/strong>.<\/p>\n\n\n\n<p>Alojarte en Alloggi Barbaria significa disfrutar de una <strong>ubicaci\u00f3n tranquila y pr\u00e1ctica<\/strong>, perfecta para quienes buscan un punto de llegada f\u00e1cil y <a href=\"https:\/\/alloggibarbaria.it\/es\/murano-burano-torcello\/\" data-type=\"page\" data-id=\"905\">bien conectado con toda la ciudad<\/a>.<\/p>\n\n\n\n<h3 class=\"wp-block-heading\">Preguntas \u00fatiles para llegar al hotel<\/h3>\n\n\n<div id=\"rank-math-faq\" class=\"rank-math-block\">\n<div class=\"rank-math-list \">\n<div id=\"faq-question-1764786235650\" class=\"rank-math-list-item\">\n<h3 class=\"rank-math-question \">\u00bfEs Fondamente Nove la parada m\u00e1s cercana?<\/h3>\n<div class=\"rank-math-answer \">\n\n<p>S\u00ed, est\u00e1 a solo unos minutos caminando.<\/p>\n\n<\/div>\n<\/div>\n<div id=\"faq-question-1764786241287\" class=\"rank-math-list-item\">\n<h3 class=\"rank-math-question \">\u00bfEs f\u00e1cil llegar desde el aeropuerto?<\/h3>\n<div class=\"rank-math-answer \">\n\n<p>Totalmente: la l\u00ednea Alilaguna Azul te deja directamente en Fondamente Nove.<\/p>\n\n<\/div>\n<\/div>\n<div id=\"faq-question-1764786252228\" class=\"rank-math-list-item\">\n<h3 class=\"rank-math-question \">\u00bfLos vaporettos pasan con frecuencia?<\/h3>\n<div class=\"rank-math-answer \">\n\n<p>S\u00ed, las l\u00edneas 4.2 y 5.2 funcionan regularmente durante todo el d\u00eda.<\/p>\n\n<\/div>\n<\/div>\n<div id=\"faq-question-1764786261746\" class=\"rank-math-list-item\">\n<h3 class=\"rank-math-question \">\u00bfEl camino al hotel es sencillo?<\/h3>\n<div class=\"rank-math-answer \">\n\n<p>S\u00ed, ambos recorridos son cortos, planos y f\u00e1ciles de seguir.<\/p>\n\n<\/div>\n<\/div>\n<div id=\"faq-question-1764786272800\" class=\"rank-math-list-item\">\n<h3 class=\"rank-math-question \">\u00bfEs una zona segura para caminar con equipaje?<\/h3>\n<div class=\"rank-math-answer \">\n\n<p>S\u00ed, Castello es uno de los barrios m\u00e1s tranquilos y seguros de Venecia.<\/p>\n\n<\/div>\n<\/div>\n<div id=\"faq-question-1764786287410\" class=\"rank-math-list-item\">\n<h3 class=\"rank-math-question \">\u00bfPod\u00e9is enviarme indicaciones antes de llegar?<\/h3>\n<div class=\"rank-math-answer \">\n\n<p>Por supuesto, podemos enviarte una gu\u00eda detallada seg\u00fan tu punto de partida.<\/p>\n\n<\/div>\n<\/div>\n<\/div>\n<\/div>","protected":false},"excerpt":{"rendered":"<p>Llegar a Alloggi Barbaria es muy sencillo, vengas desde donde vengas.Nos encontramos en el barrio de Castello, en una zona tranquila y bien comunicada, a pocos minutos a pie de las paradas de vaporetto \u201cOspedale\u201d y \u201cFondamente Nove\u201d.Nuestra ubicaci\u00f3n te permite llegar f\u00e1cilmente desde el aeropuerto, la estaci\u00f3n de tren o Piazzale Roma. Desde el [&hellip;]<\/p>\n","protected":false},"author":1,"featured_media":961,"parent":0,"menu_order":0,"comment_status":"closed","ping_status":"closed","template":"","meta":{"_acf_changed":false,"footnotes":""},"class_list":["post-962","page","type-page","status-publish","has-post-thumbnail","hentry"],"acf":[],"_links":{"self":[{"href":"https:\/\/alloggibarbaria.it\/es\/wp-json\/wp\/v2\/pages\/962","targetHints":{"allow":["GET"]}}],"collection":[{"href":"https:\/\/alloggibarbaria.it\/es\/wp-json\/wp\/v2\/pages"}],"about":[{"href":"https:\/\/alloggibarbaria.it\/es\/wp-json\/wp\/v2\/types\/page"}],"author":[{"embeddable":true,"href":"https:\/\/alloggibarbaria.it\/es\/wp-json\/wp\/v2\/users\/1"}],"replies":[{"embeddable":true,"href":"https:\/\/alloggibarbaria.it\/es\/wp-json\/wp\/v2\/comments?post=962"}],"version-history":[{"count":2,"href":"https:\/\/alloggibarbaria.it\/es\/wp-json\/wp\/v2\/pages\/962\/revisions"}],"predecessor-version":[{"id":1026,"href":"https:\/\/alloggibarbaria.it\/es\/wp-json\/wp\/v2\/pages\/962\/revisions\/1026"}],"wp:featuredmedia":[{"embeddable":true,"href":"https:\/\/alloggibarbaria.it\/es\/wp-json\/wp\/v2\/media\/961"}],"wp:attachment":[{"href":"https:\/\/alloggibarbaria.it\/es\/wp-json\/wp\/v2\/media?parent=962"}],"curies":[{"name":"wp","href":"https:\/\/api.w.org\/{rel}","templated":true}]}}