{"id":498,"date":"2023-10-23T09:33:41","date_gmt":"2023-10-23T09:33:41","guid":{"rendered":"https:\/\/staging.alloggibarbaria.it\/about\/"},"modified":"2025-12-04T16:39:03","modified_gmt":"2025-12-04T16:39:03","slug":"presentation","status":"publish","type":"page","link":"https:\/\/alloggibarbaria.it\/fr\/presentation\/","title":{"rendered":"Presentation"},"content":{"rendered":"\n<p><strong>La famille Maroder<\/strong>, propri\u00e9taire de l&rsquo;<strong>Alloggi Barbaria<\/strong>, a v\u00e9cu toute sa vie \u00e0 Venise.<br>Apr\u00e8s avoir g\u00e9r\u00e9 de nombreux h\u00f4tels \u00e0 Venise au fil des ans, ils ont d\u00e9cid\u00e9 en ao\u00fbt 2002 d&rsquo;ouvrir l&rsquo;Alloggi Barbaria.<\/p>\n\n\n\n<p>Fausto, le propri\u00e9taire, est l\u00e0 depuis l&rsquo;ouverture en 2002.<br>Fausto parle plusieurs langues, dont <strong>l&rsquo;anglais, l&rsquo;espagnol, le fran\u00e7ais, l&rsquo;allemand, le portugais et, bien s\u00fbr, l&rsquo;italien<\/strong>. Il conna\u00eet tr\u00e8s bien Venise, notamment les attractions touristiques, les restaurants et bien d&rsquo;autres choses encore. Il est plus qu&rsquo;heureux de vous aider \u00e0 faire des r\u00e9servations et \u00e0 planifier votre journ\u00e9e de visite \u00e0 Venise.<br>Fausto est pr\u00e9sent \u00e0 l&rsquo;h\u00f4tel tous les matins et est votre principal contact avec l&rsquo;h\u00f4tel lorsque vous communiquez par e-mail.<\/p>\n\n\n\n<h3 class=\"wp-block-heading\">Vous pr\u00e9parez votre voyage ?<\/h3>\n\n\n\n<p>Nous avons cr\u00e9\u00e9 un guide simple et clair qui rassemble toutes les informations essentielles sur Alloggi Barbaria : notre quartier calme, comment nous rejoindre, le petit-d\u00e9jeuner en terrasse, la proximit\u00e9 des \u00eeles et bien plus encore.<\/p>\n\n\n\n<p>\ud83d\udc49 <em><a href=\"https:\/\/alloggibarbaria.it\/fr\/decouvrez-alloggi-barbaria-venise\/\" data-type=\"link\" data-id=\"https:\/\/alloggibarbaria.it\/fr\/decouvrez-alloggi-barbaria-venise\/\">Lire notre Guide compl\u00e8te pour votre s\u00e9jour<\/a><\/em><\/p>\n","protected":false},"excerpt":{"rendered":"<p>La famille Maroder, propri\u00e9taire de l&rsquo;Alloggi Barbaria, a v\u00e9cu toute sa vie \u00e0 Venise.Apr\u00e8s avoir g\u00e9r\u00e9 de nombreux h\u00f4tels \u00e0 Venise au fil des ans, ils ont d\u00e9cid\u00e9 en ao\u00fbt 2002 d&rsquo;ouvrir l&rsquo;Alloggi Barbaria. Fausto, le propri\u00e9taire, est l\u00e0 depuis l&rsquo;ouverture en 2002.Fausto parle plusieurs langues, dont l&rsquo;anglais, l&rsquo;espagnol, le fran\u00e7ais, l&rsquo;allemand, le portugais et, [&hellip;]<\/p>\n","protected":false},"author":1,"featured_media":331,"parent":0,"menu_order":0,"comment_status":"closed","ping_status":"closed","template":"","meta":{"_acf_changed":false,"footnotes":""},"class_list":["post-498","page","type-page","status-publish","has-post-thumbnail","hentry"],"acf":[],"_links":{"self":[{"href":"https:\/\/alloggibarbaria.it\/fr\/wp-json\/wp\/v2\/pages\/498","targetHints":{"allow":["GET"]}}],"collection":[{"href":"https:\/\/alloggibarbaria.it\/fr\/wp-json\/wp\/v2\/pages"}],"about":[{"href":"https:\/\/alloggibarbaria.it\/fr\/wp-json\/wp\/v2\/types\/page"}],"author":[{"embeddable":true,"href":"https:\/\/alloggibarbaria.it\/fr\/wp-json\/wp\/v2\/users\/1"}],"replies":[{"embeddable":true,"href":"https:\/\/alloggibarbaria.it\/fr\/wp-json\/wp\/v2\/comments?post=498"}],"version-history":[{"count":3,"href":"https:\/\/alloggibarbaria.it\/fr\/wp-json\/wp\/v2\/pages\/498\/revisions"}],"predecessor-version":[{"id":1050,"href":"https:\/\/alloggibarbaria.it\/fr\/wp-json\/wp\/v2\/pages\/498\/revisions\/1050"}],"wp:featuredmedia":[{"embeddable":true,"href":"https:\/\/alloggibarbaria.it\/fr\/wp-json\/wp\/v2\/media\/331"}],"wp:attachment":[{"href":"https:\/\/alloggibarbaria.it\/fr\/wp-json\/wp\/v2\/media?parent=498"}],"curies":[{"name":"wp","href":"https:\/\/api.w.org\/{rel}","templated":true}]}}