{"id":503,"date":"2023-11-03T07:57:04","date_gmt":"2023-11-03T07:57:04","guid":{"rendered":"https:\/\/staging.alloggibarbaria.it\/contacts\/"},"modified":"2024-01-12T08:07:59","modified_gmt":"2024-01-12T08:07:59","slug":"contacts","status":"publish","type":"page","link":"https:\/\/alloggibarbaria.it\/fr\/contacts\/","title":{"rendered":"Contacts"},"content":{"rendered":"\n<div class=\"wp-block-columns is-layout-flex wp-container-core-columns-is-layout-9d6595d7 wp-block-columns-is-layout-flex\">\n<div class=\"wp-block-column is-layout-flow wp-block-column-is-layout-flow\">\n<h3 class=\"wp-block-heading\">Hotel Alloggi Barbaria<\/h3>\n\n\n\n<p>Calle de le Capucine<br>Castello 6573<br>Venezia 30122<br><a href=\"https:\/\/alloggibarbaria.it\/fr\/how-to-arrive\/\">Voir la carte<\/a><\/p>\n<\/div>\n\n\n\n<div class=\"wp-block-column is-layout-flow wp-block-column-is-layout-flow\">\n<h3 class=\"wp-block-heading\">Horaires<\/h3>\n\n\n\n<p><strong>Heure d&rsquo;arriv\u00e9e : <\/strong>pour toutes les chambres, 13h00<br><strong>D\u00e9part : <\/strong>10h30<br><strong>Petits d\u00e9jeuners :<\/strong> 07h00-10h00<\/p>\n\n\n\n<p><\/p>\n\n\n\n<p><\/p>\n<\/div>\n<\/div>\n\n\n\n<div class=\"wp-block-columns is-layout-flex wp-container-core-columns-is-layout-9d6595d7 wp-block-columns-is-layout-flex\">\n<div class=\"wp-block-column is-layout-flow wp-block-column-is-layout-flow\">\n<p><strong>La taxe de s\u00e9jour n&rsquo;est pas incluse dans le prix de la chambre.<\/strong><\/p>\n\n\n\n<p>Haute saison 2 \u20ac par personne et par nuit<br>Gratuit pour les enfants jusqu&rsquo;\u00e0 9 ans.<br>50% de r\u00e9duction pour les enfants de 10 \u00e0 15 ans.<\/p>\n<\/div>\n<\/div>\n","protected":false},"excerpt":{"rendered":"<p>Hotel Alloggi Barbaria Calle de le CapucineCastello 6573Venezia 30122Voir la carte Horaires Heure d&rsquo;arriv\u00e9e : pour toutes les chambres, 13h00D\u00e9part : 10h30Petits d\u00e9jeuners : 07h00-10h00 La taxe de s\u00e9jour n&rsquo;est pas incluse dans le prix de la chambre. Haute saison 2 \u20ac par personne et par nuitGratuit pour les enfants jusqu&rsquo;\u00e0 9 ans.50% de r\u00e9duction [&hellip;]<\/p>\n","protected":false},"author":1,"featured_media":760,"parent":0,"menu_order":0,"comment_status":"closed","ping_status":"closed","template":"templates\/contatti.php","meta":{"_acf_changed":false,"footnotes":""},"class_list":["post-503","page","type-page","status-publish","has-post-thumbnail","hentry"],"acf":[],"_links":{"self":[{"href":"https:\/\/alloggibarbaria.it\/fr\/wp-json\/wp\/v2\/pages\/503","targetHints":{"allow":["GET"]}}],"collection":[{"href":"https:\/\/alloggibarbaria.it\/fr\/wp-json\/wp\/v2\/pages"}],"about":[{"href":"https:\/\/alloggibarbaria.it\/fr\/wp-json\/wp\/v2\/types\/page"}],"author":[{"embeddable":true,"href":"https:\/\/alloggibarbaria.it\/fr\/wp-json\/wp\/v2\/users\/1"}],"replies":[{"embeddable":true,"href":"https:\/\/alloggibarbaria.it\/fr\/wp-json\/wp\/v2\/comments?post=503"}],"version-history":[{"count":2,"href":"https:\/\/alloggibarbaria.it\/fr\/wp-json\/wp\/v2\/pages\/503\/revisions"}],"predecessor-version":[{"id":616,"href":"https:\/\/alloggibarbaria.it\/fr\/wp-json\/wp\/v2\/pages\/503\/revisions\/616"}],"wp:featuredmedia":[{"embeddable":true,"href":"https:\/\/alloggibarbaria.it\/fr\/wp-json\/wp\/v2\/media\/760"}],"wp:attachment":[{"href":"https:\/\/alloggibarbaria.it\/fr\/wp-json\/wp\/v2\/media?parent=503"}],"curies":[{"name":"wp","href":"https:\/\/api.w.org\/{rel}","templated":true}]}}