{"id":509,"date":"2023-10-23T09:36:04","date_gmt":"2023-10-23T09:36:04","guid":{"rendered":"https:\/\/staging.alloggibarbaria.it\/faq\/"},"modified":"2025-11-03T11:01:34","modified_gmt":"2025-11-03T11:01:34","slug":"faq","status":"publish","type":"page","link":"https:\/\/alloggibarbaria.it\/fr\/faq\/","title":{"rendered":"FAQ"},"content":{"rendered":"<div id=\"rank-math-faq\" class=\"rank-math-block\">\n<div class=\"rank-math-list \">\n<div id=\"faq-question-69088b8e0c9d5\" class=\"rank-math-list-item\">\n<h3 class=\"rank-math-question \"><strong>A quelle heure pouvons-nous nous enregistrer et partir ?<\/strong><\/h3>\n<div class=\"rank-math-answer \">\n\n<p>L&rsquo;heure d&rsquo;arriv\u00e9e dans toutes les chambres est 13h00 et l&rsquo;heure de d\u00e9part est 10h30. Si vous arrivez t\u00f4t, vous pouvez laisser vos bagages \u00e0 la propri\u00e9t\u00e9 avant l&rsquo;enregistrement. L&rsquo;heure limite d&rsquo;enregistrement est fix\u00e9e \u00e0 19h00. Pour les arriv\u00e9es plus tardives, vous devez nous contacter \u00e0 l&rsquo;avance.<\/p>\n\n<\/div>\n<\/div>\n<div id=\"faq-question-69088b8e0c9d9\" class=\"rank-math-list-item\">\n<h3 class=\"rank-math-question \"><strong>Le prix est-il par chambre ou par personne ?<\/strong><\/h3>\n<div class=\"rank-math-answer \">\n\n<p>Le prix est par chambre, il inclut le service et la TVA (mais pas la taxe de s\u00e9jour).<\/p>\n\n<\/div>\n<\/div>\n<div id=\"faq-question-69088b8e0c9da\" class=\"rank-math-list-item\">\n<h3 class=\"rank-math-question \"><strong>Le petit-d\u00e9jeuner est-il inclus dans le prix et quel type de petit-d\u00e9jeuner ?<\/strong><\/h3>\n<div class=\"rank-math-answer \">\n\n<p>Oui, le petit-d\u00e9jeuner \u00e0 l&rsquo;italienne est inclus dans le prix. Il se compose de caf\u00e9 (ou de th\u00e9 ou de chocolat chaud), de jus de fruits, de petits pains, d&rsquo;un assortiment de p\u00e2tisseries, de confitures, de yaourts, de nutella, de beurre et de fromage.<\/p>\n\n<\/div>\n<\/div>\n<div id=\"faq-question-69088b8e0c9db\" class=\"rank-math-list-item\">\n<h3 class=\"rank-math-question \"><strong>Les chambres ont-elles une terrasse ?<\/strong><\/h3>\n<div class=\"rank-math-answer \">\n\n<p>Les chambres n&rsquo;ont pas de terrasse, mais de larges fen\u00eatres permettent au soleil et \u00e0 l&rsquo;air frais de p\u00e9n\u00e9trer \u00e0 tout moment. Certaines chambres donnent sur une cour-jardin.<\/p>\n\n<\/div>\n<\/div>\n<div id=\"faq-question-69088b8e0c9dc\" class=\"rank-math-list-item\">\n<h3 class=\"rank-math-question \"><strong>Avez-vous des chambres non-fumeurs ?<\/strong><\/h3>\n<div class=\"rank-math-answer \">\n\n<p>L&rsquo;Alloggi Barbaria dispose uniquement de chambres non-fumeurs.<\/p>\n\n<\/div>\n<\/div>\n<div id=\"faq-question-69088b8e0c9dd\" class=\"rank-math-list-item\">\n<h3 class=\"rank-math-question \"><strong>Y a-t-il un t\u00e9l\u00e9phone avec s\u00e9lection directe dans les chambres ?<\/strong><\/h3>\n<div class=\"rank-math-answer \">\n\n<p>Toutes les chambres sont \u00e9quip\u00e9es d&rsquo;un t\u00e9l\u00e9phone avec ligne directe.<\/p>\n\n<\/div>\n<\/div>\n<div id=\"faq-question-69088b8e0c9de\" class=\"rank-math-list-item\">\n<h3 class=\"rank-math-question \"><strong>Les chambres sont-elles climatis\u00e9es ? Y a-t-il un suppl\u00e9ment \u00e0 payer ? Est-ce que c&rsquo;est saisonnier ?<\/strong><\/h3>\n<div class=\"rank-math-answer \">\n\n<p>Toutes les chambres sont climatis\u00e9es. Il n&rsquo;y a pas de suppl\u00e9ment \u00e0 payer pour ce service. Ce service est saisonnier de juin \u00e0 septembre, conform\u00e9ment \u00e0 la d\u00e9cision de la municipalit\u00e9 de Venise.<\/p>\n\n<\/div>\n<\/div>\n<div id=\"faq-question-69088b8e0c9df\" class=\"rank-math-list-item\">\n<h3 class=\"rank-math-question \">Avez-vous un point Internet\/E-Mail dans le bien ?<\/h3>\n<div class=\"rank-math-answer \">\n\n<p>L&rsquo;Alloggi Barbaria dispose d&rsquo;un service WiFi gratuit dans les parties communes et dans certaines chambres.<\/p>\n\n<\/div>\n<\/div>\n<div id=\"faq-question-69088b8e0c9e0\" class=\"rank-math-list-item\">\n<h3 class=\"rank-math-question \"><strong>Y a-t-il un supermarch\u00e9 \u00e0 proximit\u00e9 ?<\/strong><\/h3>\n<div class=\"rank-math-answer \">\n\n<p>Un supermarch\u00e9 pratique est situ\u00e9 \u00e0 seulement 1 minute de marche de l&rsquo;Alloggi Barbaria.<\/p>\n\n<\/div>\n<\/div>\n<div id=\"faq-question-69088b8e0c9e1\" class=\"rank-math-list-item\">\n<h3 class=\"rank-math-question \"><strong>Un parking ou un garage est-il disponible ?<\/strong><\/h3>\n<div class=\"rank-math-answer \">\n\n<p>Un grand parking est situ\u00e9 pr\u00e8s de la gare routi\u00e8re de Venise. Les clients qui ont besoin d&rsquo;aide pour trouver un parking pour leur voiture peuvent contacter l&rsquo;h\u00f4tel, qui se fera un plaisir de les aider \u00e0 trouver le meilleur emplacement pour leur voiture.<\/p>\n\n<\/div>\n<\/div>\n<div id=\"faq-question-69088b8e0c9e2\" class=\"rank-math-list-item\">\n<h3 class=\"rank-math-question \"><strong>Avez-vous un service de ramassage ou de navette depuis et vers l&rsquo;a\u00e9roport ?<\/strong><\/h3>\n<div class=\"rank-math-answer \">\n\n<p>Nous n&rsquo;offrons pas de service de navette depuis l&rsquo;a\u00e9roport, mais il est tr\u00e8s facile et peu co\u00fbteux d&rsquo;arriver \u00e0 Alloggi Barbaria depuis l&rsquo;a\u00e9roport international Marco Polo de Venise. Visitez notre page Comment arriver pour plus de d\u00e9tails.<\/p>\n\n<\/div>\n<\/div>\n<div id=\"faq-question-69088b8e0c9e3\" class=\"rank-math-list-item\">\n<h3 class=\"rank-math-question \"><strong>Quel est l&rsquo;arr\u00eat de vaporetto le plus proche ?<\/strong><\/h3>\n<div class=\"rank-math-answer \">\n\n<p>L&rsquo;arr\u00eat de vaporetto le plus proche, Ospedale, se trouve \u00e0 moins de 2 minutes \u00e0 pied de la propri\u00e9t\u00e9, sans pont \u00e0 traverser.<\/p>\n\n<\/div>\n<\/div>\n<div id=\"faq-question-69088b8e0c9e4\" class=\"rank-math-list-item\">\n<h3 class=\"rank-math-question \"><strong>Y a-t-il un restaurant dans le bien ?<\/strong><\/h3>\n<div class=\"rank-math-answer \">\n\n<p>Non, il n&rsquo;y a pas de restaurant dans la propri\u00e9t\u00e9, mais il y a de nombreux restaurants italiens authentiques pr\u00e8s de l&rsquo;Alloggi Barbaria. N&rsquo;h\u00e9sitez pas \u00e0 demander des recommandations \u00e0 notre personnel.<\/p>\n\n<\/div>\n<\/div>\n<div id=\"faq-question-69088b8e0c9e5\" class=\"rank-math-list-item\">\n<h3 class=\"rank-math-question \"><strong>Quelle est votre politique d&rsquo;annulation ?<\/strong><\/h3>\n<div class=\"rank-math-answer \">\n\n<p>Cela d\u00e9pend du type d&rsquo;h\u00e9bergement que vous avez r\u00e9serv\u00e9, veuillez v\u00e9rifier votre confirmation de r\u00e9servation.<\/p>\n\n<\/div>\n<\/div>\n<\/div>\n<\/div>","protected":false},"excerpt":{"rendered":"","protected":false},"author":1,"featured_media":0,"parent":0,"menu_order":0,"comment_status":"closed","ping_status":"closed","template":"","meta":{"_acf_changed":false,"footnotes":""},"class_list":["post-509","page","type-page","status-publish","hentry"],"acf":[],"_links":{"self":[{"href":"https:\/\/alloggibarbaria.it\/fr\/wp-json\/wp\/v2\/pages\/509","targetHints":{"allow":["GET"]}}],"collection":[{"href":"https:\/\/alloggibarbaria.it\/fr\/wp-json\/wp\/v2\/pages"}],"about":[{"href":"https:\/\/alloggibarbaria.it\/fr\/wp-json\/wp\/v2\/types\/page"}],"author":[{"embeddable":true,"href":"https:\/\/alloggibarbaria.it\/fr\/wp-json\/wp\/v2\/users\/1"}],"replies":[{"embeddable":true,"href":"https:\/\/alloggibarbaria.it\/fr\/wp-json\/wp\/v2\/comments?post=509"}],"version-history":[{"count":2,"href":"https:\/\/alloggibarbaria.it\/fr\/wp-json\/wp\/v2\/pages\/509\/revisions"}],"predecessor-version":[{"id":852,"href":"https:\/\/alloggibarbaria.it\/fr\/wp-json\/wp\/v2\/pages\/509\/revisions\/852"}],"wp:attachment":[{"href":"https:\/\/alloggibarbaria.it\/fr\/wp-json\/wp\/v2\/media?parent=509"}],"curies":[{"name":"wp","href":"https:\/\/api.w.org\/{rel}","templated":true}]}}