{"id":513,"date":"2023-10-23T09:30:16","date_gmt":"2023-10-23T09:30:16","guid":{"rendered":"https:\/\/staging.alloggibarbaria.it\/how-to-arrive\/"},"modified":"2024-01-12T08:01:46","modified_gmt":"2024-01-12T08:01:46","slug":"how-to-arrive","status":"publish","type":"page","link":"https:\/\/alloggibarbaria.it\/fr\/how-to-arrive\/","title":{"rendered":"Comment arriver"},"content":{"rendered":"\n<div class=\"wp-block-buttons is-content-justification-center is-layout-flex wp-container-core-buttons-is-layout-8057eaf3 wp-block-buttons-is-layout-flex\">\n<div class=\"wp-block-button has-custom-width wp-block-button__width-50\"><a class=\"wp-block-button__link has-background has-text-align-center wp-element-button\" href=\"https:\/\/alloggibarbaria.it\/wp-content\/uploads\/2023\/10\/mappaAlloggiBarbariaFreccia.pdf\" style=\"background-color:#4fb4a7\" target=\"_blank\" rel=\"noreferrer noopener\">Imprimer la carte au format PDF<\/a><\/div>\n<\/div>\n\n\n\n<p>Si vous avez des difficult\u00e9s \u00e0 vous rendre chez nous, veuillez nous appeler au num\u00e9ro de t\u00e9l\u00e9phone 041 5222750. Nous vous indiquerons volontiers le chemin le plus court.<\/p>\n\n\n\n<p><strong>Directions depuis l&rsquo;a\u00e9roport international Marco Polo de Venise :<\/strong><\/p>\n\n\n<div class=\"wp-block-image\">\n<figure class=\"aligncenter\"><a href=\"https:\/\/alloggibarbaria.it\/wp-content\/uploads\/2023\/10\/MappaSatelliteNew.jpg\" data-lbwps-width=\"300\" data-lbwps-height=\"294\" data-lbwps-srcsmall=\"https:\/\/alloggibarbaria.it\/wp-content\/uploads\/2023\/10\/MappaSatelliteNew.jpg\"><img decoding=\"async\" src=\"https:\/\/alloggibarbaria.it\/wp-content\/uploads\/2023\/10\/MappaSatelliteNew.jpg\" alt=\"\" class=\"wp-image-291\"\/><\/a><\/figure><\/div>\n\n\n<p>Prenez le transport en commun waterbus <strong>Alilaguna Blue Line<\/strong>, (veuillez v\u00e9rifier les horaires sur <a href=\"https:\/\/www.alilaguna.it\" target=\"_blank\" rel=\"noreferrer noopener\">www.alilaguna.it<\/a>) et descendez \u00e0 l&rsquo;arr\u00eat \u00ab\u00a0<strong>Ospedale<\/strong>\u00ab\u00a0.<br>Tournez ensuite \u00e0 gauche et continuez \u00e0 marcher jusqu&rsquo;\u00e0 ce que vous ne puissiez plus aller plus loin. Tournez \u00e0 droite dans la Calle delle Cappuccine jusqu&rsquo;au num\u00e9ro 6573 (Castello). Notre propri\u00e9t\u00e9 est situ\u00e9e sur le c\u00f4t\u00e9 gauche de la ruelle.<\/p>\n\n\n\n<p><strong>Directions depuis l&rsquo;a\u00e9roport de Tr\u00e9vise:<\/strong><\/p>\n\n\n\n<p>Prenez le <strong>bus ATVO<\/strong> pour Venise (v\u00e9rifiez les horaires sur <a href=\"https:\/\/www.atvo.it\" target=\"_blank\" rel=\"noreferrer noopener\">www.atvo.it<\/a> ) et descendez \u00e0 <strong>Piazzale Roma<\/strong>. Prenez le <strong>vaporetto #5.2<\/strong> (veuillez v\u00e9rifier les horaires sur <a href=\"https:\/\/www.actv.it\" target=\"_blank\" rel=\"noreferrer noopener\">www.actv.it<\/a>) jusqu&rsquo;\u00e0 l&rsquo;arr\u00eat \u00ab\u00a0<strong>Ospedale<\/strong>\u00ab\u00a0. Tournez \u00e0 gauche en descendant du bateau (n&rsquo;entrez pas dans l&rsquo;h\u00f4pital) et continuez \u00e0 marcher jusqu&rsquo;\u00e0 ce que vous ne puissiez plus avancer. Tournez \u00e0 droite dans la Calle delle Cappuccine jusqu&rsquo;au num\u00e9ro 6573 (Castello). Notre propri\u00e9t\u00e9 est situ\u00e9e sur le c\u00f4t\u00e9 gauche de l&rsquo;all\u00e9e.<\/p>\n\n\n\n<p><strong>Directions depuis la gare de Santa Lucia ou depuis le parking de Piazzale Roma:<\/strong>.<\/p>\n\n\n<div class=\"wp-block-image\">\n<figure class=\"aligncenter\"><img decoding=\"async\" src=\"https:\/\/alloggibarbaria.it\/wp-content\/uploads\/2023\/10\/Train.jpg\" alt=\"\" class=\"wp-image-91\"\/><\/figure><\/div>\n\n\n<p>Prenez le <strong>vaporetto #5.2<\/strong> (veuillez v\u00e9rifier les horaires sur <a href=\"https:\/\/www.actv.it\" target=\"_blank\" rel=\"noreferrer noopener\">www.actv.it<\/a>) jusqu&rsquo;\u00e0 l&rsquo;arr\u00eat \u00ab\u00a0Ospedale\u00a0\u00bb. Tournez \u00e0 gauche en descendant du bateau (n&rsquo;entrez pas dans l&rsquo;h\u00f4pital) et continuez \u00e0 marcher jusqu&rsquo;\u00e0 ce que vous ne puissiez plus avancer. Tournez \u00e0 droite dans la Calle delle Cappuccine jusqu&rsquo;au num\u00e9ro 6573 (Castello). Notre propri\u00e9t\u00e9 est situ\u00e9e sur le c\u00f4t\u00e9 gauche de l&rsquo;all\u00e9e.<\/p>\n\n\n<div class=\"wp-block-image\">\n<figure class=\"aligncenter\"><img decoding=\"async\" src=\"https:\/\/alloggibarbaria.it\/wp-content\/uploads\/2023\/10\/alloggi-map2.jpg\" alt=\"\" class=\"wp-image-89\"\/><\/figure><\/div>\n\n\n<p><strong>Directions depuis le terminal de croisi\u00e8re de Venise:<\/strong><\/p>\n\n\n\n<p>Prenez la ligne bleue de l&rsquo;Alilaguna (veuillez v\u00e9rifier les horaires sur <a href=\"https:\/\/www.alilaguna.it\" target=\"_blank\" rel=\"noreferrer noopener\">www.alilaguna.it<\/a>) et descendez \u00e0 l&rsquo;arr\u00eat \u00ab\u00a0<strong>Ospedale<\/strong>\u00ab\u00a0. Veuillez noter que le bateau-bus Alilaguna ne s&rsquo;arr\u00eatera \u00e0 l&rsquo;arr\u00eat Ospedale que sur demande. Veillez \u00e0 indiquer \u00e0 l&rsquo;un des accompagnateurs du bateau-bus que vous souhaitez descendre \u00e0 l&rsquo;arr\u00eat Ospedale. Tournez ensuite \u00e0 gauche et continuez \u00e0 marcher jusqu&rsquo;\u00e0 ce que vous ne puissiez plus avancer. Tournez \u00e0 droite dans la Calle delle Cappuccine jusqu&rsquo;au num\u00e9ro 6573 (Castello). Notre propri\u00e9t\u00e9 est situ\u00e9e sur le c\u00f4t\u00e9 gauche de la ruelle.<\/p>\n","protected":false},"excerpt":{"rendered":"<p>Si vous avez des difficult\u00e9s \u00e0 vous rendre chez nous, veuillez nous appeler au num\u00e9ro de t\u00e9l\u00e9phone 041 5222750. Nous vous indiquerons volontiers le chemin le plus court. Directions depuis l&rsquo;a\u00e9roport international Marco Polo de Venise : Prenez le transport en commun waterbus Alilaguna Blue Line, (veuillez v\u00e9rifier les horaires sur www.alilaguna.it) et descendez \u00e0 [&hellip;]<\/p>\n","protected":false},"author":1,"featured_media":0,"parent":0,"menu_order":0,"comment_status":"closed","ping_status":"closed","template":"","meta":{"_acf_changed":false,"footnotes":""},"class_list":["post-513","page","type-page","status-publish","hentry"],"acf":[],"_links":{"self":[{"href":"https:\/\/alloggibarbaria.it\/fr\/wp-json\/wp\/v2\/pages\/513","targetHints":{"allow":["GET"]}}],"collection":[{"href":"https:\/\/alloggibarbaria.it\/fr\/wp-json\/wp\/v2\/pages"}],"about":[{"href":"https:\/\/alloggibarbaria.it\/fr\/wp-json\/wp\/v2\/types\/page"}],"author":[{"embeddable":true,"href":"https:\/\/alloggibarbaria.it\/fr\/wp-json\/wp\/v2\/users\/1"}],"replies":[{"embeddable":true,"href":"https:\/\/alloggibarbaria.it\/fr\/wp-json\/wp\/v2\/comments?post=513"}],"version-history":[{"count":1,"href":"https:\/\/alloggibarbaria.it\/fr\/wp-json\/wp\/v2\/pages\/513\/revisions"}],"predecessor-version":[{"id":515,"href":"https:\/\/alloggibarbaria.it\/fr\/wp-json\/wp\/v2\/pages\/513\/revisions\/515"}],"wp:attachment":[{"href":"https:\/\/alloggibarbaria.it\/fr\/wp-json\/wp\/v2\/media?parent=513"}],"curies":[{"name":"wp","href":"https:\/\/api.w.org\/{rel}","templated":true}]}}