{"id":517,"date":"2023-10-23T09:25:23","date_gmt":"2023-10-23T09:25:23","guid":{"rendered":"https:\/\/staging.alloggibarbaria.it\/neighborhood\/"},"modified":"2024-01-12T10:38:41","modified_gmt":"2024-01-12T10:38:41","slug":"voisinage","status":"publish","type":"page","link":"https:\/\/alloggibarbaria.it\/fr\/voisinage\/","title":{"rendered":"Voisinage"},"content":{"rendered":"\n<p>Trouver un&nbsp;<strong>h\u00f4tel abordable \u00e0 Venise<\/strong>&nbsp;repr\u00e9sente un facteur important dans une ville assez ch\u00e8re.&nbsp;<strong>S\u00e9journer \u00e0 Venise<\/strong>&nbsp;peut \u00eatre cher, mais depuis 2002 il y a un h\u00f4tel abordable comme&nbsp;<strong>Alloggi Barbaria<\/strong>. Choisir cet h\u00f4tel abordable pour votre s\u00e9jour \u00e0 Venise signifie \u00e9conomiser de l&rsquo;argent et b\u00e9n\u00e9ficier d&rsquo;un haut niveau de nettoyage et de d\u00e9corum sans sacrifier le confort offert par les h\u00f4tels plus chers.<\/p>\n\n\n<div class=\"wp-block-image\">\n<figure class=\"alignright\"><img decoding=\"async\" src=\"https:\/\/alloggibarbaria.it\/wp-content\/uploads\/2023\/10\/Chiesa_San_Giovanni_e_Paolo.jpg\" alt=\"\" class=\"wp-image-73\"\/><\/figure><\/div>\n\n\n<p>Notre \u00e9tablissement est une propri\u00e9t\u00e9 familiale et vous offre une atmosph\u00e8re conviviale que vous ne trouverez pas souvent dans les grands h\u00f4tels.<\/p>\n\n\n\n<p><a href=\"https:\/\/alloggibarbaria.it\/fr\/how-to-arrive\/\">Vous y rendre<\/a>&nbsp;est \u00e0 la fois facile et peu co\u00fbteux. Depuis le parking de la Piazzale Roma&nbsp;ou depuis le train&nbsp;<strong>station Santa Lucia<\/strong>&nbsp;vous devez prendre le vaporetto&nbsp;<a href=\"http:\/\/www.actv.it\/\" target=\"_blank\" rel=\"noreferrer noopener\">Actv<\/a>&nbsp;ligne #52 et descendre \u00e0 l&rsquo;arr\u00eat \u00ab\u00a0Ospedale\u00a0\u00bb. De l&rsquo;arr\u00eat Ospedale, il y a une courte marche jusqu&rsquo;\u00e0 Alloggi Barbaria.<\/p>\n\n\n\n<p>, en prenant le vaporetto Blue Line fourni par&nbsp;<a href=\"http:\/\/www.alilaguna.it\/\" target=\"_blank\" rel=\"noreferrer noopener\">Alilaguna<\/a>&nbsp;et en descendant \u00e0 l&rsquo;arr\u00eat \u00ab\u00a0Ospedale\u00a0\u00bb. De l\u00e0, quelques minutes de marche suffisent pour rejoindre cet h\u00f4tel abordable.<\/p>\n\n\n<div class=\"wp-block-image\">\n<figure class=\"alignleft\"><img decoding=\"async\" src=\"https:\/\/alloggibarbaria.it\/wp-content\/uploads\/2023\/10\/Monumento_Colleoni.jpg\" alt=\"\" class=\"wp-image-75\"\/><\/figure><\/div>\n\n\n<p>L&rsquo;h\u00f4tel se trouve \u00e0 environ 12 minutes de marche des principaux sites touristiques de Venise, comme la place Saint-Marc ou le pont du Rialto. Sa situation permet de faire de courtes promenades et vous permet de s\u00e9journer et de dormir dans un quartier calme et non touristique de la ville : le quartier du Castello.<\/p>\n\n\n\n<p>Dans le quartier de l&rsquo;h\u00f4tel, vous trouverez une \u00e9picerie \u00e0 prix abordable. \u00c0 quelques minutes de marche, vous pouvez voir l&rsquo;\u00e9glise San Giovanni et Paolo, une ancienne basilique, un b\u00e2timent remarquable de l&rsquo;\u00e9poque gothique. \u00c0 l&rsquo;ext\u00e9rieur de l&rsquo;\u00e9glise se trouve le remarquable monument \u00e9questre d\u00e9di\u00e9 au commandant de Venise <strong>Bartolomeo Colleoni<\/strong>, \u0153uvre du sculpteur florentin Andrea Verrocchio (1481-1488). Sur la m\u00eame place, vous pouvez admirer la fa\u00e7ade de la <strong>Grande \u00e9cole de San Marco<\/strong>, achev\u00e9e en 1495 (style Renaissance) sur un projet de l&rsquo;architecte Mauro Codussi.<\/p>\n\n\n<div class=\"wp-block-image\">\n<figure class=\"alignright\"><img decoding=\"async\" src=\"https:\/\/alloggibarbaria.it\/wp-content\/uploads\/2023\/10\/Scuola_Grande_San_Marco.jpg\" alt=\"\" class=\"wp-image-76\"\/><\/figure><\/div>\n\n\n<p>Vous traverserez ensuite la rue Lunga, tr\u00e8s fr\u00e9quent\u00e9e, au bout de laquelle se trouve la passionnante place Santa Maria Formosa avec son \u00e9glise omonyme. \u00c0 l&rsquo;int\u00e9rieur, les amateurs de musique classique peuvent assister le soir \u00e0 des&nbsp;<a href=\"http:\/\/www.innvenice.com\/en.Music.htm\" target=\"_blank\" rel=\"noreferrer noopener\">concerts<\/a>.<\/p>\n\n\n\n<p>Si vous souhaitez faire une excursion abordable vers les \u00eeles de la lagune de Venise, l&rsquo;h\u00f4tel est le point de d\u00e9part id\u00e9al. Prendre le vaporetto \u00e0 l&rsquo;arr\u00eat \u00ab\u00a0Ospedale\u00a0\u00bb est la m\u00e9thode la plus abordable pour se rendre \u00e0&nbsp;<a href=\"http:\/\/www.innvenice.com\/en.Murano-Island.htm\" target=\"_blank\" rel=\"noreferrer noopener\">Murano<\/a>&nbsp; ;(l'\u00a0\u00bb\u00eele de verre\u00a0\u00bb) en un court trajet. Mais en 40 minutes, en partant de l&rsquo;arr\u00eat \u00ab\u00a0Fondamente Nove\u00a0\u00bb, vous pourrez visiter les \u00eeles de&nbsp;<a href=\"http:\/\/www.innvenice.com\/en.Burano-Island.htm\" target=\"_blank\" rel=\"noreferrer noopener\">Burano<\/a>&nbsp; ;(l&rsquo;\u00eele de la dentelle), et&nbsp;<a href=\"http:\/\/www.innvenice.com\/en.Torcello-Island.htm\" target=\"_blank\" rel=\"noreferrer noopener\">Torcello<\/a>&nbsp; ;(l&rsquo;\u00eele la plus ancienne de la lagune).<\/p>\n\n\n\n<p>Vous souhaitez obtenir de plus amples informations sur Venise ? Consultez notre<strong>&nbsp;<a href=\"http:\/\/www.innvenice.com\/venice.index.htm\" target=\"_blank\" rel=\"noreferrer noopener\">Guide de la ville de Venise<\/a><\/strong>.<\/p>\n\n\n\n<p>Pour plus d&rsquo;informations sur cet h\u00f4tel abordable \u00e0 Venise, veuillez contacter notre personnel qui sera heureux de r\u00e9pondre \u00e0 vos questions.<\/p>\n","protected":false},"excerpt":{"rendered":"<p>Trouver un&nbsp;h\u00f4tel abordable \u00e0 Venise&nbsp;repr\u00e9sente un facteur important dans une ville assez ch\u00e8re.&nbsp;S\u00e9journer \u00e0 Venise&nbsp;peut \u00eatre cher, mais depuis 2002 il y a un h\u00f4tel abordable comme&nbsp;Alloggi Barbaria. Choisir cet h\u00f4tel abordable pour votre s\u00e9jour \u00e0 Venise signifie \u00e9conomiser de l&rsquo;argent et b\u00e9n\u00e9ficier d&rsquo;un haut niveau de nettoyage et de d\u00e9corum sans sacrifier le confort [&hellip;]<\/p>\n","protected":false},"author":1,"featured_media":336,"parent":0,"menu_order":0,"comment_status":"closed","ping_status":"closed","template":"","meta":{"_acf_changed":false,"footnotes":""},"class_list":["post-517","page","type-page","status-publish","has-post-thumbnail","hentry"],"acf":[],"_links":{"self":[{"href":"https:\/\/alloggibarbaria.it\/fr\/wp-json\/wp\/v2\/pages\/517","targetHints":{"allow":["GET"]}}],"collection":[{"href":"https:\/\/alloggibarbaria.it\/fr\/wp-json\/wp\/v2\/pages"}],"about":[{"href":"https:\/\/alloggibarbaria.it\/fr\/wp-json\/wp\/v2\/types\/page"}],"author":[{"embeddable":true,"href":"https:\/\/alloggibarbaria.it\/fr\/wp-json\/wp\/v2\/users\/1"}],"replies":[{"embeddable":true,"href":"https:\/\/alloggibarbaria.it\/fr\/wp-json\/wp\/v2\/comments?post=517"}],"version-history":[{"count":2,"href":"https:\/\/alloggibarbaria.it\/fr\/wp-json\/wp\/v2\/pages\/517\/revisions"}],"predecessor-version":[{"id":620,"href":"https:\/\/alloggibarbaria.it\/fr\/wp-json\/wp\/v2\/pages\/517\/revisions\/620"}],"wp:featuredmedia":[{"embeddable":true,"href":"https:\/\/alloggibarbaria.it\/fr\/wp-json\/wp\/v2\/media\/336"}],"wp:attachment":[{"href":"https:\/\/alloggibarbaria.it\/fr\/wp-json\/wp\/v2\/media?parent=517"}],"curies":[{"name":"wp","href":"https:\/\/api.w.org\/{rel}","templated":true}]}}