{"id":524,"date":"2024-01-11T17:49:25","date_gmt":"2024-01-11T17:49:25","guid":{"rendered":"https:\/\/staging.alloggibarbaria.it\/cookies-policy\/"},"modified":"2024-01-11T17:53:22","modified_gmt":"2024-01-11T17:53:22","slug":"cookies-policy","status":"publish","type":"page","link":"https:\/\/alloggibarbaria.it\/fr\/cookies-policy\/","title":{"rendered":"Politique en mati\u00e8re de cookies"},"content":{"rendered":"\n<p><strong>R\u00e9glementation sur l&rsquo;utilisation des cookies<\/strong><\/p>\n\n\n\n<p>L&rsquo;acc\u00e8s et la navigation sur le site, ou l&rsquo;utilisation de ses services, impliquent l&rsquo;acceptation des conditions g\u00e9n\u00e9rales \u00e9nonc\u00e9es dans notre avis de confidentialit\u00e9 (et donc de la politique de confidentialit\u00e9 et de la politique en mati\u00e8re de cookies). Veuillez les lire attentivement.<br>Nous appr\u00e9cions que vous ayez d\u00e9cid\u00e9 de nous rendre visite. Nous souhaitons que votre exp\u00e9rience sur le site soit la meilleure possible, et c&rsquo;est pourquoi nous avons r\u00e9dig\u00e9 cette politique en mati\u00e8re de cookies de la mani\u00e8re la plus transparente possible.L&rsquo;acc\u00e8s et la navigation sur le site, ou l&rsquo;utilisation de ses services, impliquent l&rsquo;acceptation des conditions g\u00e9n\u00e9rales \u00e9nonc\u00e9es dans notre avis de confidentialit\u00e9 (et donc de la politique de confidentialit\u00e9 et de la politique en mati\u00e8re de cookies). Veuillez les lire attentivement.<br>Nous appr\u00e9cions que vous ayez d\u00e9cid\u00e9 de nous rendre visite. Nous souhaitons que votre exp\u00e9rience sur le site soit la meilleure possible, et c&rsquo;est pourquoi nous avons r\u00e9dig\u00e9 cette politique en mati\u00e8re de cookies de la mani\u00e8re la plus transparente possible.<\/p>\n\n\n\n<p><strong>Qu&rsquo;est-ce qu&rsquo;un cookie ?<\/strong><\/p>\n\n\n\n<p>Les cookies sont des fichiers contenant de petites quantit\u00e9s d&rsquo;informations qui sont t\u00e9l\u00e9charg\u00e9s sur l&rsquo;appareil de l&rsquo;utilisateur et qui sont utilis\u00e9s lorsque vous visitez un site web. Les cookies sont essentiels au fonctionnement d&rsquo;Internet ; ils ne peuvent pas endommager votre ordinateur\/appareil, s&rsquo;ils sont activ\u00e9s dans les param\u00e8tres de votre navigateur, et nous aident \u00e0 identifier et \u00e0 r\u00e9soudre les \u00e9ventuels dysfonctionnements de notre site.<\/p>\n\n\n\n<p><strong>Types de cookies<\/strong><\/p>\n\n\n\n<p>Il existe diff\u00e9rents types de cookies. Ils fonctionnent tous de la m\u00eame mani\u00e8re, mais pr\u00e9sentent de petites diff\u00e9rences :<\/p>\n\n\n\n<ul class=\"wp-block-list\">\n<li><strong>Cookies de session<\/strong>. Les cookies de session ne durent que le temps de votre visite et sont supprim\u00e9s lorsque vous fermez votre navigateur. Leur principal objectif est d&rsquo;identifier le type d&rsquo;appareil, le support de s\u00e9curit\u00e9 du site ou sa fonctionnalit\u00e9 de base. Ils ne contiennent pas d&rsquo;informations personnelles permettant d&rsquo;identifier une personne.<\/li>\n\n\n\n<li>\u00a0sont stock\u00e9s sur le disque dur de l&rsquo;appareil et lisent notre site web \u00e0 chaque fois que vous le visitez ; ils ont une date d&rsquo;expiration fixe, ce qui signifie que le cookie cesse de fonctionner. Ils nous permettent d&rsquo;identifier vos actions et pr\u00e9f\u00e9rences, d&rsquo;analyser les visites et nous aident \u00e0 comprendre comment les utilisateurs viennent sur notre site et \u00e0 am\u00e9liorer nos services.<\/li>\n\n\n\n<li><strong>Cookies Feature:<\/strong>\u00a0Permettre \u00e0 notre site de se souvenir des d\u00e9cisions prises par l&rsquo;utilisateur, ou servir d&rsquo;identifiant de connexion. Les informations que ces cookies recueillent sont anonymes (elles ne contiennent ni votre nom, ni votre adresse, ni d&rsquo;autres donn\u00e9es).<\/li>\n\n\n\n<li><strong>Cookies de tiers<\/strong>. Les cookies tiers sont des cookies qui installent un site web qui n&rsquo;est pas celui que vous visitez ; par exemple, utilis\u00e9s par des r\u00e9seaux sociaux (comme Facebook) ou des plugins externes de contenu (comme Google Maps). En outre, certaines soci\u00e9t\u00e9s de publicit\u00e9 utilisent ce type de fichiers pour suivre vos visites sur chaque site qui fait l&rsquo;objet d&rsquo;une publicit\u00e9.<\/li>\n\n\n\n<li><strong>Les cookies analytiques<\/strong>\u00a0sont des cookies qui ont pour but d&rsquo;assurer une maintenance r\u00e9guli\u00e8re et la meilleure performance et service \u00e0 la client\u00e8le ; en collectant des donn\u00e9es de votre activit\u00e9.<\/li>\n\n\n\n<li><strong>Autres cookies tiers<\/strong> : Le site utilise \u00e9galement des connecteurs avec des r\u00e9seaux sociaux (Facebook, Twitter, Linkedin, YouTube, Pinterest etc.) qui utilisent des cookies qui stockent des informations sur l&rsquo;utilisateur. Ces cookies ne sont pas contr\u00f4l\u00e9s par ce site web. Pour plus d&rsquo;informations sur les cookies des r\u00e9seaux sociaux, nous vous conseillons de consulter leur propre politique en mati\u00e8re de cookies.<\/li>\n<\/ul>\n\n\n\n<p><strong>Utilisation des cookies par notre site<\/strong><\/p>\n\n\n\n<p>En acc\u00e9dant \u00e0 notre site, vous acceptez express\u00e9ment que nous utilisions de tels cookies sur vos appareils. Si vous d\u00e9sactivez les cookies, il se peut que votre navigation ne soit pas id\u00e9ale et que certains des utilitaires disponibles ne fonctionnent pas correctement.<\/p>\n\n\n\n<p><strong>a) Cookies de tiers. Cookies Google Analytics<\/strong><\/p>\n\n\n\n<p>Le site utilise le service Google Analytics, fourni par Google, Inc, une organisation dont le si\u00e8ge social est situ\u00e9 \u00e0 1600 Amphitheatre Parkway, Mountain View (California), CA 94043, USA (\u00ab\u00a0Google\u00a0\u00bb).<br>Google Analytics utilise des cookies pour nous aider \u00e0 analyser l&rsquo;utilisation du site par ses utilisateurs. Les informations g\u00e9n\u00e9r\u00e9es par les cookies concernant votre utilisation du site (y compris votre adresse IP) seront transmises et stock\u00e9es par Google sur ses serveurs aux Etats-Unis. Google utilisera ces informations en notre nom afin de suivre votre utilisation du site, de compiler des rapports sur l&rsquo;activit\u00e9 du site et de fournir d&rsquo;autres services li\u00e9s \u00e0 l&rsquo;activit\u00e9 du site et \u00e0 l&rsquo;utilisation d&rsquo;Internet. Google peut \u00e9galement transmettre ces informations \u00e0 des tiers lorsque la loi l&rsquo;exige ou lorsque ces tiers traitent ces informations pour le compte de Google. Google n&rsquo;associera pas votre adresse IP \u00e0 d&rsquo;autres donn\u00e9es d\u00e9tenues par Google.<br>Si vous le souhaitez, vous pouvez vous opposer au traitement des donn\u00e9es ou des informations en refusant l&rsquo;utilisation de cookies en s\u00e9lectionnant les param\u00e8tres appropri\u00e9s de votre navigateur. Toutefois, dans ce cas, il se peut que vous ne puissiez pas utiliser toutes les fonctionnalit\u00e9s de ce site. En utilisant ce site, vous consentez express\u00e9ment au traitement de vos donn\u00e9es nominatives par Google dans les conditions et pour les finalit\u00e9s d\u00e9crites ci-dessus ;Le site utilise le service Google Analytics, fourni par Google, Inc, une organisation dont le si\u00e8ge social est situ\u00e9 \u00e0 1600 Amphitheatre Parkway, Mountain View (California), CA 94043, USA (\u00ab\u00a0Google\u00a0\u00bb).<br>Google Analytics utilise des cookies pour nous aider \u00e0 analyser l&rsquo;utilisation du site par ses utilisateurs. Les informations g\u00e9n\u00e9r\u00e9es par les cookies concernant votre utilisation du site (y compris votre adresse IP) seront transmises et stock\u00e9es par Google sur ses serveurs aux Etats-Unis. Google utilisera ces informations en notre nom afin de suivre votre utilisation du site, de compiler des rapports sur l&rsquo;activit\u00e9 du site et de fournir d&rsquo;autres services li\u00e9s \u00e0 l&rsquo;activit\u00e9 du site et \u00e0 l&rsquo;utilisation d&rsquo;Internet. Google peut \u00e9galement transmettre ces informations \u00e0 des tiers lorsque la loi l&rsquo;exige ou lorsque ces tiers traitent ces informations pour le compte de Google. Google n&rsquo;associera pas votre adresse IP \u00e0 d&rsquo;autres donn\u00e9es d\u00e9tenues par Google.<br>Si vous le souhaitez, vous pouvez vous opposer au traitement des donn\u00e9es ou des informations en refusant l&rsquo;utilisation de cookies en s\u00e9lectionnant les param\u00e8tres appropri\u00e9s de votre navigateur. Toutefois, dans ce cas, il se peut que vous ne puissiez pas utiliser toutes les fonctionnalit\u00e9s de ce site. En utilisant ce site, vous consentez express\u00e9ment au traitement de vos donn\u00e9es nominatives par Google dans les conditions et pour les finalit\u00e9s d\u00e9crites ci-dessus ;<\/p>\n\n\n\n<p>Nom des cookies :&nbsp; ;<br>_utma<br>_utmb<br>_utmc<br>_utmv<br>_utmz<\/p>\n\n\n\n<p>Finalit\u00e9 des cookies :Nom des cookies :\u00a0 ;<br>_utma<br>_utmb<br>_utmc<br>_utmv<br>_utmz<br><br>Finalit\u00e9 des cookies :<\/p>\n\n\n\n<p>Ces cookies de Google Analytics g\u00e9n\u00e8rent un identifiant d&rsquo;utilisateur anonyme qui est utilis\u00e9 pour compter le nombre de fois que l&rsquo;utilisateur de notre site le visite. Il enregistre \u00e9galement la date de la premi\u00e8re et de la derni\u00e8re visite sur le site. Il calcule quand vous avez termin\u00e9 une session, la source de l&rsquo;utilisateur et le mot-cl\u00e9.<\/p>\n\n\n\n<p><strong>Param\u00e8tres utilisateur pour emp\u00eacher les cookies<\/strong><\/p>\n\n\n\n<p>\u00c0 partir de notre site et conform\u00e9ment \u00e0 la l\u00e9gislation en vigueur, nous vous fournissons les informations n\u00e9cessaires pour configurer votre navigateur Internet afin de pr\u00e9server votre vie priv\u00e9e et votre s\u00e9curit\u00e9 en ce qui concerne les cookies. Par cons\u00e9quent, nous fournissons des informations et des liens vers les sites officiels des principaux navigateurs support\u00e9s afin que vous puissiez d\u00e9cider d&rsquo;accepter ou non l&rsquo;utilisation de cookies.<\/p>\n\n\n\n<p>Vous pouvez bloquer les cookies \u00e0 l&rsquo;aide d&rsquo;outils de navigation ou de configuration. Vous pouvez configurer votre navigateur de mani\u00e8re \u00e0 ce qu&rsquo;il vous avertisse lorsqu&rsquo;un serveur demande un cookie :<\/p>\n\n\n\n<ul class=\"wp-block-list\">\n<li>Si vous utilisez Microsoft Internet Explorer, dans le menu Outils ; Options Internet ; Confidentialit\u00e9 ; Param\u00e8tres. Pour plus d&rsquo;informations, consultez les sites http:\/\/windows.microsoft.com\/es-es\/windows-vista\/block-or-allow-cookies et http:\/\/windows.microsoft.com\/es-es\/windows7\/how-to- manage-cookies-internet-explorer-9.<\/li>\n\n\n\n<li>Si vous utilisez Firefox, l&rsquo;option dans le menu Outils> ; Options> ; Vie priv\u00e9e> ; Cookies. Pour en savoir plus, visitez le site https:\/\/support.mozilla.org\/es\/kb\/habilitar-y-deshabilitar-cookies-que-los-sitios-web<\/li>\n\n\n\n<li>Si vous utilisez Chrome, section Options> ; Options avanc\u00e9es> ; Confidentialit\u00e9. Pour en savoir plus http:\/\/support.google.com\/chrome\/bin\/answer.py?hl=es&amp;answer=95647<\/li>\n\n\n\n<li>Si vous utilisez Opera, l&rsquo;option Confidentialit\u00e9 et s\u00e9curit\u00e9 vous permet de configurer le navigateur. Pour en savoir plus, visitez le site http:\/\/www.opera.com\/help\/tutorials\/security\/cookies\/<\/li>\n<\/ul>\n","protected":false},"excerpt":{"rendered":"<p>R\u00e9glementation sur l&rsquo;utilisation des cookies L&rsquo;acc\u00e8s et la navigation sur le site, ou l&rsquo;utilisation de ses services, impliquent l&rsquo;acceptation des conditions g\u00e9n\u00e9rales \u00e9nonc\u00e9es dans notre avis de confidentialit\u00e9 (et donc de la politique de confidentialit\u00e9 et de la politique en mati\u00e8re de cookies). Veuillez les lire attentivement.Nous appr\u00e9cions que vous ayez d\u00e9cid\u00e9 de nous rendre [&hellip;]<\/p>\n","protected":false},"author":1,"featured_media":0,"parent":0,"menu_order":0,"comment_status":"closed","ping_status":"closed","template":"","meta":{"_acf_changed":false,"footnotes":""},"class_list":["post-524","page","type-page","status-publish","hentry"],"acf":[],"_links":{"self":[{"href":"https:\/\/alloggibarbaria.it\/fr\/wp-json\/wp\/v2\/pages\/524","targetHints":{"allow":["GET"]}}],"collection":[{"href":"https:\/\/alloggibarbaria.it\/fr\/wp-json\/wp\/v2\/pages"}],"about":[{"href":"https:\/\/alloggibarbaria.it\/fr\/wp-json\/wp\/v2\/types\/page"}],"author":[{"embeddable":true,"href":"https:\/\/alloggibarbaria.it\/fr\/wp-json\/wp\/v2\/users\/1"}],"replies":[{"embeddable":true,"href":"https:\/\/alloggibarbaria.it\/fr\/wp-json\/wp\/v2\/comments?post=524"}],"version-history":[{"count":1,"href":"https:\/\/alloggibarbaria.it\/fr\/wp-json\/wp\/v2\/pages\/524\/revisions"}],"predecessor-version":[{"id":526,"href":"https:\/\/alloggibarbaria.it\/fr\/wp-json\/wp\/v2\/pages\/524\/revisions\/526"}],"wp:attachment":[{"href":"https:\/\/alloggibarbaria.it\/fr\/wp-json\/wp\/v2\/media?parent=524"}],"curies":[{"name":"wp","href":"https:\/\/api.w.org\/{rel}","templated":true}]}}