{"id":872,"date":"2025-11-27T17:28:45","date_gmt":"2025-11-27T17:28:45","guid":{"rendered":"https:\/\/alloggibarbaria.it\/?page_id=872"},"modified":"2025-12-04T09:32:50","modified_gmt":"2025-12-04T09:32:50","slug":"alloggi-barbaria-venise","status":"publish","type":"page","link":"https:\/\/alloggibarbaria.it\/fr\/alloggi-barbaria-venise\/","title":{"rendered":"Pourquoi choisir Alloggi Barbaria \u00e0 Venise"},"content":{"rendered":"\n<h2 class=\"wp-block-heading\">Si tu cherches un endroit authentique o\u00f9 te sentir vraiment comme chez toi \u00e0 Venise, Alloggi Barbaria est le choix id\u00e9al.<\/h2>\n\n\n\n<p>Situ\u00e9 dans le <strong>calme quartier de Castello<\/strong>, \u00e0 seulement quelques minutes \u00e0 pied de <strong>la place Saint-Marc<\/strong> et des <strong>Fondamente Nove<\/strong>, notre petit h\u00f4tel familial combine la chaleur d\u2019une maison v\u00e9nitienne avec la praticit\u00e9 d\u2019un emplacement strat\u00e9gique.<\/p>\n\n\n\n<p>Ici, tu ne trouveras pas le luxe impersonnel des grands h\u00f4tels, mais plut\u00f4t <strong>une atmosph\u00e8re simple, sinc\u00e8re et soign\u00e9e dans les moindres d\u00e9tails<\/strong>.<br><strong><a href=\"https:\/\/alloggibarbaria.it\/fr\/presentation\/\" data-type=\"page\" data-id=\"498\">Fausto<\/a><\/strong>, le propri\u00e9taire, accueille chaque invit\u00e9 comme un ami, en partageant volontiers des conseils utiles pour d\u00e9couvrir Venise de fa\u00e7on authentique : loin des foules, parmi les ruelles tranquilles, les bacari typiques et les coins cach\u00e9s de la vraie ville lagunaire.<\/p>\n\n\n\n<p>La <strong>tranquillit\u00e9<\/strong> est notre plus grande valeur.<br>Apr\u00e8s une journ\u00e9e pass\u00e9e entre mus\u00e9es, gondoles et ponts, tu peux te d\u00e9tendre dans des <strong><a href=\"https:\/\/alloggibarbaria.it\/fr\/chambres\/\" data-type=\"link\" data-id=\"https:\/\/alloggibarbaria.it\/fr\/chambres\/\">chambres propres et confortables<\/a><\/strong>, appr\u00e9ci\u00e9es pour leur silence et l\u2019attention port\u00e9e \u00e0 chaque d\u00e9tail.<br>Pendant la belle saison, le <strong><a href=\"https:\/\/alloggibarbaria.it\/fr\/petit-dejeuner\/\" data-type=\"page\" data-id=\"950\">petit-d\u00e9jeuner sur la terrasse<\/a><\/strong> devient un moment privil\u00e9gi\u00e9 : un r\u00e9veil tout en douceur avec vue sur les toits de Venise.<\/p>\n\n\n\n<p>Alloggi Barbaria est parfait pour <strong>les couples et les familles<\/strong> qui souhaitent un s\u00e9jour serein et abordable, dans une zone pratique mais \u00e9loign\u00e9e du tourisme de masse.<br>Nous accueillons \u00e9galement avec plaisir les <strong>animaux de compagnie<\/strong>, car pour nous, voyager est encore plus beau quand on le partage avec ceux qu\u2019on aime\u2026 m\u00eame \u00e0 quatre pattes.<\/p>\n\n\n\n<p>Gr\u00e2ce \u00e0 la proximit\u00e9 des arr\u00eats de vaporetto <strong>\u00ab Ospedale \u00bb<\/strong> et <strong>\u00ab Fondamente Nove \u00bb<\/strong>, notre h\u00f4tel est un excellent point de d\u00e9part pour visiter <strong>Murano, Burano et Torcello<\/strong>, ou pour rejoindre facilement <strong><a href=\"https:\/\/www.veneziaairport.it\/en_gb\/\" target=\"_blank\" data-type=\"link\" data-id=\"https:\/\/www.veneziaairport.it\/en_gb\/\" rel=\"noreferrer noopener\">l\u2019a\u00e9roport Marco Polo<\/a><\/strong>.<\/p>\n\n\n\n<p>Choisir <a href=\"https:\/\/alloggibarbaria.it\/fr\/\" data-type=\"page\" data-id=\"495\">Alloggi Barbaria<\/a>, c\u2019est d\u00e9couvrir <strong>une hospitalit\u00e9 authentique<\/strong>, faite de sourires, de propret\u00e9 irr\u00e9prochable et du rythme paisible de la ville lagunaire.<br>Un lieu o\u00f9 le temps ralentit, et o\u00f9 Venise t\u2019accueille comme un vieil ami.<\/p>\n\n\n<div id=\"rank-math-faq\" class=\"rank-math-block\">\n<div class=\"rank-math-list \">\n<div id=\"faq-question-1764318713034\" class=\"rank-math-list-item\">\n<h3 class=\"rank-math-question \">Le quartier est-il vraiment calme ?<\/h3>\n<div class=\"rank-math-answer \">\n\n<p>Oui, nous sommes situ\u00e9s dans une partie tr\u00e8s silencieuse de Castello, id\u00e9ale pour bien se reposer apr\u00e8s les visites.<\/p>\n\n<\/div>\n<\/div>\n<div id=\"faq-question-1764318729582\" class=\"rank-math-list-item\">\n<h3 class=\"rank-math-question \">La place Saint-Marc est-elle loin ?<\/h3>\n<div class=\"rank-math-answer \">\n\n<p>Non, seulement quelques minutes \u00e0 pied : un emplacement pratique mais loin de la foule.<\/p>\n\n<\/div>\n<\/div>\n<div id=\"faq-question-1764318740336\" class=\"rank-math-list-item\">\n<h3 class=\"rank-math-question \">Le petit-d\u00e9jeuner est-il inclus ?<\/h3>\n<div class=\"rank-math-answer \">\n\n<p>Oui, et il est servi sur la terrasse lorsque le temps le permet.<\/p>\n\n<\/div>\n<\/div>\n<div id=\"faq-question-1764318751083\" class=\"rank-math-list-item\">\n<h3 class=\"rank-math-question \">Acceptez-vous les animaux ?<\/h3>\n<div class=\"rank-math-answer \">\n\n<p>Bien s\u00fbr ! Nous accueillons volontiers chiens et petits animaux, il suffit de nous pr\u00e9venir.<\/p>\n\n<\/div>\n<\/div>\n<div id=\"faq-question-1764318792574\" class=\"rank-math-list-item\">\n<h3 class=\"rank-math-question \">Les chambres sont-elles silencieuses ?<\/h3>\n<div class=\"rank-math-answer \">\n\n<p>Oui, beaucoup de nos clients appr\u00e9cient justement le calme de l\u2019h\u00f4tel.<\/p>\n\n<\/div>\n<\/div>\n<div id=\"faq-question-1764318799083\" class=\"rank-math-list-item\">\n<h3 class=\"rank-math-question \">Est-ce pratique pour visiter les \u00eeles ?<\/h3>\n<div class=\"rank-math-answer \">\n\n<p>Oui, les Fondamente Nove sont \u00e0 deux pas et permettent d\u2019acc\u00e9der directement \u00e0 Murano, Burano et Torcello.<\/p>\n\n<\/div>\n<\/div>\n<\/div>\n<\/div>","protected":false},"excerpt":{"rendered":"<p>Si tu cherches un endroit authentique o\u00f9 te sentir vraiment comme chez toi \u00e0 Venise, Alloggi Barbaria est le choix id\u00e9al. Situ\u00e9 dans le calme quartier de Castello, \u00e0 seulement quelques minutes \u00e0 pied de la place Saint-Marc et des Fondamente Nove, notre petit h\u00f4tel familial combine la chaleur d\u2019une maison v\u00e9nitienne avec la praticit\u00e9 [&hellip;]<\/p>\n","protected":false},"author":1,"featured_media":865,"parent":0,"menu_order":0,"comment_status":"closed","ping_status":"closed","template":"","meta":{"_acf_changed":false,"footnotes":""},"class_list":["post-872","page","type-page","status-publish","has-post-thumbnail","hentry"],"acf":[],"_links":{"self":[{"href":"https:\/\/alloggibarbaria.it\/fr\/wp-json\/wp\/v2\/pages\/872","targetHints":{"allow":["GET"]}}],"collection":[{"href":"https:\/\/alloggibarbaria.it\/fr\/wp-json\/wp\/v2\/pages"}],"about":[{"href":"https:\/\/alloggibarbaria.it\/fr\/wp-json\/wp\/v2\/types\/page"}],"author":[{"embeddable":true,"href":"https:\/\/alloggibarbaria.it\/fr\/wp-json\/wp\/v2\/users\/1"}],"replies":[{"embeddable":true,"href":"https:\/\/alloggibarbaria.it\/fr\/wp-json\/wp\/v2\/comments?post=872"}],"version-history":[{"count":2,"href":"https:\/\/alloggibarbaria.it\/fr\/wp-json\/wp\/v2\/pages\/872\/revisions"}],"predecessor-version":[{"id":974,"href":"https:\/\/alloggibarbaria.it\/fr\/wp-json\/wp\/v2\/pages\/872\/revisions\/974"}],"wp:featuredmedia":[{"embeddable":true,"href":"https:\/\/alloggibarbaria.it\/fr\/wp-json\/wp\/v2\/media\/865"}],"wp:attachment":[{"href":"https:\/\/alloggibarbaria.it\/fr\/wp-json\/wp\/v2\/media?parent=872"}],"curies":[{"name":"wp","href":"https:\/\/api.w.org\/{rel}","templated":true}]}}