{"id":902,"date":"2025-12-02T12:53:21","date_gmt":"2025-12-02T12:53:21","guid":{"rendered":"https:\/\/alloggibarbaria.it\/?page_id=902"},"modified":"2025-12-04T09:58:10","modified_gmt":"2025-12-04T09:58:10","slug":"murano-burano-torcello","status":"publish","type":"page","link":"https:\/\/alloggibarbaria.it\/fr\/murano-burano-torcello\/","title":{"rendered":"Id\u00e9al pour visiter Murano, Burano et Torcello"},"content":{"rendered":"\n<p>Si ton voyage \u00e0 Venise inclut la visite de ses \u00eeles les plus c\u00e9l\u00e8bres, <strong>Alloggi Barbaria est le choix id\u00e9al<\/strong>.<br><a href=\"https:\/\/alloggibarbaria.it\/fr\/rejoindre-alloggi-barbaria\/\" data-type=\"page\" data-id=\"965\">Notre emplacement<\/a>, \u00e0 seulement quelques minutes \u00e0 pied de l\u2019arr\u00eat de vaporetto <strong>Fondamente Nove<\/strong>, te permet de rejoindre facilement <strong>Murano, Burano et Torcello<\/strong>, les v\u00e9ritables tr\u00e9sors de la lagune nord.<\/p>\n\n\n\n<p>Depuis ici, partent toutes les principales lignes de vaporetto en direction des \u00eeles, ce qui signifie que <strong>tu n\u2019as pas besoin de traverser des zones bond\u00e9es<\/strong> ni de faire de longs trajets.<br>En quelques minutes, tu peux \u00eatre \u00e0 <strong>Murano<\/strong> pour d\u00e9couvrir l\u2019art du verre, admirer les <strong>maisons color\u00e9es de Burano<\/strong>, ou profiter du calme intemporel de <strong>Torcello<\/strong>, l\u2019un des lieux les plus anciens et fascinants de la lagune.<\/p>\n\n\n\n<p>En revenant \u00e0 Alloggi Barbaria, tu trouveras <strong>un environnement tranquille, accueillant et familial<\/strong>, parfait pour te d\u00e9tendre apr\u00e8s une journ\u00e9e pass\u00e9e entre bateaux, ponts et panoramas lagunaires.<br><a href=\"https:\/\/alloggibarbaria.it\/fr\/chambres\/\" data-type=\"link\" data-id=\"https:\/\/alloggibarbaria.it\/fr\/chambres\/\">Nos chambres<\/a> sont <strong>calmes et confortables<\/strong>, id\u00e9ales pour un s\u00e9jour simple, agr\u00e9able et sans stress.<\/p>\n\n\n\n<p>La proximit\u00e9 de l\u2019arr\u00eat de vaporetto rend \u00e9galement notre h\u00f4tel tr\u00e8s pratique pour les transferts depuis et vers <strong>l\u2019a\u00e9roport Marco Polo<\/strong>, une solution rapide et confortable pour voyager sans complications.<\/p>\n\n\n\n<p>Alloggi Barbaria est particuli\u00e8rement appr\u00e9ci\u00e9 par les voyageurs qui souhaitent explorer la lagune facilement, sans renoncer \u00e0 la <strong>tranquillit\u00e9 d\u2019un quartier authentique<\/strong> de Venise.<br>Une <strong>base parfaite<\/strong> pour profiter de la ville et de ses \u00eeles en toute simplicit\u00e9.<\/p>\n\n\n\n<h3 class=\"wp-block-heading\">Questions utiles pour visiter les \u00eeles<\/h3>\n\n\n<div id=\"rank-math-faq\" class=\"rank-math-block\">\n<div class=\"rank-math-list \">\n<div id=\"faq-question-1764687966718\" class=\"rank-math-list-item\">\n<h3 class=\"rank-math-question \">\u00c0 quelle distance se trouve l\u2019arr\u00eat Fondamente Nove ?<\/h3>\n<div class=\"rank-math-answer \">\n\n<p>\u00c0 seulement quelques minutes \u00e0 pied : c\u2019est l\u2019arr\u00eat le plus pratique pour visiter toutes les \u00eeles.<\/p>\n\n<\/div>\n<\/div>\n<div id=\"faq-question-1764687976075\" class=\"rank-math-list-item\">\n<h3 class=\"rank-math-question \">Combien de temps faut-il pour rejoindre les \u00eeles ?<\/h3>\n<div class=\"rank-math-answer \">\n\n<p>Murano : 5\u201310 minutes<br \/>Burano : environ 40 minutes<br \/>Torcello : juste apr\u00e8s Burano<\/p>\n\n<\/div>\n<\/div>\n<div id=\"faq-question-1764687987409\" class=\"rank-math-list-item\">\n<h3 class=\"rank-math-question \">Toutes les lignes vers les \u00eeles partent-elles de Fondamente Nove ?<\/h3>\n<div class=\"rank-math-answer \">\n\n<p>Oui, c\u2019est le principal point de d\u00e9part pour Murano, Burano et Torcello.<\/p>\n\n<\/div>\n<\/div>\n<div id=\"faq-question-1764687998905\" class=\"rank-math-list-item\">\n<h3 class=\"rank-math-question \">Le quartier est-il tr\u00e8s fr\u00e9quent\u00e9 ?<\/h3>\n<div class=\"rank-math-answer \">\n\n<p>Non, beaucoup moins que San Marco ou Rialto. Castello est <strong>calme, authentique et agr\u00e9able<\/strong>.<\/p>\n\n<\/div>\n<\/div>\n<div id=\"faq-question-1764688009510\" class=\"rank-math-list-item\">\n<h3 class=\"rank-math-question \">Est-ce pratique pour rejoindre l\u2019a\u00e9roport ?<\/h3>\n<div class=\"rank-math-answer \">\n\n<p>Oui, la ligne Alilaguna Bleue relie directement Fondamente Nove \u00e0 <strong>l\u2019a\u00e9roport Marco Polo<\/strong>.<\/p>\n\n<\/div>\n<\/div>\n<div id=\"faq-question-1764688020985\" class=\"rank-math-list-item\">\n<h3 class=\"rank-math-question \">Les chambres sont-elles calmes pour se reposer apr\u00e8s les excursions ?<\/h3>\n<div class=\"rank-math-answer \">\n\n<p>Oui, beaucoup de nos clients appr\u00e9cient particuli\u00e8rement notre <strong>tranquillit\u00e9<\/strong>.<\/p>\n\n<\/div>\n<\/div>\n<\/div>\n<\/div>","protected":false},"excerpt":{"rendered":"<p>Si ton voyage \u00e0 Venise inclut la visite de ses \u00eeles les plus c\u00e9l\u00e8bres, Alloggi Barbaria est le choix id\u00e9al.Notre emplacement, \u00e0 seulement quelques minutes \u00e0 pied de l\u2019arr\u00eat de vaporetto Fondamente Nove, te permet de rejoindre facilement Murano, Burano et Torcello, les v\u00e9ritables tr\u00e9sors de la lagune nord. Depuis ici, partent toutes les principales [&hellip;]<\/p>\n","protected":false},"author":1,"featured_media":901,"parent":0,"menu_order":0,"comment_status":"closed","ping_status":"closed","template":"","meta":{"_acf_changed":false,"footnotes":""},"class_list":["post-902","page","type-page","status-publish","has-post-thumbnail","hentry"],"acf":[],"_links":{"self":[{"href":"https:\/\/alloggibarbaria.it\/fr\/wp-json\/wp\/v2\/pages\/902","targetHints":{"allow":["GET"]}}],"collection":[{"href":"https:\/\/alloggibarbaria.it\/fr\/wp-json\/wp\/v2\/pages"}],"about":[{"href":"https:\/\/alloggibarbaria.it\/fr\/wp-json\/wp\/v2\/types\/page"}],"author":[{"embeddable":true,"href":"https:\/\/alloggibarbaria.it\/fr\/wp-json\/wp\/v2\/users\/1"}],"replies":[{"embeddable":true,"href":"https:\/\/alloggibarbaria.it\/fr\/wp-json\/wp\/v2\/comments?post=902"}],"version-history":[{"count":2,"href":"https:\/\/alloggibarbaria.it\/fr\/wp-json\/wp\/v2\/pages\/902\/revisions"}],"predecessor-version":[{"id":990,"href":"https:\/\/alloggibarbaria.it\/fr\/wp-json\/wp\/v2\/pages\/902\/revisions\/990"}],"wp:featuredmedia":[{"embeddable":true,"href":"https:\/\/alloggibarbaria.it\/fr\/wp-json\/wp\/v2\/media\/901"}],"wp:attachment":[{"href":"https:\/\/alloggibarbaria.it\/fr\/wp-json\/wp\/v2\/media?parent=902"}],"curies":[{"name":"wp","href":"https:\/\/api.w.org\/{rel}","templated":true}]}}