{"id":920,"date":"2025-12-02T16:08:19","date_gmt":"2025-12-02T16:08:19","guid":{"rendered":"https:\/\/alloggibarbaria.it\/?page_id=920"},"modified":"2025-12-04T10:35:45","modified_gmt":"2025-12-04T10:35:45","slug":"hotel-familial","status":"publish","type":"page","link":"https:\/\/alloggibarbaria.it\/fr\/hotel-familial\/","title":{"rendered":"Accueil authentique et gestion familiale"},"content":{"rendered":"\n<p>Alloggi Barbaria Venise est avant tout <strong>une maison<\/strong>.<br>Une maison o\u00f9 nous t\u2019accueillons avec simplicit\u00e9, gentillesse et une attention sinc\u00e8re.<br>Nous sommes un petit <strong>h\u00f4tel familial<\/strong>, et c\u2019est justement ce qui nous permet d\u2019offrir une hospitalit\u00e9 qui vient du c\u0153ur, et non de proc\u00e9dures impersonnelles.<\/p>\n\n\n\n<p><strong><a href=\"https:\/\/alloggibarbaria.it\/fr\/presentation\/\" data-type=\"link\" data-id=\"https:\/\/alloggibarbaria.it\/fr\/presentation\/\">Fausto<\/a><\/strong>, le propri\u00e9taire, est pr\u00e9sent chaque jour pour t\u2019aider, te conseiller et rendre ton s\u00e9jour plus l\u00e9ger.<br>Il parle plusieurs langues et conna\u00eet Venise dans les moindres d\u00e9tails : <strong>ruelles cach\u00e9es<\/strong>, <strong>restaurants authentiques<\/strong>, <strong>itin\u00e9raires calmes<\/strong> et tout ce qui peut rendre ton exp\u00e9rience encore plus agr\u00e9able.<br>Chaque conseil est pens\u00e9 pour te faire vivre la ville <strong>comme un vrai local<\/strong>, avec curiosit\u00e9 et tranquillit\u00e9.<\/p>\n\n\n\n<p>Notre accueil est <strong>simple, direct et transparent<\/strong>.<br>Nous n\u2019essayons pas d\u2019\u00eatre quelque chose que nous ne sommes pas : nous pr\u00e9f\u00e9rons t\u2019offrir une atmosph\u00e8re familiale, des <strong><a href=\"https:\/\/alloggibarbaria.it\/fr\/chambres\/\" data-type=\"link\" data-id=\"https:\/\/alloggibarbaria.it\/fr\/chambres\/\">chambres propres et soign\u00e9es<\/a><\/strong>, et un sourire authentique \u00e0 chaque fois que tu reviens \u00e0 l\u2019h\u00f4tel.<br>C\u2019est cet esprit que nos h\u00f4tes appr\u00e9cient le plus, et qui nous permet de cr\u00e9er un lien humain qui d\u00e9passe largement le simple s\u00e9jour.<\/p>\n\n\n\n<p>Dans un monde o\u00f9 tout semble aller vite, ici tu retrouves <strong>un rythme plus humain<\/strong>, fait de petites attentions et de dialogues chaleureux.<\/p>\n\n\n\n<p>Choisir Alloggi Barbaria Venise, c\u2019est trouver <strong>un lieu o\u00f9 tu te sens accueilli<\/strong>, pas simplement h\u00e9berg\u00e9.<br>Un endroit o\u00f9 tu peux te d\u00e9tendre, demander un conseil, et savoir qu\u2019il y aura toujours quelqu\u2019un pr\u00eat \u00e0 t\u2019aider avec plaisir.<\/p>\n\n\n\n<p>Notre <strong>gestion familiale<\/strong> est l\u2019\u00e2me de l\u2019h\u00f4tel, et chaque jour nous faisons de notre mieux pour que tu repartes non seulement avec de beaux souvenirs, mais aussi avec la <strong>sensation d\u2019avoir \u00e9t\u00e9 parmi des amis<\/strong>.<\/p>\n\n\n\n<h3 class=\"wp-block-heading\">Questions utiles sur notre gestion familiale<\/h3>\n\n\n<div id=\"rank-math-faq\" class=\"rank-math-block\">\n<div class=\"rank-math-list \">\n<div id=\"faq-question-1764692402586\" class=\"rank-math-list-item\">\n<h3 class=\"rank-math-question \">\u00cates-vous vraiment un h\u00f4tel familial ?<\/h3>\n<div class=\"rank-math-answer \">\n\n<p>Oui, et c\u2019est ce qui rend notre accueil chaleureux, personnel et authentique.<\/p>\n\n<\/div>\n<\/div>\n<div id=\"faq-question-1764692413312\" class=\"rank-math-list-item\">\n<h3 class=\"rank-math-question \">Puis-je parler directement avec le propri\u00e9taire ?<\/h3>\n<div class=\"rank-math-answer \">\n\n<p>Bien s\u00fbr. Fausto est toujours pr\u00e9sent et heureux d\u2019aider.<\/p>\n\n<\/div>\n<\/div>\n<div id=\"faq-question-1764692424854\" class=\"rank-math-list-item\">\n<h3 class=\"rank-math-question \">Donnez-vous des conseils personnalis\u00e9s pour visiter Venise ?<\/h3>\n<div class=\"rank-math-answer \">\n\n<p>Oui, nous aimons partager de bonnes adresses, des coins tranquilles et des itin\u00e9raires moins touristiques.<\/p>\n\n<\/div>\n<\/div>\n<div id=\"faq-question-1764692436893\" class=\"rank-math-list-item\">\n<h3 class=\"rank-math-question \">L\u2019ambiance est-elle vraiment informelle et conviviale ?<\/h3>\n<div class=\"rank-math-answer \">\n\n<p>Oui, de nombreux clients appr\u00e9cient particuli\u00e8rement notre simplicit\u00e9 et notre atmosph\u00e8re familiale.<\/p>\n\n<\/div>\n<\/div>\n<div id=\"faq-question-1764692448105\" class=\"rank-math-list-item\">\n<h3 class=\"rank-math-question \">Est-ce un bon choix pour une premi\u00e8re visite \u00e0 Venise?<\/h3>\n<div class=\"rank-math-answer \">\n\n<p>Absolument. Avoir un contact local change tout.<\/p>\n\n<\/div>\n<\/div>\n<\/div>\n<\/div>","protected":false},"excerpt":{"rendered":"<p>Alloggi Barbaria Venise est avant tout une maison.Une maison o\u00f9 nous t\u2019accueillons avec simplicit\u00e9, gentillesse et une attention sinc\u00e8re.Nous sommes un petit h\u00f4tel familial, et c\u2019est justement ce qui nous permet d\u2019offrir une hospitalit\u00e9 qui vient du c\u0153ur, et non de proc\u00e9dures impersonnelles. Fausto, le propri\u00e9taire, est pr\u00e9sent chaque jour pour t\u2019aider, te conseiller et [&hellip;]<\/p>\n","protected":false},"author":1,"featured_media":919,"parent":0,"menu_order":0,"comment_status":"closed","ping_status":"closed","template":"","meta":{"_acf_changed":false,"footnotes":""},"class_list":["post-920","page","type-page","status-publish","has-post-thumbnail","hentry"],"acf":[],"_links":{"self":[{"href":"https:\/\/alloggibarbaria.it\/fr\/wp-json\/wp\/v2\/pages\/920","targetHints":{"allow":["GET"]}}],"collection":[{"href":"https:\/\/alloggibarbaria.it\/fr\/wp-json\/wp\/v2\/pages"}],"about":[{"href":"https:\/\/alloggibarbaria.it\/fr\/wp-json\/wp\/v2\/types\/page"}],"author":[{"embeddable":true,"href":"https:\/\/alloggibarbaria.it\/fr\/wp-json\/wp\/v2\/users\/1"}],"replies":[{"embeddable":true,"href":"https:\/\/alloggibarbaria.it\/fr\/wp-json\/wp\/v2\/comments?post=920"}],"version-history":[{"count":2,"href":"https:\/\/alloggibarbaria.it\/fr\/wp-json\/wp\/v2\/pages\/920\/revisions"}],"predecessor-version":[{"id":998,"href":"https:\/\/alloggibarbaria.it\/fr\/wp-json\/wp\/v2\/pages\/920\/revisions\/998"}],"wp:featuredmedia":[{"embeddable":true,"href":"https:\/\/alloggibarbaria.it\/fr\/wp-json\/wp\/v2\/media\/919"}],"wp:attachment":[{"href":"https:\/\/alloggibarbaria.it\/fr\/wp-json\/wp\/v2\/media?parent=920"}],"curies":[{"name":"wp","href":"https:\/\/api.w.org\/{rel}","templated":true}]}}