{"id":965,"date":"2025-12-03T18:18:09","date_gmt":"2025-12-03T18:18:09","guid":{"rendered":"https:\/\/alloggibarbaria.it\/?page_id=965"},"modified":"2025-12-04T10:59:50","modified_gmt":"2025-12-04T10:59:50","slug":"rejoindre-alloggi-barbaria","status":"publish","type":"page","link":"https:\/\/alloggibarbaria.it\/fr\/rejoindre-alloggi-barbaria\/","title":{"rendered":"Comment rejoindre Alloggi Barbaria"},"content":{"rendered":"\n<p>Rejoindre Alloggi Barbaria est tr\u00e8s simple, quel que soit ton point d\u2019arriv\u00e9e.<br>Nous nous trouvons dans le <strong><a href=\"https:\/\/fr.wikipedia.org\/wiki\/Castello_(Venise)\" target=\"_blank\" data-type=\"link\" data-id=\"https:\/\/fr.wikipedia.org\/wiki\/Castello_(Venise)\" rel=\"noreferrer noopener\">quartier de Castello<\/a><\/strong>, dans une zone <strong>calme et bien desservie<\/strong>, \u00e0 seulement quelques minutes \u00e0 pied des arr\u00eats de vaporetto <strong>\u00ab Ospedale \u00bb<\/strong> et <strong>\u00ab Fondamente Nove \u00bb<\/strong>.<br>Gr\u00e2ce \u00e0 cet emplacement, tu peux arriver facilement depuis l\u2019a\u00e9roport, la gare ou Piazzale Roma.<\/p>\n\n\n\n<h3 class=\"wp-block-heading\"><strong>Depuis l\u2019a\u00e9roport Marco Polo (VCE)<\/strong><\/h3>\n\n\n\n<p>Prends la <strong><a href=\"https:\/\/www.alilaguna.it\/en\/linee\/blue-line\" target=\"_blank\" data-type=\"link\" data-id=\"https:\/\/www.alilaguna.it\/en\/linee\/blue-line\" rel=\"noreferrer noopener nofollow\">ligne Alilaguna Bleue<\/a><\/strong>, qui relie directement l\u2019a\u00e9roport \u00e0 Fondamente Nove.<br>Une fois descendu, il ne te reste que quelques minutes de marche pour atteindre l\u2019h\u00f4tel.<br>C\u2019est la solution la plus simple et la plus pratique \u2014 surtout si tu as des bagages.<\/p>\n\n\n\n<h3 class=\"wp-block-heading\"><strong>Depuis la gare de Venezia Santa Lucia<\/strong><\/h3>\n\n\n\n<p>Prends le vaporetto <a href=\"https:\/\/avm.avmspa.it\/en\/content\/water-bus-service-timetable-0\" target=\"_blank\" data-type=\"link\" data-id=\"https:\/\/avm.avmspa.it\/en\/content\/water-bus-service-timetable-0\" rel=\"noreferrer noopener nofollow\">ACTV<\/a> <strong>ligne 4.2<\/strong> ou <strong>ligne 5.2<\/strong> en direction de Fondamente Nove ou Ospedale.<br>Les deux arr\u00eats se trouvent \u00e0 quelques minutes seulement de l\u2019h\u00f4tel et te permettent d\u2019\u00e9viter les zones les plus touristiques.<\/p>\n\n\n\n<h3 class=\"wp-block-heading\"><strong>Depuis Piazzale Roma<\/strong><\/h3>\n\n\n\n<p>Tu peux \u00e9galement prendre les lignes <strong>4.2<\/strong> ou <strong>5.2<\/strong> depuis Piazzale Roma.<br>Le trajet est fluide et panoramique \u2014 parfait pour commencer \u00e0 d\u00e9couvrir Venise depuis l\u2019eau.<\/p>\n\n\n\n<h3 class=\"wp-block-heading\"><strong>Depuis l\u2019arr\u00eat \u00ab Fondamente Nove \u00bb<\/strong><\/h3>\n\n\n\n<p>Suis les indications vers Castello.<br>En moins de cinq minutes, tu arriveras \u00e0 l\u2019entr\u00e9e de l\u2019h\u00f4tel, en passant par <strong>des ruelles calmes et typiques<\/strong> du quartier.<\/p>\n\n\n\n<h3 class=\"wp-block-heading\"><strong>Depuis l\u2019arr\u00eat \u00ab Ospedale \u00bb<\/strong><\/h3>\n\n\n\n<p>Le trajet est tout aussi court et tr\u00e8s simple \u2014 id\u00e9al si tu pr\u00e9f\u00e8res un chemin encore plus direct.<\/p>\n\n\n\n<p>\u00c0 ton arriv\u00e9e, nous te remettons toujours <strong>une carte personnalis\u00e9e<\/strong>, tr\u00e8s utile pour explorer la zone et t\u2019orienter pendant les premiers jours.<br>Nous sommes \u00e9galement heureux de t\u2019envoyer des instructions d\u00e9taill\u00e9es \u00e0 l\u2019avance pour que tu puisses organiser ton voyage <strong>sans stress<\/strong>.<\/p>\n\n\n\n<p>S\u00e9journer \u00e0 Alloggi Barbaria, c\u2019est profiter d\u2019un <strong>emplacement calme et pratique<\/strong>, parfait pour ceux qui recherchent un point d\u2019arriv\u00e9e facile et <a href=\"https:\/\/alloggibarbaria.it\/fr\/murano-burano-torcello\/\" data-type=\"page\" data-id=\"902\">bien connect\u00e9 avec toute la ville<\/a>.<\/p>\n\n\n\n<h3 class=\"wp-block-heading\">Questions utiles pour arriver \u00e0 l\u2019h\u00f4tel<\/h3>\n\n\n<div id=\"rank-math-faq\" class=\"rank-math-block\">\n<div class=\"rank-math-list \">\n<div id=\"faq-question-1764786561744\" class=\"rank-math-list-item\">\n<h3 class=\"rank-math-question \">Fondamente Nove est-il l\u2019arr\u00eat le plus proche ?<\/h3>\n<div class=\"rank-math-answer \">\n\n<p>Oui, il se trouve \u00e0 seulement quelques minutes \u00e0 pied.<\/p>\n\n<\/div>\n<\/div>\n<div id=\"faq-question-1764786568042\" class=\"rank-math-list-item\">\n<h3 class=\"rank-math-question \">Est-ce facile d\u2019arriver depuis l\u2019a\u00e9roport ?<\/h3>\n<div class=\"rank-math-answer \">\n\n<p>Absolument : la ligne Alilaguna Bleue te d\u00e9pose directement \u00e0 Fondamente Nove.<\/p>\n\n<\/div>\n<\/div>\n<div id=\"faq-question-1764786577102\" class=\"rank-math-list-item\">\n<h3 class=\"rank-math-question \">Les vaporettos circulent-ils souvent ?<\/h3>\n<div class=\"rank-math-answer \">\n\n<p>Oui, les lignes 4.2 et 5.2 passent r\u00e9guli\u00e8rement toute la journ\u00e9e.<\/p>\n\n<\/div>\n<\/div>\n<div id=\"faq-question-1764786588270\" class=\"rank-math-list-item\">\n<h3 class=\"rank-math-question \">La marche jusqu\u2019\u00e0 l\u2019h\u00f4tel est-elle simple ?<\/h3>\n<div class=\"rank-math-answer \">\n\n<p>Oui, les deux itin\u00e9raires sont courts, plats et faciles \u00e0 suivre.<\/p>\n\n<\/div>\n<\/div>\n<div id=\"faq-question-1764786597382\" class=\"rank-math-list-item\">\n<h3 class=\"rank-math-question \">Le quartier est-il s\u00fbr pour marcher avec des bagages ?<\/h3>\n<div class=\"rank-math-answer \">\n\n<p>Oui, Castello est l\u2019un des quartiers les plus tranquilles et s\u00fbrs de Venise.<\/p>\n\n<\/div>\n<\/div>\n<div id=\"faq-question-1764786609120\" class=\"rank-math-list-item\">\n<h3 class=\"rank-math-question \">Pouvez-vous m\u2019envoyer des indications avant mon arriv\u00e9e ?<\/h3>\n<div class=\"rank-math-answer \">\n\n<p>Bien s\u00fbr ! Nous pouvons fournir un guide d\u00e9taill\u00e9 selon ton point d\u2019arriv\u00e9e.<\/p>\n\n<\/div>\n<\/div>\n<\/div>\n<\/div>","protected":false},"excerpt":{"rendered":"<p>Rejoindre Alloggi Barbaria est tr\u00e8s simple, quel que soit ton point d\u2019arriv\u00e9e.Nous nous trouvons dans le quartier de Castello, dans une zone calme et bien desservie, \u00e0 seulement quelques minutes \u00e0 pied des arr\u00eats de vaporetto \u00ab Ospedale \u00bb et \u00ab Fondamente Nove \u00bb.Gr\u00e2ce \u00e0 cet emplacement, tu peux arriver facilement depuis l\u2019a\u00e9roport, la gare [&hellip;]<\/p>\n","protected":false},"author":1,"featured_media":964,"parent":0,"menu_order":0,"comment_status":"closed","ping_status":"closed","template":"","meta":{"_acf_changed":false,"footnotes":""},"class_list":["post-965","page","type-page","status-publish","has-post-thumbnail","hentry"],"acf":[],"_links":{"self":[{"href":"https:\/\/alloggibarbaria.it\/fr\/wp-json\/wp\/v2\/pages\/965","targetHints":{"allow":["GET"]}}],"collection":[{"href":"https:\/\/alloggibarbaria.it\/fr\/wp-json\/wp\/v2\/pages"}],"about":[{"href":"https:\/\/alloggibarbaria.it\/fr\/wp-json\/wp\/v2\/types\/page"}],"author":[{"embeddable":true,"href":"https:\/\/alloggibarbaria.it\/fr\/wp-json\/wp\/v2\/users\/1"}],"replies":[{"embeddable":true,"href":"https:\/\/alloggibarbaria.it\/fr\/wp-json\/wp\/v2\/comments?post=965"}],"version-history":[{"count":2,"href":"https:\/\/alloggibarbaria.it\/fr\/wp-json\/wp\/v2\/pages\/965\/revisions"}],"predecessor-version":[{"id":1020,"href":"https:\/\/alloggibarbaria.it\/fr\/wp-json\/wp\/v2\/pages\/965\/revisions\/1020"}],"wp:featuredmedia":[{"embeddable":true,"href":"https:\/\/alloggibarbaria.it\/fr\/wp-json\/wp\/v2\/media\/964"}],"wp:attachment":[{"href":"https:\/\/alloggibarbaria.it\/fr\/wp-json\/wp\/v2\/media?parent=965"}],"curies":[{"name":"wp","href":"https:\/\/api.w.org\/{rel}","templated":true}]}}