{"id":582,"date":"2023-10-23T09:33:41","date_gmt":"2023-10-23T09:33:41","guid":{"rendered":"https:\/\/staging.alloggibarbaria.it\/about\/"},"modified":"2025-12-04T16:28:13","modified_gmt":"2025-12-04T16:28:13","slug":"staff","status":"publish","type":"page","link":"https:\/\/alloggibarbaria.it\/it\/staff\/","title":{"rendered":"Staff"},"content":{"rendered":"\n<p><strong>La famiglia Maroder<\/strong>, proprietaria di <strong>Alloggi Barbaria<\/strong>, vive a Venezia da sempre.<br>Dopo aver gestito negli anni numerosi alberghi a Venezia, nell&#8217;agosto 2002 hanno deciso di aprire Alloggi Barbaria.<\/p>\n\n\n\n<p><strong>Fausto<\/strong>, il proprietario, \u00e8 qui fin dalla sua apertura nel 2002.<br>Fausto parla molte lingue, tra cui inglese, spagnolo, francese, tedesco, portoghese e, naturalmente, italiano. Ha un&#8217;ampia conoscenza di Venezia, comprese tutte le attrazioni turistiche, i ristoranti e altro ancora. Sar\u00e0 lieto di aiutarvi a prenotare e a pianificare le vostre giornate di visite a Venezia.<br>Fausto \u00e8 presente in hotel tutte le mattine ed \u00e8 il vostro principale contatto con l&#8217;hotel quando comunicate via e-mail.<\/p>\n\n\n\n<h3 class=\"wp-block-heading\">Stai organizzando il tuo soggiorno?<\/h3>\n\n\n\n<p>Abbiamo preparato una guida semplice e chiara che raccoglie tutte le informazioni utili su Alloggi Barbaria: la nostra posizione tranquilla, come raggiungerci, la colazione in terrazza, la vicinanza alle isole e molto altro.<\/p>\n\n\n\n<p>\ud83d\udc49 <em><a href=\"https:\/\/alloggibarbaria.it\/it\/scopri-alloggi-barbaria-venezia\/\" data-type=\"link\" data-id=\"https:\/\/alloggibarbaria.it\/it\/scopri-alloggi-barbaria-venezia\/\">Leggi la nostra Guida completa per il soggiorno<\/a><\/em><\/p>\n","protected":false},"excerpt":{"rendered":"<p>La famiglia Maroder, proprietaria di Alloggi Barbaria, vive a Venezia da sempre.Dopo aver gestito negli anni numerosi alberghi a Venezia, nell&#8217;agosto 2002 hanno deciso di aprire Alloggi Barbaria. Fausto, il proprietario, \u00e8 qui fin dalla sua apertura nel 2002.Fausto parla molte lingue, tra cui inglese, spagnolo, francese, tedesco, portoghese e, naturalmente, italiano. Ha un&#8217;ampia conoscenza [&hellip;]<\/p>\n","protected":false},"author":1,"featured_media":333,"parent":0,"menu_order":0,"comment_status":"closed","ping_status":"closed","template":"","meta":{"_acf_changed":false,"footnotes":""},"class_list":["post-582","page","type-page","status-publish","has-post-thumbnail","hentry"],"acf":[],"_links":{"self":[{"href":"https:\/\/alloggibarbaria.it\/it\/wp-json\/wp\/v2\/pages\/582","targetHints":{"allow":["GET"]}}],"collection":[{"href":"https:\/\/alloggibarbaria.it\/it\/wp-json\/wp\/v2\/pages"}],"about":[{"href":"https:\/\/alloggibarbaria.it\/it\/wp-json\/wp\/v2\/types\/page"}],"author":[{"embeddable":true,"href":"https:\/\/alloggibarbaria.it\/it\/wp-json\/wp\/v2\/users\/1"}],"replies":[{"embeddable":true,"href":"https:\/\/alloggibarbaria.it\/it\/wp-json\/wp\/v2\/comments?post=582"}],"version-history":[{"count":3,"href":"https:\/\/alloggibarbaria.it\/it\/wp-json\/wp\/v2\/pages\/582\/revisions"}],"predecessor-version":[{"id":1046,"href":"https:\/\/alloggibarbaria.it\/it\/wp-json\/wp\/v2\/pages\/582\/revisions\/1046"}],"wp:featuredmedia":[{"embeddable":true,"href":"https:\/\/alloggibarbaria.it\/it\/wp-json\/wp\/v2\/media\/333"}],"wp:attachment":[{"href":"https:\/\/alloggibarbaria.it\/it\/wp-json\/wp\/v2\/media?parent=582"}],"curies":[{"name":"wp","href":"https:\/\/api.w.org\/{rel}","templated":true}]}}