{"id":592,"date":"2023-10-23T09:36:04","date_gmt":"2023-10-23T09:36:04","guid":{"rendered":"https:\/\/staging.alloggibarbaria.it\/faq\/"},"modified":"2025-11-03T11:01:33","modified_gmt":"2025-11-03T11:01:33","slug":"faq","status":"publish","type":"page","link":"https:\/\/alloggibarbaria.it\/it\/faq\/","title":{"rendered":"FAQ"},"content":{"rendered":"<div id=\"rank-math-faq\" class=\"rank-math-block\">\n<div class=\"rank-math-list \">\n<div id=\"faq-question-69088b8deb0ff\" class=\"rank-math-list-item\">\n<h3 class=\"rank-math-question \"><strong>A che ora \u00e8 possibile effettuare il check-in e il check-out?<\/strong><\/h3>\n<div class=\"rank-math-answer \">\n\n<p>L&#8217;orario di check-in per tutte le camere \u00e8 alle 13:00 e il check-out alle 10:30. Se arrivate in anticipo potete lasciare i bagagli presso la struttura prima del check-in. Il nostro limite di check-in \u00e8 alle 19:00, per arrivi pi\u00f9 tardivi \u00e8 necessario contattarci in anticipo.<\/p>\n\n<\/div>\n<\/div>\n<div id=\"faq-question-69088b8deb102\" class=\"rank-math-list-item\">\n<h3 class=\"rank-math-question \"><strong>Il prezzo si intende per camera o per persona?<\/strong><\/h3>\n<div class=\"rank-math-answer \">\n\n<p>Il prezzo si intende per camera e comprende il servizio e l&#8217;IVA (ma non la tassa di soggiorno).<\/p>\n\n<\/div>\n<\/div>\n<div id=\"faq-question-69088b8deb103\" class=\"rank-math-list-item\">\n<h3 class=\"rank-math-question \"><strong>La colazione \u00e8 inclusa nel prezzo e che tipo di colazione \u00e8?<\/strong><\/h3>\n<div class=\"rank-math-answer \">\n\n<p>S\u00ec, la colazione all&#8217;italiana \u00e8 inclusa nel prezzo. La nostra colazione consiste in caff\u00e8 (o t\u00e8 o cioccolata calda), succo di frutta, panini, prodotti da forno assortiti, marmellate, yogurt, nutella, burro e formaggio.<\/p>\n\n<\/div>\n<\/div>\n<div id=\"faq-question-69088b8deb104\" class=\"rank-math-list-item\">\n<h3 class=\"rank-math-question \"><strong>Le camere sono dotate di terrazza?<\/strong><\/h3>\n<div class=\"rank-math-answer \">\n\n<p>Le camere non hanno una terrazza, ma le ampie finestre permettono al sole e all&#8217;aria fresca di entrare in qualsiasi momento. Alcune camere si affacciano su un cortile-giardino.<\/p>\n\n<\/div>\n<\/div>\n<div id=\"faq-question-69088b8deb105\" class=\"rank-math-list-item\">\n<h3 class=\"rank-math-question \"><strong>Ci sono camere per non fumatori?<\/strong><\/h3>\n<div class=\"rank-math-answer \">\n\n<p>Alloggi Barbaria dispone solo di camere per non fumatori.<\/p>\n\n<\/div>\n<\/div>\n<div id=\"faq-question-69088b8deb106\" class=\"rank-math-list-item\">\n<h3 class=\"rank-math-question \"><strong>C&#8217;\u00e8 un telefono a selezione diretta nelle camere?<\/strong><\/h3>\n<div class=\"rank-math-answer \">\n\n<p>Tutte le camere sono dotate di telefono con linea diretta.<\/p>\n\n<\/div>\n<\/div>\n<div id=\"faq-question-69088b8deb107\" class=\"rank-math-list-item\">\n<h3 class=\"rank-math-question \"><strong>C&#8217;\u00e8 l&#8217;aria condizionata nelle camere? C&#8217;\u00e8 un costo aggiuntivo per questo? \u00c8 stagionale?<\/strong><\/h3>\n<div class=\"rank-math-answer \">\n\n<p>Tutte le camere sono dotate di aria condizionata. Non \u00e8 previsto alcun costo aggiuntivo. Questo servizio \u00e8 stagionale da giugno a settembre, come stabilito dal Comune di Venezia.<\/p>\n\n<\/div>\n<\/div>\n<div id=\"faq-question-69088b8deb108\" class=\"rank-math-list-item\">\n<h3 class=\"rank-math-question \"><strong>Avete un punto Internet\/E-Mail nella propriet\u00e0?<\/strong><\/h3>\n<div class=\"rank-math-answer \">\n\n<p>Alloggi Barbaria dispone del servizio WiFi gratuito nelle aree comuni e in alcune camere.<\/p>\n\n<\/div>\n<\/div>\n<div id=\"faq-question-69088b8deb109\" class=\"rank-math-list-item\">\n<h3 class=\"rank-math-question \"><strong>C&#8217;\u00e8 un supermercato nelle vicinanze?<\/strong><\/h3>\n<div class=\"rank-math-answer \">\n\n<p>Un comodo supermercato si trova a solo 1 minuto a piedi da Alloggi Barbaria.<\/p>\n\n<\/div>\n<\/div>\n<div id=\"faq-question-69088b8deb10a\" class=\"rank-math-list-item\">\n<h3 class=\"rank-math-question \"><strong>Il parcheggio o il garage sono disponibili?<\/strong><\/h3>\n<div class=\"rank-math-answer \">\n\n<p>Un ampio parcheggio si trova vicino al terminal degli autobus di Venezia. Se avete bisogno di assistenza per trovare un parcheggio per la vostra auto, potete contattare l&#8217;hotel, che sar\u00e0 lieto di aiutarvi a trovare la sistemazione migliore per la vostra auto.<\/p>\n\n<\/div>\n<\/div>\n<div id=\"faq-question-69088b8deb10b\" class=\"rank-math-list-item\">\n<h3 class=\"rank-math-question \"><strong>Avete un servizio di prelievo o di navetta da e per l&#8217;aeroporto?<\/strong><\/h3>\n<div class=\"rank-math-answer \">\n\n<p>Non offriamo un servizio di navetta dall&#8217;aeroporto, ma \u00e8 molto facile ed economico arrivare ad Alloggi Barbaria dall&#8217;Aeroporto Internazionale Marco Polo di Venezia. Per maggiori dettagli, visitate la pagina Come arrivare.<\/p>\n\n<\/div>\n<\/div>\n<div id=\"faq-question-69088b8deb10c\" class=\"rank-math-list-item\">\n<h3 class=\"rank-math-question \"><strong>Quale \u00e8 la fermata del vaporetto pi\u00f9 vicina?<\/strong><\/h3>\n<div class=\"rank-math-answer \">\n\n<p>La fermata del vaporetto pi\u00f9 vicina, Ospedale, si trova a meno di 2 minuti a piedi dalla struttura, senza ponti da attraversare.<\/p>\n\n<\/div>\n<\/div>\n<div id=\"faq-question-69088b8deb10d\" class=\"rank-math-list-item\">\n<h3 class=\"rank-math-question \"><strong>C&#8217;\u00e8 un ristorante nella struttura?<\/strong><\/h3>\n<div class=\"rank-math-answer \">\n\n<p>No, non c&#8217;\u00e8 un ristorante nella struttura, ma ci sono molti ristoranti italiani genuini vicino ad Alloggi Barbaria. Non esitate a chiedere consigli al nostro staff.<\/p>\n\n<\/div>\n<\/div>\n<div id=\"faq-question-69088b8deb10e\" class=\"rank-math-list-item\">\n<h3 class=\"rank-math-question \"><strong>Qual \u00e8 la vostra politica di cancellazione?<\/strong><\/h3>\n<div class=\"rank-math-answer \">\n\n<p>Dipende dal tipo di alloggio prenotato, si prega di controllare la conferma della prenotazione.<\/p>\n\n<\/div>\n<\/div>\n<\/div>\n<\/div>","protected":false},"excerpt":{"rendered":"","protected":false},"author":1,"featured_media":0,"parent":0,"menu_order":0,"comment_status":"closed","ping_status":"closed","template":"","meta":{"_acf_changed":false,"footnotes":""},"class_list":["post-592","page","type-page","status-publish","hentry"],"acf":[],"_links":{"self":[{"href":"https:\/\/alloggibarbaria.it\/it\/wp-json\/wp\/v2\/pages\/592","targetHints":{"allow":["GET"]}}],"collection":[{"href":"https:\/\/alloggibarbaria.it\/it\/wp-json\/wp\/v2\/pages"}],"about":[{"href":"https:\/\/alloggibarbaria.it\/it\/wp-json\/wp\/v2\/types\/page"}],"author":[{"embeddable":true,"href":"https:\/\/alloggibarbaria.it\/it\/wp-json\/wp\/v2\/users\/1"}],"replies":[{"embeddable":true,"href":"https:\/\/alloggibarbaria.it\/it\/wp-json\/wp\/v2\/comments?post=592"}],"version-history":[{"count":2,"href":"https:\/\/alloggibarbaria.it\/it\/wp-json\/wp\/v2\/pages\/592\/revisions"}],"predecessor-version":[{"id":851,"href":"https:\/\/alloggibarbaria.it\/it\/wp-json\/wp\/v2\/pages\/592\/revisions\/851"}],"wp:attachment":[{"href":"https:\/\/alloggibarbaria.it\/it\/wp-json\/wp\/v2\/media?parent=592"}],"curies":[{"name":"wp","href":"https:\/\/api.w.org\/{rel}","templated":true}]}}