{"id":603,"date":"2023-10-23T09:25:23","date_gmt":"2023-10-23T09:25:23","guid":{"rendered":"https:\/\/staging.alloggibarbaria.it\/neighborhood\/"},"modified":"2024-01-12T10:40:11","modified_gmt":"2024-01-12T10:40:11","slug":"nei-dintorni","status":"publish","type":"page","link":"https:\/\/alloggibarbaria.it\/it\/nei-dintorni\/","title":{"rendered":"Nei dintorni"},"content":{"rendered":"\n<p>Trovare un&nbsp;<strong>hotel economico a Venezia<\/strong>&nbsp;rappresenta un fattore importante in una citt\u00e0 piuttosto costosa.&nbsp;<strong>Soggiornare a Venezia<\/strong>&nbsp;pu\u00f2 essere costoso, ma dal 2002 esiste un hotel economico come&nbsp;<strong>Alloggi Barbaria<\/strong>. Scegliere questo albergo economico per il vostro soggiorno a Venezia&nbsp;significa risparmiare e ottenere un elevato standard di pulizia e decoro senza rinunciare ai comfort offerti da hotel pi\u00f9 costosi.<\/p>\n\n\n<div class=\"wp-block-image\">\n<figure class=\"alignright\"><img decoding=\"async\" src=\"https:\/\/alloggibarbaria.it\/wp-content\/uploads\/2023\/10\/Chiesa_San_Giovanni_e_Paolo.jpg\" alt=\"\" class=\"wp-image-73\"\/><\/figure><\/div>\n\n\n<p>La nostra struttura \u00e8 a conduzione familiare e vi offre un&#8217;atmosfera amichevole che non troverete spesso negli hotel pi\u00f9 grandi.<\/p>\n\n\n\n<p><a href=\"https:\/\/alloggibarbaria.it\/it\/location\/\">Arrivare qui<\/a>\u00a0\u00e8 facile ed economico. Dal\u00a0<strong>parcheggio di Piazzale Roma<\/strong>\u00a0o dal treno\u00a0<strong>stazione Santa Lucia<\/strong>\u00a0bisogna prendere il vaporetto\u00a0<a href=\"http:\/\/www.actv.it\/\" target=\"_blank\" rel=\"noreferrer noopener\">Actv<\/a>\u00a0linea #52 e scendere alla fermata &#8220;Ospedale&#8221;. Dalla fermata Ospedale si raggiunge a piedi Alloggi Barbaria.<\/p>\n\n\n\n<p><strong>Dall&#8217;Aeroporto Internazionale Marco Polo c&#8217;\u00e8 un modo economico per raggiungere Alloggi Barbaria<\/strong>, prendendo il vaporetto Linea Blu fornito da&nbsp;<a href=\"http:\/\/www.alilaguna.it\/\" target=\"_blank\" rel=\"noreferrer noopener\">Alilaguna<\/a>&nbsp;e scendendo alla fermata &#8220;Ospedale&#8221;. Da l\u00ec, in pochi minuti a piedi, si raggiunge questo hotel economico.<\/p>\n\n\n<div class=\"wp-block-image\">\n<figure class=\"alignleft\"><img decoding=\"async\" src=\"https:\/\/alloggibarbaria.it\/wp-content\/uploads\/2023\/10\/Monumento_Colleoni.jpg\" alt=\"\" class=\"wp-image-75\"\/><\/figure><\/div>\n\n\n<p>L&#8217;hotel dista circa&nbsp;12 minuti a piedi&nbsp;dalle principali attrazioni di Venezia come&nbsp;<strong>Piazza San Marco<\/strong>&nbsp;o il&nbsp;<strong>Ponte di Rialto<\/strong>. La sua posizione consente brevi passeggiate e permette di soggiornare e dormire in una zona tranquilla e non turistica della citt\u00e0: il&nbsp;<strong>sestiere del Castello<\/strong>.<\/p>\n\n\n\n<p>Nelle vicinanze dell&#8217;hotel si trova un negozio di alimentari a prezzi accessibili. A pochi minuti a piedi si trova la <strong>Chiesa di San Giovanni e Paolo<\/strong>, antica basilica, notevole edificio di epoca gotica. All&#8217;esterno della chiesa si trova l&#8217;eccezionale monumento equestre dedicato al condottiero veneziano <strong>Bartolomeo Colleoni<\/strong>, opera dello scultore fiorentino Andrea Verrocchio (1481-1488). Nella stessa piazza si pu\u00f2 ammirare la facciata della <strong>Grande Scuola di San Marco<\/strong>, completata nel 1495 (stile rinascimentale) su progetto dell&#8217;architetto Mauro Codussi.<\/p>\n\n\n<div class=\"wp-block-image\">\n<figure class=\"alignright\"><img decoding=\"async\" src=\"https:\/\/alloggibarbaria.it\/wp-content\/uploads\/2023\/10\/Scuola_Grande_San_Marco.jpg\" alt=\"\" class=\"wp-image-76\"\/><\/figure><\/div>\n\n\n<p>Passando poi per l&#8217;affollata Calle Lunga, alla fine del vicolo si trova l&#8217;emozionante&nbsp;<strong>Piazza Santa Maria Formosa<\/strong>&nbsp;con l&#8217;omonima chiesa. All&#8217;interno, gli amanti della musica classica possono assistere la sera a&nbsp;<a href=\"http:\/\/www.innvenice.com\/en.Music.htm\" target=\"_blank\" rel=\"noreferrer noopener\">concerti<\/a>.<\/p>\n\n\n\n<p>Se desiderate fare un&#8217;escursione economica alle isole della&nbsp;<strong>Laguna di Venezia<\/strong>, l&#8217;hotel \u00e8 il punto di partenza perfetto. Prendere il vaporetto dalla fermata &#8220;Ospedale&#8221; \u00e8 il metodo pi\u00f9 conveniente per raggiungere&nbsp;<a href=\"http:\/\/www.innvenice.com\/en.Murano-Island.htm\" target=\"_blank\" rel=\"noreferrer noopener\">Murano<\/a>&nbsp;(l'&#8221;isola di vetro&#8221;) con una breve corsa. Ma con una corsa di 40 minuti, partendo dalla fermata &#8220;Fondamente Nove&#8221;, si possono visitare le isole di&nbsp;<a href=\"http:\/\/www.innvenice.com\/en.Burano-Island.htm\" target=\"_blank\" rel=\"noreferrer noopener\">Burano<\/a>&nbsp; (l&#8217;isola dei merletti), e&nbsp;<a href=\"http:\/\/www.innvenice.com\/en.Torcello-Island.htm\" target=\"_blank\" rel=\"noreferrer noopener\">Torcello<\/a>&nbsp; (l&#8217;isola pi\u00f9 antica della Laguna).<\/p>\n\n\n\n<p>Cercate altre informazioni su Venezia? Consultate la nostra<strong>&nbsp;<a href=\"http:\/\/www.innvenice.com\/venice.index.htm\" target=\"_blank\" rel=\"noreferrer noopener\">Guida della citt\u00e0 di Venezia<\/a><\/strong>.<\/p>\n\n\n\n<p>Per ulteriori informazioni su questo hotel economico a Venezia contattate il nostro staff che sar\u00e0 lieto di rispondere alle vostre domande.<\/p>\n","protected":false},"excerpt":{"rendered":"<p>Trovare un&nbsp;hotel economico a Venezia&nbsp;rappresenta un fattore importante in una citt\u00e0 piuttosto costosa.&nbsp;Soggiornare a Venezia&nbsp;pu\u00f2 essere costoso, ma dal 2002 esiste un hotel economico come&nbsp;Alloggi Barbaria. Scegliere questo albergo economico per il vostro soggiorno a Venezia&nbsp;significa risparmiare e ottenere un elevato standard di pulizia e decoro senza rinunciare ai comfort offerti da hotel pi\u00f9 costosi. [&hellip;]<\/p>\n","protected":false},"author":1,"featured_media":338,"parent":0,"menu_order":0,"comment_status":"closed","ping_status":"closed","template":"","meta":{"_acf_changed":false,"footnotes":""},"class_list":["post-603","page","type-page","status-publish","has-post-thumbnail","hentry"],"acf":[],"_links":{"self":[{"href":"https:\/\/alloggibarbaria.it\/it\/wp-json\/wp\/v2\/pages\/603","targetHints":{"allow":["GET"]}}],"collection":[{"href":"https:\/\/alloggibarbaria.it\/it\/wp-json\/wp\/v2\/pages"}],"about":[{"href":"https:\/\/alloggibarbaria.it\/it\/wp-json\/wp\/v2\/types\/page"}],"author":[{"embeddable":true,"href":"https:\/\/alloggibarbaria.it\/it\/wp-json\/wp\/v2\/users\/1"}],"replies":[{"embeddable":true,"href":"https:\/\/alloggibarbaria.it\/it\/wp-json\/wp\/v2\/comments?post=603"}],"version-history":[{"count":2,"href":"https:\/\/alloggibarbaria.it\/it\/wp-json\/wp\/v2\/pages\/603\/revisions"}],"predecessor-version":[{"id":622,"href":"https:\/\/alloggibarbaria.it\/it\/wp-json\/wp\/v2\/pages\/603\/revisions\/622"}],"wp:featuredmedia":[{"embeddable":true,"href":"https:\/\/alloggibarbaria.it\/it\/wp-json\/wp\/v2\/media\/338"}],"wp:attachment":[{"href":"https:\/\/alloggibarbaria.it\/it\/wp-json\/wp\/v2\/media?parent=603"}],"curies":[{"name":"wp","href":"https:\/\/api.w.org\/{rel}","templated":true}]}}